{"id":4059,"date":"2025-12-12T21:19:53","date_gmt":"2025-12-12T20:19:53","guid":{"rendered":"https:\/\/bestlimit.pl\/?post_type=product&#038;p=4059"},"modified":"2026-01-01T11:56:51","modified_gmt":"2026-01-01T10:56:51","slug":"milwaukee-m12fpp2g2-402x-m12-fuel-zestaw","status":"publish","type":"product","link":"https:\/\/bestlimit.pl\/?product=milwaukee-m12fpp2g2-402x-m12-fuel-zestaw","title":{"rendered":"MILWAUKEE M12FPP2G2-402X M12 FUEL zestaw"},"content":{"rendered":"<div class=\"mpof_ki myre_zn myre_8v_l m389_6m_l\">\n<div class=\"mp4t_16_s mryx_16_s mr3m_1 mli2_1 mh85_56 mh85_0_l\">\n<div class=\"mgn2_16 _0d3bd_am0a-\">\n<p><b>Stan:<\/b>\u00a0nowy, oryginalnie zapakowany<\/p>\n<p><b>Producent:<\/b>\u00a0Milwaukee<\/p>\n<p><b>Symbol katalogowy:<\/b>\u00a04933480592<\/p>\n<p><b>Seria:<\/b>\u00a0M12 FUEL\u2122<\/p>\n<p>Zestaw Milwaukee M12FPP2G2-402X to kompletny pakiet dla fachowc\u00f3w i majsterkowicz\u00f3w ceni\u0105cych wysok\u0105 jako\u015b\u0107 oraz wygod\u0119 pracy. Narz\u0119dzia z linii M12 FUEL\u2122 s\u0105 lekkie, kompaktowe i jednocze\u015bnie bardzo wydajne dzi\u0119ki bezszczotkowym silnikom POWERSTATE\u2122 oraz zaawansowanej elektronice REDLINK PLUS\u2122.<\/p>\n<p><b>W sk\u0142ad zestawu wchodzi:<\/b><\/p>\n<ul>\n<li><b>Wiertarko-wkr\u0119tarka udarowa M12 FPD2<\/b><\/li>\n<li><b>Zakr\u0119tarka udarowa M12 FID2<\/b><\/li>\n<li><b>2 akumulatory M12 B4 Li-Ion 4,0 Ah<\/b><\/li>\n<li><b>\u0141adowarka C12 C<\/b><\/li>\n<li><b>Walizka HD Box<\/b>\u00a0do przechowywania i transportu ca\u0142ego zestawu<\/li>\n<\/ul>\n<p><b>Parametry techniczne:<\/b><\/p>\n<p><b>Wiertarko-wkr\u0119tarka udarowa M12 FPD2:<\/b><\/p>\n<ul>\n<li>Napi\u0119cie: 12 V<\/li>\n<li>Moment obrotowy maksymalny: 44 Nm<\/li>\n<li>Pr\u0119dko\u015b\u0107 obrotowa: 0-450 \/ 0-1700 obr.\/min<\/li>\n<li>Cz\u0119stotliwo\u015b\u0107 udaru: 0-6750 \/ 0-25500 ud.\/min<\/li>\n<li>Uchwyt wiertarski: 13 mm<\/li>\n<\/ul>\n<p><b>Zakr\u0119tarka udarowa M12 FID2:<\/b><\/p>\n<ul>\n<li>Napi\u0119cie: 12 V<\/li>\n<li>Moment obrotowy maksymalny: 147 Nm<\/li>\n<li>Pr\u0119dko\u015b\u0107 obrotowa: 0-1700 \/ 0-2900 \/ 0-3600 obr.\/min<\/li>\n<li>Cz\u0119stotliwo\u015b\u0107 udaru: 0-1300 \/ 0-3500 \/ 0-4000 ud.\/min<\/li>\n<li>Uchwyt: 1\/4&#8243; HEX<\/li>\n<\/ul>\n<p><b>Akumulatory M12 B4:<\/b><\/p>\n<ul>\n<li>Pojemno\u015b\u0107: 4,0 Ah<\/li>\n<li>Typ: Li-Ion<\/li>\n<li>System: M12 \u2013 kompatybilne z ca\u0142\u0105 lini\u0105 narz\u0119dzi Milwaukee M12<\/li>\n<\/ul>\n<p><b>Najwa\u017cniejsze zalety:<\/b><\/p>\n<ul>\n<li>Kompaktowa konstrukcja \u2013 idealna do pracy w trudno dost\u0119pnych miejscach.<\/li>\n<li>Silniki bezszczotkowe\u00a0<b>POWERSTATE\u2122<\/b>\u00a0\u2013 wi\u0119ksza moc, trwa\u0142o\u015b\u0107 i wydajno\u015b\u0107.<\/li>\n<li>Elektronika\u00a0<b>REDLINK PLUS\u2122<\/b>\u00a0\u2013 ochrona przed przeci\u0105\u017ceniem i przegrzaniem.<\/li>\n<li>Akumulatory\u00a0<b>REDLITHIUM\u2122<\/b>\u00a0\u2013 d\u0142u\u017cszy czas pracy na jednym \u0142adowaniu.<\/li>\n<li>Profesjonalny zestaw gotowy do pracy \u2013 dwa narz\u0119dzia, dwa akumulatory, \u0142adowarka i walizka.<\/li>\n<\/ul>\n<\/div>\n<\/div>\n<\/div>\n<div class=\"mpof_ki myre_zn myre_8v_l m389_6m_l\">\n<div class=\"mp4t_16_s mryx_16_s mr3m_1 mli2_1 mh85_56 mh85_0_l\">\n<div class=\"mg9e_8 mj7a_8 mg9e_0_s mvrt_0_s mj7a_0_s mh36_0_s mzmg_6m munh_16_l m3h2_16_l\">\n<div class=\"mp4t_0 mryx_0 munh_56 m3h2_56\">\n<div class=\"mp7g_oh\"><button class=\"mg9e_0 mvrt_0 mj7a_0 mh36_0 mp4t_0 m3h2_0 mryx_0 munh_0 mqen_m6 mpof_z0 mx7m_0 m7er_k4 mse2_k4 msts_pt\" data-analytics-interaction=\"true\" data-analytics-interaction-label=\"zoomable-image-open\" aria-disabled=\"true\"><img decoding=\"async\" class=\"msub_k4 mupj_5k mjru_k4 mse2_k4 mp7g_f6 mq1m_0 mj7u_0 m7er_k4 mqen_m6 m31c_d8 m0ux_fp lazyloaded\" src=\"https:\/\/a.allegroimg.com\/original\/11b35b\/cec507494d878eb8351cd61b402d\/MILWAUKEE-M12FPP2G2-402X-M12-FUEL-zestaw\" sizes=\"100vw\" srcset=\"https:\/\/a.allegroimg.com\/s360\/11b35b\/cec507494d878eb8351cd61b402d\/MILWAUKEE-M12FPP2G2-402X-M12-FUEL-zestaw 360w,https:\/\/a.allegroimg.com\/s720\/11b35b\/cec507494d878eb8351cd61b402d\/MILWAUKEE-M12FPP2G2-402X-M12-FUEL-zestaw 650w,https:\/\/a.allegroimg.com\/original\/11b35b\/cec507494d878eb8351cd61b402d\/MILWAUKEE-M12FPP2G2-402X-M12-FUEL-zestaw 650w\" alt=\"MILWAUKEE M12FPP2G2-402X M12 FUEL zestaw\" width=\"650px\" data-srcset=\"\" \/><\/button><\/div>\n<\/div>\n<\/div>\n<\/div>\n<\/div>\n","protected":false},"excerpt":{"rendered":"<p>Stan:\u00a0nowy, oryginalnie zapakowany Producent:\u00a0Milwaukee Symbol katalogowy:\u00a04933480592 Seria:\u00a0M12 FUEL\u2122 Zestaw Milwaukee M12FPP2G2-402X to kompletny pakiet dla fachowc\u00f3w i majsterkowicz\u00f3w ceni\u0105cych wysok\u0105 jako\u015b\u0107 oraz wygod\u0119 pracy. Narz\u0119dzia z linii M12 FUEL\u2122 s\u0105<\/p>\n","protected":false},"featured_media":4060,"comment_status":"open","ping_status":"closed","template":"","meta":[],"product_cat":[81],"product_tag":[],"class_list":{"0":"post-4059","1":"product","2":"type-product","3":"status-publish","4":"has-post-thumbnail","6":"product_brand-milwaukee","7":"product_cat-elektronarzedzia","9":"first","10":"instock","11":"sale","12":"shipping-taxable","13":"purchasable","14":"product-type-simple"},"aioseo_notices":[],"_links":{"self":[{"href":"https:\/\/bestlimit.pl\/index.php?rest_route=\/wp\/v2\/product\/4059","targetHints":{"allow":["GET"]}}],"collection":[{"href":"https:\/\/bestlimit.pl\/index.php?rest_route=\/wp\/v2\/product"}],"about":[{"href":"https:\/\/bestlimit.pl\/index.php?rest_route=\/wp\/v2\/types\/product"}],"replies":[{"embeddable":true,"href":"https:\/\/bestlimit.pl\/index.php?rest_route=%2Fwp%2Fv2%2Fcomments&post=4059"}],"version-history":[{"count":1,"href":"https:\/\/bestlimit.pl\/index.php?rest_route=\/wp\/v2\/product\/4059\/revisions"}],"predecessor-version":[{"id":4061,"href":"https:\/\/bestlimit.pl\/index.php?rest_route=\/wp\/v2\/product\/4059\/revisions\/4061"}],"wp:featuredmedia":[{"embeddable":true,"href":"https:\/\/bestlimit.pl\/index.php?rest_route=\/wp\/v2\/media\/4060"}],"wp:attachment":[{"href":"https:\/\/bestlimit.pl\/index.php?rest_route=%2Fwp%2Fv2%2Fmedia&parent=4059"}],"wp:term":[{"taxonomy":"product_cat","embeddable":true,"href":"https:\/\/bestlimit.pl\/index.php?rest_route=%2Fwp%2Fv2%2Fproduct_cat&post=4059"},{"taxonomy":"product_tag","embeddable":true,"href":"https:\/\/bestlimit.pl\/index.php?rest_route=%2Fwp%2Fv2%2Fproduct_tag&post=4059"}],"curies":[{"name":"wp","href":"https:\/\/api.w.org\/{rel}","templated":true}]}}