{"id":4056,"date":"2025-12-12T21:16:43","date_gmt":"2025-12-12T20:16:43","guid":{"rendered":"https:\/\/bestlimit.pl\/?post_type=product&#038;p=4056"},"modified":"2025-12-12T21:18:09","modified_gmt":"2025-12-12T20:18:09","slug":"wkretarka-milwaukee-zasilanie-akumulatorowe-12-v-4933479869","status":"publish","type":"product","link":"https:\/\/bestlimit.pl\/?product=wkretarka-milwaukee-zasilanie-akumulatorowe-12-v-4933479869","title":{"rendered":"Wkr\u0119tarka Milwaukee zasilanie akumulatorowe 12 V 4933479869"},"content":{"rendered":"<div class=\"mpof_ki myre_zn myre_8v_l m389_6m_l\">\n<div class=\"mp4t_16_s mryx_16_s mr3m_1 mli2_1 mh85_56 mh85_0_l\">\n<div class=\"mgn2_16 _0d3bd_am0a-\">\n<ul>\n<li>Niezwykle kompaktowa konstrukcja o d\u0142ugo\u015bci 152 mm zapewniaj\u0105ca dost\u0119p do ciasnych przestrzeni<\/li>\n<li>45 Nm momentu obrotowego &#8211; doskona\u0142y stosunek mocy do rozmiaru<\/li>\n<li>13 mm metalowy uchwyt do szybkiej wymiany i mocowania bit\u00f3w<\/li>\n<li>Sprz\u0119g\u0142o mechaniczne z 13 ustawieniami momentu obrotowego, plus 1 do wiercenia z zablokowanym sprz\u0119g\u0142em i 1 do wiercenia z udarem z zablokowanym sprz\u0119g\u0142em<\/li>\n<li>Wska\u017anik poziomu na\u0142adowania akumulatora, metalowy zaczep do paska i lampka LED<\/li>\n<\/ul>\n<p><b>Dane techniczne:<\/b><\/p>\n<ul>\n<li><b>Wersja wyposa\u017cenia:<\/b>\u00a0Zestaw &#8211; dostarczany z akumulatorem i \u0142adowark\u0105<\/li>\n<li><b>System:<\/b>\u00a0M12<\/li>\n<li><b>Silnik:<\/b>\u00a0Bezszczotkowy<\/li>\n<li><b>Udar:<\/b>\u00a0Tak<\/li>\n<li><b>Maksymalny moment obrotowy:<\/b>\u00a045Nm<\/li>\n<li><b>Uchwyt narz\u0119dzia:<\/b>\u00a013mm<\/li>\n<li><b>Maksymalna \u015brednica wiercenia w murze:<\/b>\u00a013mm<\/li>\n<li><b>Maksymalna \u015brednica wiercenia w stali:<\/b>\u00a013mm<\/li>\n<li><b>Maksymalna \u015brednica wiercenia w drewnie:<\/b>\u00a035mm<\/li>\n<li><b>Pr\u0119dko\u015b\u0107 na 1 biegu:<\/b>\u00a00 &#8211; 450 obr\/min<\/li>\n<li><b>Pr\u0119dko\u015b\u0107 na 2 biegu:<\/b>\u00a00 &#8211; 1550 obr\/min<\/li>\n<\/ul>\n<\/div>\n<\/div>\n<div class=\"mp4t_16_s mryx_16_s mr3m_1 mli2_1 mh85_56 mh85_0_l\">\n<div class=\"mg9e_8 mj7a_8 mg9e_0_s mvrt_0_s mj7a_0_s mh36_0_s mzmg_6m munh_16_l m3h2_16_l\">\n<div class=\"mp4t_0 mryx_0 munh_56 m3h2_56\">\n<div class=\"mp7g_oh\"><button class=\"mg9e_0 mvrt_0 mj7a_0 mh36_0 mp4t_0 m3h2_0 mryx_0 munh_0 mqen_m6 mpof_z0 mx7m_0 m7er_k4 mse2_k4 msts_pt\" data-analytics-interaction=\"true\" data-analytics-interaction-label=\"zoomable-image-open\" aria-disabled=\"true\"><img decoding=\"async\" class=\"msub_k4 mupj_5k mjru_k4 mse2_k4 mp7g_f6 mq1m_0 mj7u_0 m7er_k4 mqen_m6 m31c_d8 m0ux_fp lazyloaded\" src=\"https:\/\/a.allegroimg.com\/original\/11f33f\/92ef69e740b9b59fb3ea496a0620\/Wkretarka-Milwaukee-zasilanie-akumulatorowe-12-V-4933479869-EAN-GTIN-4058546376635\" sizes=\"(min-width: 1200px) 560px, (min-width: 992px) 50vw, 100vw\" srcset=\"https:\/\/a.allegroimg.com\/s360\/11f33f\/92ef69e740b9b59fb3ea496a0620\/Wkretarka-Milwaukee-zasilanie-akumulatorowe-12-V-4933479869-EAN-GTIN-4058546376635 360w,https:\/\/a.allegroimg.com\/s720\/11f33f\/92ef69e740b9b59fb3ea496a0620\/Wkretarka-Milwaukee-zasilanie-akumulatorowe-12-V-4933479869-EAN-GTIN-4058546376635 720w,https:\/\/a.allegroimg.com\/s1024\/11f33f\/92ef69e740b9b59fb3ea496a0620\/Wkretarka-Milwaukee-zasilanie-akumulatorowe-12-V-4933479869-EAN-GTIN-4058546376635 1000w,https:\/\/a.allegroimg.com\/original\/11f33f\/92ef69e740b9b59fb3ea496a0620\/Wkretarka-Milwaukee-zasilanie-akumulatorowe-12-V-4933479869-EAN-GTIN-4058546376635 1000w\" alt=\"Wkr\u0119tarka Milwaukee zasilanie akumulatorowe 12 V 4933479869 EAN (GTIN) 4058546376635\" width=\"1000px\" data-srcset=\"\" \/><\/button><\/div>\n<\/div>\n<\/div>\n<\/div>\n<\/div>\n<div class=\"mpof_ki myre_zn myre_8v_l m389_6m_l\">\n<div class=\"mp4t_16_s mryx_16_s mr3m_1 mli2_1 mh85_56 mh85_0_l\">\n<div class=\"mg9e_8 mj7a_8 mg9e_0_s mvrt_0_s mj7a_0_s mh36_0_s mzmg_6m munh_16_l m3h2_16_l\">\n<div class=\"mp4t_0 mryx_0 munh_56 m3h2_56\">\n<div class=\"mp7g_oh\"><button class=\"mg9e_0 mvrt_0 mj7a_0 mh36_0 mp4t_0 m3h2_0 mryx_0 munh_0 mqen_m6 mpof_z0 mx7m_0 m7er_k4 mse2_k4 msts_pt\" data-analytics-interaction=\"true\" data-analytics-interaction-label=\"zoomable-image-open\" aria-disabled=\"true\"><img decoding=\"async\" class=\"msub_k4 mupj_5k mjru_k4 mse2_k4 mp7g_f6 mq1m_0 mj7u_0 m7er_k4 mqen_m6 m31c_d8 m0ux_fp lazyloaded\" src=\"https:\/\/a.allegroimg.com\/original\/11cf09\/0e6bf88e4fad97907f89b0732dcf\/Wkretarka-Milwaukee-zasilanie-akumulatorowe-12-V-4933479869-Kod-producenta-4933479869\" sizes=\"(min-width: 1200px) 560px, (min-width: 992px) 50vw, 100vw\" srcset=\"https:\/\/a.allegroimg.com\/s360\/11cf09\/0e6bf88e4fad97907f89b0732dcf\/Wkretarka-Milwaukee-zasilanie-akumulatorowe-12-V-4933479869-Kod-producenta-4933479869 360w,https:\/\/a.allegroimg.com\/s720\/11cf09\/0e6bf88e4fad97907f89b0732dcf\/Wkretarka-Milwaukee-zasilanie-akumulatorowe-12-V-4933479869-Kod-producenta-4933479869 551w,https:\/\/a.allegroimg.com\/original\/11cf09\/0e6bf88e4fad97907f89b0732dcf\/Wkretarka-Milwaukee-zasilanie-akumulatorowe-12-V-4933479869-Kod-producenta-4933479869 551w\" alt=\"Wkr\u0119tarka Milwaukee zasilanie akumulatorowe 12 V 4933479869 Kod producenta 4933479869\" width=\"551px\" data-srcset=\"\" \/><\/button><\/div>\n<\/div>\n<\/div>\n<\/div>\n<div class=\"mp4t_16_s mryx_16_s mr3m_1 mli2_1 mh85_56 mh85_0_l\">\n<div class=\"mgn2_16 _0d3bd_am0a-\">\n<p><b>Cechy Akumulator Bateria 4.0 Ah Milwaukee M12 B4:<\/b><\/p>\n<ul>\n<li>Ochrona przed przeci\u0105\u017ceniem: Chroni u\u017cytkownika przed uszkodzeniem bezprzewodowego elektronarz\u0119dzia w niew\u0142a\u015bciwych sytuacjach<\/li>\n<li>System zarz\u0105dzania temperatury &#8211; Utrzymuje akumulator w idealnej temperaturze, aby zapewni\u0107 maksymaln\u0105 \u017cywotno\u015b\u0107<\/li>\n<li>Indywidualne monitorowanie cel &#8211; zapewnia optymalne \u0142adowanie i wy\u0142adowanie dla maksymalnej \u017cywotno\u015bci<\/li>\n<li>Ochrona roz\u0142adowania &#8211; chroni ogniwa przed nadmiernym roz\u0142adowaniem<\/li>\n<li>Do 2X wi\u0119cej czasu pracy*, o 20% wi\u0119ksza si\u0142a*, do 2X wi\u0119cej \u0142adowa\u0144*<\/li>\n<li>* W por\u00f3wnaniu do innych technologii litowo-jonowych i \/ lub poprzednich akumulator\u00f3w Milwaukee\u00ae. Wynik zale\u017cy od napi\u0119cia, maszyny i zastosowania.<\/li>\n<li>Zintegrowane ramy spawane<\/li>\n<li>Separacja ogniwa<\/li>\n<li>Ochronna przed udarami i wibracjami pow\u0142oka gumowa<\/li>\n<\/ul>\n<\/div>\n<\/div>\n<\/div>\n<div class=\"mpof_ki myre_zn myre_8v_l m389_6m_l\">\n<div class=\"mp4t_16_s mryx_16_s mr3m_1 mli2_1 mh85_56 mh85_0_l\">\n<div class=\"mgn2_16 _0d3bd_am0a-\">\n<p><b>Cechy\u00a0\u0141adowarka M12 Milwaukee M12 C12C:<\/b><\/p>\n<ul>\n<li>Elektronika zabezpieczenia temperaturowego optymalizuje tempo \u0142adowania w skrajnych temperaturach, w celu przed\u0142u\u017cenia trwa\u0142o\u015bci akumulatora<\/li>\n<li>Zahermetyzowana p\u0142ytka drukowana chroni elektronik\u0119 przed kurzem, wilgoci\u0105 i uderzeniami<\/li>\n<li>Stopniowe wskazanie na\u0142adowania: dioda akumulatora zapala si\u0119 stopniowo, informuj\u0105c w ten spos\u00f3b o aktualnym poziomie na\u0142adowania zestawu akumulatorowego<\/li>\n<li>Akumulatory REDLITHIUM-ION\u2122 3,0 Ah \/ 4,0 Ah \u0142aduj\u0105 si\u0119 w ci\u0105gu 60 \/ 80 min. lub mniej<\/li>\n<li>Akumulatory REDLITHIUM-ION\u2122 1,5 Ah \/ 2,0 Ah \u0142aduj\u0105 si\u0119 w ci\u0105gu 30 \/ 40 min. lub mniej<\/li>\n<\/ul>\n<\/div>\n<\/div>\n<div class=\"mp4t_16_s mryx_16_s mr3m_1 mli2_1 mh85_56 mh85_0_l\">\n<div class=\"mg9e_8 mj7a_8 mg9e_0_s mvrt_0_s mj7a_0_s mh36_0_s mzmg_6m munh_16_l m3h2_16_l\">\n<div class=\"mp4t_0 mryx_0 munh_56 m3h2_56\">\n<div class=\"mp7g_oh\"><button class=\"mg9e_0 mvrt_0 mj7a_0 mh36_0 mp4t_0 m3h2_0 mryx_0 munh_0 mqen_m6 mpof_z0 mx7m_0 m7er_k4 mse2_k4 msts_pt\" data-analytics-interaction=\"true\" data-analytics-interaction-label=\"zoomable-image-open\" aria-disabled=\"true\"><img decoding=\"async\" class=\"msub_k4 mupj_5k mjru_k4 mse2_k4 mp7g_f6 mq1m_0 mj7u_0 m7er_k4 mqen_m6 m31c_d8 m0ux_fp lazyloaded\" src=\"https:\/\/a.allegroimg.com\/original\/11fb8c\/67ba3a9a4ef881ab7d65beff5ce1\/Wkretarka-Milwaukee-zasilanie-akumulatorowe-12-V-4933479869-Marka-Milwaukee\" sizes=\"(min-width: 1200px) 560px, (min-width: 992px) 50vw, 100vw\" srcset=\"https:\/\/a.allegroimg.com\/s360\/11fb8c\/67ba3a9a4ef881ab7d65beff5ce1\/Wkretarka-Milwaukee-zasilanie-akumulatorowe-12-V-4933479869-Marka-Milwaukee 360w,https:\/\/a.allegroimg.com\/s720\/11fb8c\/67ba3a9a4ef881ab7d65beff5ce1\/Wkretarka-Milwaukee-zasilanie-akumulatorowe-12-V-4933479869-Marka-Milwaukee 600w,https:\/\/a.allegroimg.com\/original\/11fb8c\/67ba3a9a4ef881ab7d65beff5ce1\/Wkretarka-Milwaukee-zasilanie-akumulatorowe-12-V-4933479869-Marka-Milwaukee 600w\" alt=\"Wkr\u0119tarka Milwaukee zasilanie akumulatorowe 12 V 4933479869 Marka Milwaukee\" width=\"600px\" data-srcset=\"\" \/><\/button><\/div>\n<\/div>\n<\/div>\n<\/div>\n<\/div>\n<div class=\"mpof_ki myre_zn myre_8v_l m389_6m_l\">\n<div class=\"mp4t_16_s mryx_16_s mr3m_1 mli2_1 mh85_56 mh85_0_l\">\n<div class=\"mg9e_8 mj7a_8 mg9e_0_s mvrt_0_s mj7a_0_s mh36_0_s mzmg_6m munh_16_l m3h2_16_l\">\n<div class=\"mp4t_0 mryx_0 munh_56 m3h2_56\">\n<div class=\"mp7g_oh\"><button class=\"mg9e_0 mvrt_0 mj7a_0 mh36_0 mp4t_0 m3h2_0 mryx_0 munh_0 mqen_m6 mpof_z0 mx7m_0 m7er_k4 mse2_k4 msts_pt\" data-analytics-interaction=\"true\" data-analytics-interaction-label=\"zoomable-image-open\" aria-disabled=\"true\"><img decoding=\"async\" class=\"msub_k4 mupj_5k mjru_k4 mse2_k4 mp7g_f6 mq1m_0 mj7u_0 m7er_k4 mqen_m6 m31c_d8 m0ux_fp lazyloaded\" src=\"https:\/\/a.allegroimg.com\/original\/112802\/904b48e24fdb8ed76ae955793de3\/Wkretarka-Milwaukee-zasilanie-akumulatorowe-12-V-4933479869\" sizes=\"(min-width: 1200px) 560px, (min-width: 992px) 50vw, 100vw\" srcset=\"https:\/\/a.allegroimg.com\/s360\/112802\/904b48e24fdb8ed76ae955793de3\/Wkretarka-Milwaukee-zasilanie-akumulatorowe-12-V-4933479869 360w,https:\/\/a.allegroimg.com\/s720\/112802\/904b48e24fdb8ed76ae955793de3\/Wkretarka-Milwaukee-zasilanie-akumulatorowe-12-V-4933479869 720w,https:\/\/a.allegroimg.com\/s1024\/112802\/904b48e24fdb8ed76ae955793de3\/Wkretarka-Milwaukee-zasilanie-akumulatorowe-12-V-4933479869 1024w,https:\/\/a.allegroimg.com\/s1440\/112802\/904b48e24fdb8ed76ae955793de3\/Wkretarka-Milwaukee-zasilanie-akumulatorowe-12-V-4933479869 1440w,https:\/\/a.allegroimg.com\/original\/112802\/904b48e24fdb8ed76ae955793de3\/Wkretarka-Milwaukee-zasilanie-akumulatorowe-12-V-4933479869 2000w\" alt=\"Wkr\u0119tarka Milwaukee zasilanie akumulatorowe 12 V 4933479869\" width=\"2000px\" data-srcset=\"\" \/><\/button><\/div>\n<\/div>\n<\/div>\n<\/div>\n<div class=\"mp4t_16_s mryx_16_s mr3m_1 mli2_1 mh85_56 mh85_0_l\">\n<div class=\"mgn2_16 _0d3bd_am0a-\">\n<p><b>Zestaw zawiera:<\/b><\/p>\n<p>1 x\u00a0Wiertarko-wkr\u0119tarka udarowa M12 FPD2<\/p>\n<p>2 x\u00a0Cechy\u00a0Akumulator Bateria 4.0 Ah Milwaukee M12 B4<\/p>\n<p>1 x\u00a0\u0141adowarka M12 Milwaukee M12 C12C<\/p>\n<p>1 x Walizka HD-Box<\/p>\n<\/div>\n<\/div>\n<\/div>\n","protected":false},"excerpt":{"rendered":"<p>Niezwykle kompaktowa konstrukcja o d\u0142ugo\u015bci 152 mm zapewniaj\u0105ca dost\u0119p do ciasnych przestrzeni 45 Nm momentu obrotowego &#8211; doskona\u0142y stosunek mocy do rozmiaru 13 mm metalowy uchwyt do szybkiej wymiany i<\/p>\n","protected":false},"featured_media":4058,"comment_status":"open","ping_status":"closed","template":"","meta":[],"product_cat":[81],"product_tag":[],"class_list":{"0":"post-4056","1":"product","2":"type-product","3":"status-publish","4":"has-post-thumbnail","6":"product_brand-milwaukee","7":"product_cat-elektronarzedzia","9":"first","10":"instock","11":"sale","12":"shipping-taxable","13":"purchasable","14":"product-type-simple"},"aioseo_notices":[],"_links":{"self":[{"href":"https:\/\/bestlimit.pl\/index.php?rest_route=\/wp\/v2\/product\/4056","targetHints":{"allow":["GET"]}}],"collection":[{"href":"https:\/\/bestlimit.pl\/index.php?rest_route=\/wp\/v2\/product"}],"about":[{"href":"https:\/\/bestlimit.pl\/index.php?rest_route=\/wp\/v2\/types\/product"}],"replies":[{"embeddable":true,"href":"https:\/\/bestlimit.pl\/index.php?rest_route=%2Fwp%2Fv2%2Fcomments&post=4056"}],"version-history":[{"count":1,"href":"https:\/\/bestlimit.pl\/index.php?rest_route=\/wp\/v2\/product\/4056\/revisions"}],"predecessor-version":[{"id":4057,"href":"https:\/\/bestlimit.pl\/index.php?rest_route=\/wp\/v2\/product\/4056\/revisions\/4057"}],"wp:featuredmedia":[{"embeddable":true,"href":"https:\/\/bestlimit.pl\/index.php?rest_route=\/wp\/v2\/media\/4058"}],"wp:attachment":[{"href":"https:\/\/bestlimit.pl\/index.php?rest_route=%2Fwp%2Fv2%2Fmedia&parent=4056"}],"wp:term":[{"taxonomy":"product_cat","embeddable":true,"href":"https:\/\/bestlimit.pl\/index.php?rest_route=%2Fwp%2Fv2%2Fproduct_cat&post=4056"},{"taxonomy":"product_tag","embeddable":true,"href":"https:\/\/bestlimit.pl\/index.php?rest_route=%2Fwp%2Fv2%2Fproduct_tag&post=4056"}],"curies":[{"name":"wp","href":"https:\/\/api.w.org\/{rel}","templated":true}]}}