{"id":4053,"date":"2025-12-12T21:13:24","date_gmt":"2025-12-12T20:13:24","guid":{"rendered":"https:\/\/bestlimit.pl\/?post_type=product&#038;p=4053"},"modified":"2025-12-12T21:28:46","modified_gmt":"2025-12-12T20:28:46","slug":"milwaukee-m18-blhx-0x-18-pelny-zestaw-mlotowiertarka-akumulator-ladowarka","status":"publish","type":"product","link":"https:\/\/bestlimit.pl\/?product=milwaukee-m18-blhx-0x-18-pelny-zestaw-mlotowiertarka-akumulator-ladowarka","title":{"rendered":"Milwaukee M18 BLHX-0X 18 pe\u0142ny zestaw m\u0142otowiertarka +akumulator \u0142adowarka"},"content":{"rendered":"<div class=\"mpof_ki myre_zn myre_8v_l m389_6m_l\">\n<div class=\"mp4t_16_s mryx_16_s mr3m_1 mli2_1 mh85_56 mh85_0_l\">\n<div class=\"mg9e_8 mj7a_8 mg9e_0_s mvrt_0_s mj7a_0_s mh36_0_s mzmg_6m munh_16_l m3h2_16_l\">\n<div class=\"mp4t_0 mryx_0 munh_56 m3h2_56\">\n<div class=\"mp7g_oh\"><button class=\"mg9e_0 mvrt_0 mj7a_0 mh36_0 mp4t_0 m3h2_0 mryx_0 munh_0 mqen_m6 mpof_z0 mx7m_0 m7er_k4 mse2_k4 msts_pt\" data-analytics-interaction=\"true\" data-analytics-interaction-label=\"zoomable-image-open\" aria-disabled=\"true\"><img decoding=\"async\" class=\"msub_k4 mupj_5k mjru_k4 mse2_k4 mp7g_f6 mq1m_0 mj7u_0 m7er_k4 mqen_m6 m31c_d8 m0ux_fp lazyloaded\" src=\"https:\/\/a.allegroimg.com\/original\/118d07\/f411d04644f2b352de491b4ea474\/Milwaukee-M18-BLHX-0X-18-pelny-zestaw-mlotowiertarka-akumulator-ladowarka\" sizes=\"(min-width: 1200px) 560px, (min-width: 992px) 50vw, 100vw\" srcset=\"https:\/\/a.allegroimg.com\/s360\/118d07\/f411d04644f2b352de491b4ea474\/Milwaukee-M18-BLHX-0X-18-pelny-zestaw-mlotowiertarka-akumulator-ladowarka 360w,https:\/\/a.allegroimg.com\/s720\/118d07\/f411d04644f2b352de491b4ea474\/Milwaukee-M18-BLHX-0X-18-pelny-zestaw-mlotowiertarka-akumulator-ladowarka 720w,https:\/\/a.allegroimg.com\/s1024\/118d07\/f411d04644f2b352de491b4ea474\/Milwaukee-M18-BLHX-0X-18-pelny-zestaw-mlotowiertarka-akumulator-ladowarka 1024w,https:\/\/a.allegroimg.com\/s1440\/118d07\/f411d04644f2b352de491b4ea474\/Milwaukee-M18-BLHX-0X-18-pelny-zestaw-mlotowiertarka-akumulator-ladowarka 1440w,https:\/\/a.allegroimg.com\/original\/118d07\/f411d04644f2b352de491b4ea474\/Milwaukee-M18-BLHX-0X-18-pelny-zestaw-mlotowiertarka-akumulator-ladowarka 2000w\" alt=\"Milwaukee M18 BLHX-0X 18 pe\u0142ny zestaw m\u0142otowiertarka +akumulator \u0142adowarka\" width=\"2000px\" data-srcset=\"\" \/><\/button><\/div>\n<\/div>\n<\/div>\n<\/div>\n<div class=\"mp4t_16_s mryx_16_s mr3m_1 mli2_1 mh85_56 mh85_0_l\">\n<div class=\"mgn2_16 _0d3bd_am0a-\">\n<p>Na sprzeda\u017c\u00a0<b>kompletny, profesjonalny zestaw narz\u0119dzi akumulatorowych Milwaukee M18<\/b>, idealny dla firm monta\u017cowych, budowlanych, warsztat\u00f3w oraz wymagaj\u0105cych u\u017cytkownik\u00f3w.<\/p>\n<p>Zestaw zawiera:<\/p>\n<ul>\n<li><b>M\u0142otowiertarka SDS+ Milwaukee M18 BLHX<\/b><\/li>\n<li><b>Wkr\u0119tarka\/udarowa Milwaukee M18 BLPDRC<\/b><\/li>\n<li><b>Wyrzynarka akumulatorowa Milwaukee M18 BJS<\/b><\/li>\n<li><b>Milwaukee IPL-LED \u2013 latarka 100 lm<\/b><\/li>\n<li><b>Zestaw bit\u00f3w Milwaukee SHOCKWAVE 38 szt.<\/b><\/li>\n<li><b>Zestaw wierte\u0142 SDS+ Milwaukee M2 \u2013 7 szt.<\/b><\/li>\n<li><b>Zestaw brzeszczot\u00f3w do wyrzynarki \u2013 35 szt.<\/b><\/li>\n<li><b>Akumulator M18 B4 (4.0 Ah)<\/b><\/li>\n<li><b>Akumulator M18 B2 (2.0 Ah)<\/b><\/li>\n<li><b>\u0141adowarka M12\/M18<\/b><\/li>\n<li><b>Walizki \/ HD-BOX<\/b><\/li>\n<li><b>Akcesoria fabryczne (uchwyty, stopki, sanki, wiert\u0142a, baterie do latarki, instrukcja)<\/b><\/li>\n<\/ul>\n<p>Wszystko gotowe do pracy od razu po rozpakowaniu.<\/p>\n<\/div>\n<\/div>\n<\/div>\n<div class=\"mpof_ki myre_zn myre_8v_l m389_6m_l\">\n<div class=\"mp4t_16_s mryx_16_s mr3m_1 mli2_1 mh85_56 mh85_0_l\">\n<div class=\"mgn2_16 _0d3bd_am0a-\">\n<h1>1. Milwaukee M18 BLHX \u2013 M\u0142otowiertarka SDS-Plus 18V<\/h1>\n<p><b>Cechy:<\/b><\/p>\n<ul>\n<li>Silnik bezszczotkowy, udar\u00a0<b>2,3 J<\/b><\/li>\n<li>Kompaktowa, ergonomiczna konstrukcja<\/li>\n<li>System FIXTEC \u2013 szybka wymiana SDS+ \/ uchwyt 13 mm<\/li>\n<li>Ca\u0142ometalowa obudowa przek\u0142adni \u2013 bardzo wysoka trwa\u0142o\u015b\u0107<\/li>\n<li>4 tryby: wiercenie z udarem, wiercenie, podkuwanie, Variolock<\/li>\n<li>Uchwyt boczny z redukcj\u0105 drga\u0144<\/li>\n<li>Kompatybilna z odsysaniem M18 CDEX<\/li>\n<li>Wsp\u00f3\u0142praca REDLINK, REDLITHIUM, PowerState \u2013 maksymalna \u017cywotno\u015b\u0107<\/li>\n<\/ul>\n<p><b>Dane techniczne:<\/b><\/p>\n<ul>\n<li>Pr\u0119dko\u015b\u0107: 0\u20131400 obr.\/min<\/li>\n<li>Udar: 0\u20134900 ud.\/min<\/li>\n<li>Energia udaru: 2.3 J<\/li>\n<li>Wiercenie w betonie: 26 mm<\/li>\n<li>Wiercenie w drewnie: 26 mm<\/li>\n<li>Wiercenie w stali: 13 mm<\/li>\n<li>Waga: 2,8 kg<\/li>\n<li>Wibracje wiercenie: 8,9 m\/s\u00b2<\/li>\n<li>Wibracje podkuwanie: 9,5 m\/s\u00b2<\/li>\n<\/ul>\n<\/div>\n<\/div>\n<div class=\"mp4t_16_s mryx_16_s mr3m_1 mli2_1 mh85_56 mh85_0_l\">\n<div class=\"mg9e_8 mj7a_8 mg9e_0_s mvrt_0_s mj7a_0_s mh36_0_s mzmg_6m munh_16_l m3h2_16_l\">\n<div class=\"mp4t_0 mryx_0 munh_56 m3h2_56\">\n<div class=\"mp7g_oh\"><button class=\"mg9e_0 mvrt_0 mj7a_0 mh36_0 mp4t_0 m3h2_0 mryx_0 munh_0 mqen_m6 mpof_z0 mx7m_0 m7er_k4 mse2_k4 msts_pt\" data-analytics-interaction=\"true\" data-analytics-interaction-label=\"zoomable-image-open\" aria-disabled=\"true\"><img decoding=\"async\" class=\"msub_k4 mupj_5k mjru_k4 mse2_k4 mp7g_f6 mq1m_0 mj7u_0 m7er_k4 mqen_m6 m31c_d8 m0ux_fp lazyloaded\" src=\"https:\/\/a.allegroimg.com\/original\/11f2ea\/69d593a04d2396a1ef49c7d77d6f\/Milwaukee-M18-BLHX-0X-18-pelny-zestaw-mlotowiertarka-akumulator-ladowarka-Stan-opakowania-oryginalne\" sizes=\"(min-width: 1200px) 560px, (min-width: 992px) 50vw, 100vw\" srcset=\"https:\/\/a.allegroimg.com\/s360\/11f2ea\/69d593a04d2396a1ef49c7d77d6f\/Milwaukee-M18-BLHX-0X-18-pelny-zestaw-mlotowiertarka-akumulator-ladowarka-Stan-opakowania-oryginalne 360w,https:\/\/a.allegroimg.com\/s720\/11f2ea\/69d593a04d2396a1ef49c7d77d6f\/Milwaukee-M18-BLHX-0X-18-pelny-zestaw-mlotowiertarka-akumulator-ladowarka-Stan-opakowania-oryginalne 720w,https:\/\/a.allegroimg.com\/s1024\/11f2ea\/69d593a04d2396a1ef49c7d77d6f\/Milwaukee-M18-BLHX-0X-18-pelny-zestaw-mlotowiertarka-akumulator-ladowarka-Stan-opakowania-oryginalne 1024w,https:\/\/a.allegroimg.com\/s1440\/11f2ea\/69d593a04d2396a1ef49c7d77d6f\/Milwaukee-M18-BLHX-0X-18-pelny-zestaw-mlotowiertarka-akumulator-ladowarka-Stan-opakowania-oryginalne 1440w,https:\/\/a.allegroimg.com\/original\/11f2ea\/69d593a04d2396a1ef49c7d77d6f\/Milwaukee-M18-BLHX-0X-18-pelny-zestaw-mlotowiertarka-akumulator-ladowarka-Stan-opakowania-oryginalne 2000w\" alt=\"Milwaukee M18 BLHX-0X 18 pe\u0142ny zestaw m\u0142otowiertarka +akumulator \u0142adowarka Stan opakowania oryginalne\" width=\"2000px\" data-srcset=\"\" \/><\/button><\/div>\n<\/div>\n<\/div>\n<\/div>\n<\/div>\n<div class=\"mpof_ki myre_zn myre_8v_l m389_6m_l\">\n<div class=\"mp4t_16_s mryx_16_s mr3m_1 mli2_1 mh85_56 mh85_0_l\">\n<div class=\"mg9e_8 mj7a_8 mg9e_0_s mvrt_0_s mj7a_0_s mh36_0_s mzmg_6m munh_16_l m3h2_16_l\">\n<div class=\"mp4t_0 mryx_0 munh_56 m3h2_56\">\n<div class=\"mp7g_oh\"><button class=\"mg9e_0 mvrt_0 mj7a_0 mh36_0 mp4t_0 m3h2_0 mryx_0 munh_0 mqen_m6 mpof_z0 mx7m_0 m7er_k4 mse2_k4 msts_pt\" data-analytics-interaction=\"true\" data-analytics-interaction-label=\"zoomable-image-open\" aria-disabled=\"true\"><img decoding=\"async\" class=\"msub_k4 mupj_5k mjru_k4 mse2_k4 mp7g_f6 mq1m_0 mj7u_0 m7er_k4 mqen_m6 m31c_d8 m0ux_fp lazyloaded\" src=\"https:\/\/a.allegroimg.com\/original\/117a82\/967dae584fdca7e2785a1e2455f8\" sizes=\"(min-width: 1200px) 560px, (min-width: 992px) 50vw, 100vw\" srcset=\"https:\/\/a.allegroimg.com\/s360\/117a82\/967dae584fdca7e2785a1e2455f8 360w,https:\/\/a.allegroimg.com\/s720\/117a82\/967dae584fdca7e2785a1e2455f8 720w,https:\/\/a.allegroimg.com\/s1024\/117a82\/967dae584fdca7e2785a1e2455f8 1024w,https:\/\/a.allegroimg.com\/s1440\/117a82\/967dae584fdca7e2785a1e2455f8 1440w,https:\/\/a.allegroimg.com\/original\/117a82\/967dae584fdca7e2785a1e2455f8 2000w\" alt=\"\" width=\"2000px\" data-srcset=\"\" \/><\/button><\/div>\n<\/div>\n<\/div>\n<\/div>\n<div class=\"mp4t_16_s mryx_16_s mr3m_1 mli2_1 mh85_56 mh85_0_l\">\n<div class=\"mgn2_16 _0d3bd_am0a-\">\n<h1>2. Milwaukee M18 BLPDRC \u2013 Wkr\u0119tarka\/Udarowa 18V<\/h1>\n<p><b>Cechy:<\/b><\/p>\n<ul>\n<li>Kompaktowa (145 mm d\u0142ugo\u015bci) \u2013 idealna do ciasnych miejsc<\/li>\n<li>13 mm metalowy uchwyt<\/li>\n<li>Moment obrotowy:\u00a0<b>60,5 Nm<\/b><\/li>\n<li>Klips metalowy do paska<\/li>\n<li>Wska\u017anik na\u0142adowania i LED<\/li>\n<li>Bezszczotkowy silnik PowerState + elektronika REDLINK PLUS<\/li>\n<li>Kompatybilna ze wszystkimi akumulatorami M18<\/li>\n<\/ul>\n<p><b>Dane techniczne:<\/b><\/p>\n<ul>\n<li>bieg: 0\u2013550 obr.\/min<\/li>\n<li>bieg: 0\u20131700 obr.\/min<\/li>\n<li>Udary: 25 500\/min<\/li>\n<li>Max wiercenie:Drewno: 52 mmMauerwerk: 16 mm\n<p>Stal: 13 mm<\/li>\n<li>Waga z akumulatorem: ok. 1,5 kg<\/li>\n<\/ul>\n<\/div>\n<\/div>\n<\/div>\n<div class=\"mpof_ki myre_zn myre_8v_l m389_6m_l\">\n<div class=\"mp4t_16_s mryx_16_s mr3m_1 mli2_1 mh85_56 mh85_0_l\">\n<div class=\"mgn2_16 _0d3bd_am0a-\">\n<h1>3. Milwaukee M18 BJS \u2013 Wyrzynarka akumulatorowa<\/h1>\n<p><b>Cechy:<\/b><\/p>\n<ul>\n<li>18V, mocny 4-polowy silnik<\/li>\n<li>Elektronika REDLINK \u2013 ochrona przed przeci\u0105\u017ceniem<\/li>\n<li>4-stopniowy ruch wahad\u0142owy + neutral<\/li>\n<li>Beznarz\u0119dziowa regulacja k\u0105ta do 45\u00b0<\/li>\n<li>System FIXTEC do szybkiej wymiany brzeszczot\u00f3w<\/li>\n<li>Prowadnica i stopa ochronna dla delikatnych powierzchni<\/li>\n<li>Podmuch wi\u00f3r\u00f3w<\/li>\n<\/ul>\n<p><b>Dane techniczne:<\/b><\/p>\n<ul>\n<li>Skok: 25 mm<\/li>\n<li>Bezbieg: 0\u20132800\/min<\/li>\n<li>Ci\u0119cie:Drewno: 135 mmStal: 10 mm<\/li>\n<li>Waga z akumulatorem: 2,5 kg<\/li>\n<\/ul>\n<\/div>\n<\/div>\n<div class=\"mp4t_16_s mryx_16_s mr3m_1 mli2_1 mh85_56 mh85_0_l\">\n<div class=\"mg9e_8 mj7a_8 mg9e_0_s mvrt_0_s mj7a_0_s mh36_0_s mzmg_6m munh_16_l m3h2_16_l\">\n<div class=\"mp4t_0 mryx_0 munh_56 m3h2_56\">\n<div class=\"mp7g_oh\"><button class=\"mg9e_0 mvrt_0 mj7a_0 mh36_0 mp4t_0 m3h2_0 mryx_0 munh_0 mqen_m6 mpof_z0 mx7m_0 m7er_k4 mse2_k4 msts_pt\" data-analytics-interaction=\"true\" data-analytics-interaction-label=\"zoomable-image-open\" aria-disabled=\"true\"><img decoding=\"async\" class=\"msub_k4 mupj_5k mjru_k4 mse2_k4 mp7g_f6 mq1m_0 mj7u_0 m7er_k4 mqen_m6 m31c_d8 m0ux_fp lazyloaded\" src=\"https:\/\/a.allegroimg.com\/original\/11092d\/9f8c84ca4ae69deac71a5df8470d\" sizes=\"(min-width: 1200px) 560px, (min-width: 992px) 50vw, 100vw\" srcset=\"https:\/\/a.allegroimg.com\/s360\/11092d\/9f8c84ca4ae69deac71a5df8470d 360w,https:\/\/a.allegroimg.com\/s720\/11092d\/9f8c84ca4ae69deac71a5df8470d 720w,https:\/\/a.allegroimg.com\/s1024\/11092d\/9f8c84ca4ae69deac71a5df8470d 1024w,https:\/\/a.allegroimg.com\/s1440\/11092d\/9f8c84ca4ae69deac71a5df8470d 1440w,https:\/\/a.allegroimg.com\/original\/11092d\/9f8c84ca4ae69deac71a5df8470d 2000w\" alt=\"\" width=\"2000px\" data-srcset=\"\" \/><\/button><\/div>\n<\/div>\n<\/div>\n<\/div>\n<\/div>\n<div class=\"mpof_ki myre_zn myre_8v_l m389_6m_l\">\n<div class=\"mp4t_16_s mryx_16_s mr3m_1 mli2_1 mh85_56 mh85_0_l\">\n<div class=\"mg9e_8 mj7a_8 mg9e_0_s mvrt_0_s mj7a_0_s mh36_0_s mzmg_6m munh_16_l m3h2_16_l\">\n<div class=\"mp4t_0 mryx_0 munh_56 m3h2_56\">\n<div class=\"mp7g_oh\"><button class=\"mg9e_0 mvrt_0 mj7a_0 mh36_0 mp4t_0 m3h2_0 mryx_0 munh_0 mqen_m6 mpof_z0 mx7m_0 m7er_k4 mse2_k4 msts_pt\" data-analytics-interaction=\"true\" data-analytics-interaction-label=\"zoomable-image-open\" aria-disabled=\"true\"><img decoding=\"async\" class=\"msub_k4 mupj_5k mjru_k4 mse2_k4 mp7g_f6 mq1m_0 mj7u_0 m7er_k4 mqen_m6 m31c_d8 m0ux_fp lazyloaded\" src=\"https:\/\/a.allegroimg.com\/original\/11c61d\/2c8368ea44b2bf966a075165ae6b\" sizes=\"(min-width: 1200px) 560px, (min-width: 992px) 50vw, 100vw\" srcset=\"https:\/\/a.allegroimg.com\/s360\/11c61d\/2c8368ea44b2bf966a075165ae6b 360w,https:\/\/a.allegroimg.com\/s720\/11c61d\/2c8368ea44b2bf966a075165ae6b 720w,https:\/\/a.allegroimg.com\/s1024\/11c61d\/2c8368ea44b2bf966a075165ae6b 1024w,https:\/\/a.allegroimg.com\/s1440\/11c61d\/2c8368ea44b2bf966a075165ae6b 1440w,https:\/\/a.allegroimg.com\/original\/11c61d\/2c8368ea44b2bf966a075165ae6b 2000w\" alt=\"\" width=\"2000px\" data-srcset=\"\" \/><\/button><\/div>\n<\/div>\n<\/div>\n<\/div>\n<div class=\"mp4t_16_s mryx_16_s mr3m_1 mli2_1 mh85_56 mh85_0_l\">\n<div class=\"mgn2_16 _0d3bd_am0a-\">\n<h1>4. Milwaukee IPL-LED \u2013 Latarka LED<\/h1>\n<ul>\n<li>100 lumen\u00f3w<\/li>\n<li>Zasi\u0119g do 30 m<\/li>\n<li>Czas pracy: ok. 3,5 h<\/li>\n<li>Obudowa z aluminium lotniczego<\/li>\n<li>Wodoodporno\u015b\u0107 IP67<\/li>\n<li>Du\u017cy przycisk i klips<\/li>\n<\/ul>\n<p>&nbsp;<\/p>\n<ul>\n<li>5. Zestaw SHOCKWAVE \u2013 38 element\u00f3w<\/li>\n<li>Wysokoodporne bity do udaru<\/li>\n<li>Laserowo hartowane ko\u0144c\u00f3wki Wear Guard Tip<\/li>\n<li>Geometria Shock Zone \u2013 minimalizuje p\u0119kanie<\/li>\n<li>Specjalna stal Milwaukee<\/li>\n<li>Zestaw bit\u00f3w PH, PZ, Torx, d\u0142ugie i kr\u00f3tkie + uchwyt magnetyczny<\/li>\n<\/ul>\n<\/div>\n<\/div>\n<\/div>\n<div class=\"mpof_ki myre_zn myre_8v_l m389_6m_l\">\n<div class=\"mp4t_16_s mryx_16_s mr3m_1 mli2_1 mh85_56 mh85_0_l\">\n<div class=\"mgn2_16 _0d3bd_am0a-\">\n<h1>6. Zestaw wierte\u0142 SDS+ M2 \u2013 7 szt.<\/h1>\n<ul>\n<li>Agresywne ostrza 4-z\u0119bowe<\/li>\n<li>Nawiert punktowy \u2013 nie ucieka<\/li>\n<li>Zwi\u0119kszona odporno\u015b\u0107 na zbrojenie<\/li>\n<li>Szybsze wiercenie (do 25%)<\/li>\n<li>Wzmocniony rdze\u0144 spirali<\/li>\n<li>Idealne do m\u0142otowiertarek akumulatorowych<\/li>\n<\/ul>\n<p><b>W zestawie:<\/b><\/p>\n<p>5 \/ 6 x 110 mm oraz 5 \/ 6 \/ 7 \/ 8 \/ 10 x 160 mm<\/p>\n<\/div>\n<\/div>\n<div class=\"mp4t_16_s mryx_16_s mr3m_1 mli2_1 mh85_56 mh85_0_l\">\n<div class=\"mg9e_8 mj7a_8 mg9e_0_s mvrt_0_s mj7a_0_s mh36_0_s mzmg_6m munh_16_l m3h2_16_l\">\n<div class=\"mp4t_0 mryx_0 munh_56 m3h2_56\">\n<div class=\"mp7g_oh\"><button class=\"mg9e_0 mvrt_0 mj7a_0 mh36_0 mp4t_0 m3h2_0 mryx_0 munh_0 mqen_m6 mpof_z0 mx7m_0 m7er_k4 mse2_k4 msts_pt\" data-analytics-interaction=\"true\" data-analytics-interaction-label=\"zoomable-image-open\" aria-disabled=\"true\"><img decoding=\"async\" class=\"msub_k4 mupj_5k mjru_k4 mse2_k4 mp7g_f6 mq1m_0 mj7u_0 m7er_k4 mqen_m6 m31c_d8 m0ux_fp lazyloaded\" src=\"https:\/\/a.allegroimg.com\/original\/1150ca\/afc7c5004946b9ca507a940bc8f8\" sizes=\"(min-width: 1200px) 560px, (min-width: 992px) 50vw, 100vw\" srcset=\"https:\/\/a.allegroimg.com\/s360\/1150ca\/afc7c5004946b9ca507a940bc8f8 360w,https:\/\/a.allegroimg.com\/s720\/1150ca\/afc7c5004946b9ca507a940bc8f8 720w,https:\/\/a.allegroimg.com\/s1024\/1150ca\/afc7c5004946b9ca507a940bc8f8 1024w,https:\/\/a.allegroimg.com\/s1440\/1150ca\/afc7c5004946b9ca507a940bc8f8 1440w,https:\/\/a.allegroimg.com\/original\/1150ca\/afc7c5004946b9ca507a940bc8f8 2000w\" alt=\"\" width=\"2000px\" data-srcset=\"\" \/><\/button><\/div>\n<\/div>\n<\/div>\n<\/div>\n<\/div>\n<div class=\"mpof_ki myre_zn myre_8v_l m389_6m_l\">\n<div class=\"mp4t_16_s mryx_16_s mr3m_1 mli2_1 mh85_56 mh85_0_l\">\n<div class=\"mg9e_8 mj7a_8 mg9e_0_s mvrt_0_s mj7a_0_s mh36_0_s mzmg_6m munh_16_l m3h2_16_l\">\n<div class=\"mp4t_0 mryx_0 munh_56 m3h2_56\">\n<div class=\"mp7g_oh\"><button class=\"mg9e_0 mvrt_0 mj7a_0 mh36_0 mp4t_0 m3h2_0 mryx_0 munh_0 mqen_m6 mpof_z0 mx7m_0 m7er_k4 mse2_k4 msts_pt\" data-analytics-interaction=\"true\" data-analytics-interaction-label=\"zoomable-image-open\" aria-disabled=\"true\"><img decoding=\"async\" class=\"msub_k4 mupj_5k mjru_k4 mse2_k4 mp7g_f6 mq1m_0 mj7u_0 m7er_k4 mqen_m6 m31c_d8 m0ux_fp lazyloaded\" src=\"https:\/\/a.allegroimg.com\/original\/111212\/c9c9d45745519143f348a743aa5b\/Milwaukee-M18-BLHX-0X-18-pelny-zestaw-mlotowiertarka-akumulator-ladowarka-Zawartosc-zestawu-akumulator-ladowarka-latarka-mlotowiertarka-wkretarka-wyrzynarka\" sizes=\"(min-width: 1200px) 560px, (min-width: 992px) 50vw, 100vw\" srcset=\"https:\/\/a.allegroimg.com\/s360\/111212\/c9c9d45745519143f348a743aa5b\/Milwaukee-M18-BLHX-0X-18-pelny-zestaw-mlotowiertarka-akumulator-ladowarka-Zawartosc-zestawu-akumulator-ladowarka-latarka-mlotowiertarka-wkretarka-wyrzynarka 360w,https:\/\/a.allegroimg.com\/s720\/111212\/c9c9d45745519143f348a743aa5b\/Milwaukee-M18-BLHX-0X-18-pelny-zestaw-mlotowiertarka-akumulator-ladowarka-Zawartosc-zestawu-akumulator-ladowarka-latarka-mlotowiertarka-wkretarka-wyrzynarka 720w,https:\/\/a.allegroimg.com\/s1024\/111212\/c9c9d45745519143f348a743aa5b\/Milwaukee-M18-BLHX-0X-18-pelny-zestaw-mlotowiertarka-akumulator-ladowarka-Zawartosc-zestawu-akumulator-ladowarka-latarka-mlotowiertarka-wkretarka-wyrzynarka 1024w,https:\/\/a.allegroimg.com\/s1440\/111212\/c9c9d45745519143f348a743aa5b\/Milwaukee-M18-BLHX-0X-18-pelny-zestaw-mlotowiertarka-akumulator-ladowarka-Zawartosc-zestawu-akumulator-ladowarka-latarka-mlotowiertarka-wkretarka-wyrzynarka 1440w,https:\/\/a.allegroimg.com\/original\/111212\/c9c9d45745519143f348a743aa5b\/Milwaukee-M18-BLHX-0X-18-pelny-zestaw-mlotowiertarka-akumulator-ladowarka-Zawartosc-zestawu-akumulator-ladowarka-latarka-mlotowiertarka-wkretarka-wyrzynarka 2000w\" alt=\"Milwaukee M18 BLHX-0X 18 pe\u0142ny zestaw m\u0142otowiertarka +akumulator \u0142adowarka Zawarto\u015b\u0107 zestawu akumulator \u0142adowarka latarka m\u0142otowiertarka wkr\u0119tarka wyrzynarka\" width=\"2000px\" data-srcset=\"\" \/><\/button><\/div>\n<\/div>\n<\/div>\n<\/div>\n<div class=\"mp4t_16_s mryx_16_s mr3m_1 mli2_1 mh85_56 mh85_0_l\">\n<div class=\"mgn2_16 _0d3bd_am0a-\">\n<h1>7. Zestaw brzeszczot\u00f3w do wyrzynarki \u2013 35 szt.<\/h1>\n<p>Do drewna i metalu:<\/p>\n<ul>\n<li>7\u00d7 T144D \u2013 szybkie ci\u0119cie drewna<\/li>\n<li>7\u00d7 T101D \u2013 czyste ci\u0119cie<\/li>\n<li>7\u00d7 T101B \u2013 precyzyjne ci\u0119cie<\/li>\n<li>7\u00d7 T244D \u2013 ci\u0119cia krzywoliniowe<\/li>\n<li>7\u00d7 T118A \u2013 metal<\/li>\n<\/ul>\n<\/div>\n<\/div>\n<\/div>\n<div class=\"mpof_ki myre_zn myre_8v_l m389_6m_l\">\n<div class=\"mp4t_16_s mryx_16_s mr3m_1 mli2_1 mh85_56 mh85_0_l\">\n<div class=\"mgn2_16 _0d3bd_am0a-\">\n<h1>Akumulatory + \u0141adowarka<\/h1>\n<p><b>W zestawie:<\/b><\/p>\n<ul>\n<li><b>M18 B4 \u2013 akumulator 4.0 Ah<\/b><\/li>\n<li><b>M18 B2 \u2013 akumulator 2.0 Ah<\/b><\/li>\n<li><b>\u0141adowarka M12\/M18 C<\/b>\u00a0\u2013 szybkie \u0142adowanie<\/li>\n<\/ul>\n<\/div>\n<\/div>\n<\/div>\n<div class=\"mpof_ki myre_zn myre_8v_l m389_6m_l\">\n<div class=\"mp4t_16_s mryx_16_s mr3m_1 mli2_1 mh85_56 mh85_0_l\">\n<div class=\"mgn2_16 _0d3bd_am0a-\">\n<h1>Zawarto\u015b\u0107 zestawu (pe\u0142na lista)<\/h1>\n<ul>\n<li>M18 BLHX \u2013 m\u0142otowiertarka<\/li>\n<li>Uchwyt boczny<\/li>\n<li>Ogranicznik g\u0142\u0119boko\u015bci<\/li>\n<li>Smar FIXTEC<\/li>\n<li>Uchwyt 13 mm<\/li>\n<li>HD-BOX<\/li>\n<li>M18 BLPDRC \u2013 wkr\u0119tarka<\/li>\n<li>M18 B4 \u2013 akumulator 4 Ah<\/li>\n<li>M18 B2 \u2013 akumulator 2 Ah<\/li>\n<li>M12\/M18 \u0142adowarka<\/li>\n<li>Walizka transportowa<\/li>\n<li>M18 BJS \u2013 wyrzynarka<\/li>\n<li>Sanki + stopka + brzeszczot<\/li>\n<li>Zestaw SHOCKWAVE 38 szt.<\/li>\n<li>Latarka IPL-LED<\/li>\n<li>2\u00d7 baterie AAA<\/li>\n<li>Zestaw SDS+ M2 (7 szt.)<\/li>\n<li>Zestaw brzeszczot\u00f3w 35 szt.<\/li>\n<\/ul>\n<\/div>\n<\/div>\n<\/div>\n<div class=\"mpof_ki myre_zn myre_8v_l m389_6m_l\">\n<div class=\"mp4t_16_s mryx_16_s mr3m_1 mli2_1 mh85_56 mh85_0_l\">\n<div class=\"mg9e_8 mj7a_8 mg9e_0_s mvrt_0_s mj7a_0_s mh36_0_s mzmg_6m munh_16_l m3h2_16_l\">\n<div class=\"mp4t_0 mryx_0 munh_56 m3h2_56\">\n<div class=\"mp7g_oh\"><button class=\"mg9e_0 mvrt_0 mj7a_0 mh36_0 mp4t_0 m3h2_0 mryx_0 munh_0 mqen_m6 mpof_z0 mx7m_0 m7er_k4 mse2_k4 msts_pt\" data-analytics-interaction=\"true\" data-analytics-interaction-label=\"zoomable-image-open\" aria-disabled=\"true\"><img decoding=\"async\" class=\"msub_k4 mupj_5k mjru_k4 mse2_k4 mp7g_f6 mq1m_0 mj7u_0 m7er_k4 mqen_m6 m31c_d8 m0ux_fp lazyloaded\" src=\"https:\/\/a.allegroimg.com\/original\/118d07\/f411d04644f2b352de491b4ea474\/Milwaukee-M18-BLHX-0X-18-pelny-zestaw-mlotowiertarka-akumulator-ladowarka\" sizes=\"100vw\" srcset=\"https:\/\/a.allegroimg.com\/s360\/118d07\/f411d04644f2b352de491b4ea474\/Milwaukee-M18-BLHX-0X-18-pelny-zestaw-mlotowiertarka-akumulator-ladowarka 360w,https:\/\/a.allegroimg.com\/s720\/118d07\/f411d04644f2b352de491b4ea474\/Milwaukee-M18-BLHX-0X-18-pelny-zestaw-mlotowiertarka-akumulator-ladowarka 720w,https:\/\/a.allegroimg.com\/s1024\/118d07\/f411d04644f2b352de491b4ea474\/Milwaukee-M18-BLHX-0X-18-pelny-zestaw-mlotowiertarka-akumulator-ladowarka 1024w,https:\/\/a.allegroimg.com\/s1440\/118d07\/f411d04644f2b352de491b4ea474\/Milwaukee-M18-BLHX-0X-18-pelny-zestaw-mlotowiertarka-akumulator-ladowarka 1440w,https:\/\/a.allegroimg.com\/original\/118d07\/f411d04644f2b352de491b4ea474\/Milwaukee-M18-BLHX-0X-18-pelny-zestaw-mlotowiertarka-akumulator-ladowarka 2000w\" alt=\"Milwaukee M18 BLHX-0X 18 pe\u0142ny zestaw m\u0142otowiertarka +akumulator \u0142adowarka\" width=\"2000px\" data-srcset=\"\" \/><\/button><\/div>\n<\/div>\n<\/div>\n<\/div>\n<\/div>\n","protected":false},"excerpt":{"rendered":"<p>Na sprzeda\u017c\u00a0kompletny, profesjonalny zestaw narz\u0119dzi akumulatorowych Milwaukee M18, idealny dla firm monta\u017cowych, budowlanych, warsztat\u00f3w oraz wymagaj\u0105cych u\u017cytkownik\u00f3w. Zestaw zawiera: M\u0142otowiertarka SDS+ Milwaukee M18 BLHX Wkr\u0119tarka\/udarowa Milwaukee M18 BLPDRC Wyrzynarka akumulatorowa<\/p>\n","protected":false},"featured_media":4054,"comment_status":"open","ping_status":"closed","template":"","meta":[],"product_cat":[81],"product_tag":[],"class_list":{"0":"post-4053","1":"product","2":"type-product","3":"status-publish","4":"has-post-thumbnail","6":"product_brand-milwaukee","7":"product_cat-elektronarzedzia","9":"first","10":"instock","11":"sale","12":"shipping-taxable","13":"purchasable","14":"product-type-simple"},"aioseo_notices":[],"_links":{"self":[{"href":"https:\/\/bestlimit.pl\/index.php?rest_route=\/wp\/v2\/product\/4053","targetHints":{"allow":["GET"]}}],"collection":[{"href":"https:\/\/bestlimit.pl\/index.php?rest_route=\/wp\/v2\/product"}],"about":[{"href":"https:\/\/bestlimit.pl\/index.php?rest_route=\/wp\/v2\/types\/product"}],"replies":[{"embeddable":true,"href":"https:\/\/bestlimit.pl\/index.php?rest_route=%2Fwp%2Fv2%2Fcomments&post=4053"}],"version-history":[{"count":2,"href":"https:\/\/bestlimit.pl\/index.php?rest_route=\/wp\/v2\/product\/4053\/revisions"}],"predecessor-version":[{"id":4069,"href":"https:\/\/bestlimit.pl\/index.php?rest_route=\/wp\/v2\/product\/4053\/revisions\/4069"}],"wp:featuredmedia":[{"embeddable":true,"href":"https:\/\/bestlimit.pl\/index.php?rest_route=\/wp\/v2\/media\/4054"}],"wp:attachment":[{"href":"https:\/\/bestlimit.pl\/index.php?rest_route=%2Fwp%2Fv2%2Fmedia&parent=4053"}],"wp:term":[{"taxonomy":"product_cat","embeddable":true,"href":"https:\/\/bestlimit.pl\/index.php?rest_route=%2Fwp%2Fv2%2Fproduct_cat&post=4053"},{"taxonomy":"product_tag","embeddable":true,"href":"https:\/\/bestlimit.pl\/index.php?rest_route=%2Fwp%2Fv2%2Fproduct_tag&post=4053"}],"curies":[{"name":"wp","href":"https:\/\/api.w.org\/{rel}","templated":true}]}}