{"id":4050,"date":"2025-12-12T21:11:29","date_gmt":"2025-12-12T20:11:29","guid":{"rendered":"https:\/\/bestlimit.pl\/?post_type=product&#038;p=4050"},"modified":"2025-12-12T21:11:29","modified_gmt":"2025-12-12T20:11:29","slug":"zestaw-milwaukee-kpl-bitow-ph-pz-tx-hex-38el-4932492009","status":"publish","type":"product","link":"https:\/\/bestlimit.pl\/?product=zestaw-milwaukee-kpl-bitow-ph-pz-tx-hex-38el-4932492009","title":{"rendered":"ZESTAW MILWAUKEE KPL.BITOW PH\/PZ\/TX\/HEX 38EL. 4932492009"},"content":{"rendered":"<div class=\"mpof_ki myre_zn myre_8v_l m389_6m_l\">\n<div class=\"mp4t_16_s mryx_16_s mr3m_1 mli2_1 mh85_56 mh85_0_l\">\n<div class=\"mgn2_16 _0d3bd_am0a-\">\n<p>Profesjonalny zestaw\u00a0<b>Milwaukee Shockwave Impact Duty\u2122 (38 szt.)<\/b>\u00a0to komplet akcesori\u00f3w przeznaczonych do najci\u0119\u017cszych zada\u0144 monta\u017cowych.<\/p>\n<p>Dzi\u0119ki specjalnej geometrii\u00a0<b>Shock Zone\u2122<\/b>\u00a0i unikalnej obr\u00f3bce cieplnej bity s\u0105 wyj\u0105tkowo trwa\u0142e, elastyczne i odporne na z\u0142amania. To niezawodne rozwi\u0105zanie dla profesjonalist\u00f3w i wymagaj\u0105cych majsterkowicz\u00f3w.<\/p>\n<h2>Najwa\u017cniejsze cechy:<\/h2>\n<ul>\n<li>Seria\u00a0<b>Shockwave Impact Duty\u2122<\/b>\u00a0\u2013 do najci\u0119\u017cszych zastosowa\u0144 udarowych<\/li>\n<li><b>Geometria Shock Zone\u2122<\/b>\u00a0\u2013 elastyczno\u015b\u0107, redukcja napr\u0119\u017ce\u0144 i wi\u0119ksza \u017cywotno\u015b\u0107<\/li>\n<li><b>Kuta i prasowana g\u0142\u00f3wka bita<\/b>\u00a0\u2013 perfekcyjne dopasowanie bez przeskok\u00f3w<\/li>\n<li><b>Stal o specjalnym sk\u0142adzie Milwaukee\u00ae<\/b>\u00a0\u2013 zwi\u0119kszona odporno\u015b\u0107 na wstrz\u0105sy i udary<\/li>\n<li>Zestaw w\u00a0<b>trwa\u0142ej kasecie<\/b>\u00a0z tworzywa<\/li>\n<\/ul>\n<\/div>\n<\/div>\n<div class=\"mp4t_16_s mryx_16_s mr3m_1 mli2_1 mh85_56 mh85_0_l\">\n<div class=\"mg9e_8 mj7a_8 mg9e_0_s mvrt_0_s mj7a_0_s mh36_0_s mzmg_6m munh_16_l m3h2_16_l\">\n<div class=\"mp4t_0 mryx_0 munh_56 m3h2_56\">\n<div class=\"mp7g_oh\"><button class=\"mg9e_0 mvrt_0 mj7a_0 mh36_0 mp4t_0 m3h2_0 mryx_0 munh_0 mqen_m6 mpof_z0 mx7m_0 m7er_k4 mse2_k4 msts_pt\" data-analytics-interaction=\"true\" data-analytics-interaction-label=\"zoomable-image-open\" aria-disabled=\"true\"><img decoding=\"async\" class=\"msub_k4 mupj_5k mjru_k4 mse2_k4 mp7g_f6 mq1m_0 mj7u_0 m7er_k4 mqen_m6 m31c_d8 m0ux_fp lazyloaded\" src=\"https:\/\/a.allegroimg.com\/original\/11b316\/234f8b94485a9c999845266a02d1\/ZESTAW-MILWAUKEE-KPL-BITOW-PH-PZ-TX-HEX-38EL-4932492009-EAN-GTIN-5905389455654\" sizes=\"(min-width: 1200px) 560px, (min-width: 992px) 50vw, 100vw\" srcset=\"https:\/\/a.allegroimg.com\/s360\/11b316\/234f8b94485a9c999845266a02d1\/ZESTAW-MILWAUKEE-KPL-BITOW-PH-PZ-TX-HEX-38EL-4932492009-EAN-GTIN-5905389455654 360w,https:\/\/a.allegroimg.com\/s720\/11b316\/234f8b94485a9c999845266a02d1\/ZESTAW-MILWAUKEE-KPL-BITOW-PH-PZ-TX-HEX-38EL-4932492009-EAN-GTIN-5905389455654 720w,https:\/\/a.allegroimg.com\/s1024\/11b316\/234f8b94485a9c999845266a02d1\/ZESTAW-MILWAUKEE-KPL-BITOW-PH-PZ-TX-HEX-38EL-4932492009-EAN-GTIN-5905389455654 1000w,https:\/\/a.allegroimg.com\/original\/11b316\/234f8b94485a9c999845266a02d1\/ZESTAW-MILWAUKEE-KPL-BITOW-PH-PZ-TX-HEX-38EL-4932492009-EAN-GTIN-5905389455654 1000w\" alt=\"ZESTAW MILWAUKEE KPL.BITOW PH\/PZ\/TX\/HEX 38EL. 4932492009 EAN (GTIN) 5905389455654\" width=\"1000px\" data-srcset=\"\" \/><\/button><\/div>\n<\/div>\n<\/div>\n<\/div>\n<\/div>\n<div class=\"mpof_ki myre_zn myre_8v_l m389_6m_l\">\n<div class=\"mp4t_16_s mryx_16_s mr3m_1 mli2_1 mh85_56 mh85_0_l\">\n<div class=\"mgn2_16 _0d3bd_am0a-\">\n<h2>Zawarto\u015b\u0107 zestawu (38 element\u00f3w):<\/h2>\n<p><b>&#8211; Bity 25 mm:<\/b><\/p>\n<ul>\n<li>PH: 1 \u00d7 PH1, 2 \u00d7 PH2<\/li>\n<li>PZ: 1 \u00d7 PZ1, 2 \u00d7 PZ2<\/li>\n<li>Torx: 1 \u00d7 TX10, 1 \u00d7 TX15, 2 \u00d7 TX20, 3 \u00d7 TX25, 2 \u00d7 TX30, 1 \u00d7 TX40<\/li>\n<\/ul>\n<p><b>&#8211; Bity 50 mm:<\/b><\/p>\n<ul>\n<li>PH: 1 \u00d7 PH1, 3 \u00d7 PH2, 1 \u00d7 PH3<\/li>\n<li>PZ: 1 \u00d7 PZ1, 3 \u00d7 PZ2, 1 \u00d7 PZ3<\/li>\n<li>Torx: 1 \u00d7 TX10, 1 \u00d7 TX15, 1 \u00d7 TX20, 2 \u00d7 TX25, 3 \u00d7 TX30, 3 \u00d7 TX40<\/li>\n<\/ul>\n<p><b>&#8211; Akcesoria dodatkowe:<\/b><\/p>\n<ul>\n<li>1 \u00d7 Magnetyczny uchwyt bit\u00f3w Shockwave\u2122 60 mm<\/li>\n<\/ul>\n<\/div>\n<\/div>\n<div class=\"mp4t_16_s mryx_16_s mr3m_1 mli2_1 mh85_56 mh85_0_l\">\n<div class=\"mg9e_8 mj7a_8 mg9e_0_s mvrt_0_s mj7a_0_s mh36_0_s mzmg_6m munh_16_l m3h2_16_l\">\n<div class=\"mp4t_0 mryx_0 munh_56 m3h2_56\">\n<div class=\"mp7g_oh\"><button class=\"mg9e_0 mvrt_0 mj7a_0 mh36_0 mp4t_0 m3h2_0 mryx_0 munh_0 mqen_m6 mpof_z0 mx7m_0 m7er_k4 mse2_k4 msts_pt\" data-analytics-interaction=\"true\" data-analytics-interaction-label=\"zoomable-image-open\" aria-disabled=\"true\"><img decoding=\"async\" class=\"msub_k4 mupj_5k mjru_k4 mse2_k4 mp7g_f6 mq1m_0 mj7u_0 m7er_k4 mqen_m6 m31c_d8 m0ux_fp lazyloaded\" src=\"https:\/\/a.allegroimg.com\/original\/113d22\/ec7893fc4cd3831fa775262a1266\/ZESTAW-MILWAUKEE-KPL-BITOW-PH-PZ-TX-HEX-38EL-4932492009-Kod-producenta-4058546413767\" sizes=\"(min-width: 1200px) 560px, (min-width: 992px) 50vw, 100vw\" srcset=\"https:\/\/a.allegroimg.com\/s360\/113d22\/ec7893fc4cd3831fa775262a1266\/ZESTAW-MILWAUKEE-KPL-BITOW-PH-PZ-TX-HEX-38EL-4932492009-Kod-producenta-4058546413767 360w,https:\/\/a.allegroimg.com\/s720\/113d22\/ec7893fc4cd3831fa775262a1266\/ZESTAW-MILWAUKEE-KPL-BITOW-PH-PZ-TX-HEX-38EL-4932492009-Kod-producenta-4058546413767 720w,https:\/\/a.allegroimg.com\/s1024\/113d22\/ec7893fc4cd3831fa775262a1266\/ZESTAW-MILWAUKEE-KPL-BITOW-PH-PZ-TX-HEX-38EL-4932492009-Kod-producenta-4058546413767 1000w,https:\/\/a.allegroimg.com\/original\/113d22\/ec7893fc4cd3831fa775262a1266\/ZESTAW-MILWAUKEE-KPL-BITOW-PH-PZ-TX-HEX-38EL-4932492009-Kod-producenta-4058546413767 1000w\" alt=\"ZESTAW MILWAUKEE KPL.BITOW PH\/PZ\/TX\/HEX 38EL. 4932492009 Kod producenta 4058546413767\" width=\"1000px\" data-srcset=\"\" \/><\/button><\/div>\n<\/div>\n<\/div>\n<\/div>\n<\/div>\n<div class=\"mpof_ki myre_zn myre_8v_l m389_6m_l\">\n<div class=\"mp4t_16_s mryx_16_s mr3m_1 mli2_1 mh85_56 mh85_0_l\">\n<div class=\"mg9e_8 mj7a_8 mg9e_0_s mvrt_0_s mj7a_0_s mh36_0_s mzmg_6m munh_16_l m3h2_16_l\">\n<div class=\"mp4t_0 mryx_0 munh_56 m3h2_56\">\n<div class=\"mp7g_oh\"><button class=\"mg9e_0 mvrt_0 mj7a_0 mh36_0 mp4t_0 m3h2_0 mryx_0 munh_0 mqen_m6 mpof_z0 mx7m_0 m7er_k4 mse2_k4 msts_pt\" data-analytics-interaction=\"true\" data-analytics-interaction-label=\"zoomable-image-open\" aria-disabled=\"true\"><img decoding=\"async\" class=\"msub_k4 mupj_5k mjru_k4 mse2_k4 mp7g_f6 mq1m_0 mj7u_0 m7er_k4 mqen_m6 m31c_d8 m0ux_fp lazyloaded\" src=\"https:\/\/a.allegroimg.com\/original\/1135a6\/68e9f2b945fa9a97ea278abffba0\/ZESTAW-MILWAUKEE-KPL-BITOW-PH-PZ-TX-HEX-38EL-4932492009-Marka-Milwaukee\" sizes=\"100vw\" srcset=\"https:\/\/a.allegroimg.com\/s360\/1135a6\/68e9f2b945fa9a97ea278abffba0\/ZESTAW-MILWAUKEE-KPL-BITOW-PH-PZ-TX-HEX-38EL-4932492009-Marka-Milwaukee 360w,https:\/\/a.allegroimg.com\/s720\/1135a6\/68e9f2b945fa9a97ea278abffba0\/ZESTAW-MILWAUKEE-KPL-BITOW-PH-PZ-TX-HEX-38EL-4932492009-Marka-Milwaukee 720w,https:\/\/a.allegroimg.com\/s1024\/1135a6\/68e9f2b945fa9a97ea278abffba0\/ZESTAW-MILWAUKEE-KPL-BITOW-PH-PZ-TX-HEX-38EL-4932492009-Marka-Milwaukee 1000w,https:\/\/a.allegroimg.com\/original\/1135a6\/68e9f2b945fa9a97ea278abffba0\/ZESTAW-MILWAUKEE-KPL-BITOW-PH-PZ-TX-HEX-38EL-4932492009-Marka-Milwaukee 1000w\" alt=\"ZESTAW MILWAUKEE KPL.BITOW PH\/PZ\/TX\/HEX 38EL. 4932492009 Marka Milwaukee\" width=\"1000px\" data-srcset=\"\" \/><\/button><\/div>\n<\/div>\n<\/div>\n<\/div>\n<\/div>\n","protected":false},"excerpt":{"rendered":"<p>Profesjonalny zestaw\u00a0Milwaukee Shockwave Impact Duty\u2122 (38 szt.)\u00a0to komplet akcesori\u00f3w przeznaczonych do najci\u0119\u017cszych zada\u0144 monta\u017cowych. Dzi\u0119ki specjalnej geometrii\u00a0Shock Zone\u2122\u00a0i unikalnej obr\u00f3bce cieplnej bity s\u0105 wyj\u0105tkowo trwa\u0142e, elastyczne i odporne na z\u0142amania.<\/p>\n","protected":false},"featured_media":4051,"comment_status":"open","ping_status":"closed","template":"","meta":[],"product_cat":[81],"product_tag":[],"class_list":{"0":"post-4050","1":"product","2":"type-product","3":"status-publish","4":"has-post-thumbnail","6":"product_brand-milwaukee","7":"product_cat-elektronarzedzia","9":"first","10":"instock","11":"sale","12":"shipping-taxable","13":"purchasable","14":"product-type-simple"},"aioseo_notices":[],"_links":{"self":[{"href":"https:\/\/bestlimit.pl\/index.php?rest_route=\/wp\/v2\/product\/4050","targetHints":{"allow":["GET"]}}],"collection":[{"href":"https:\/\/bestlimit.pl\/index.php?rest_route=\/wp\/v2\/product"}],"about":[{"href":"https:\/\/bestlimit.pl\/index.php?rest_route=\/wp\/v2\/types\/product"}],"replies":[{"embeddable":true,"href":"https:\/\/bestlimit.pl\/index.php?rest_route=%2Fwp%2Fv2%2Fcomments&post=4050"}],"version-history":[{"count":1,"href":"https:\/\/bestlimit.pl\/index.php?rest_route=\/wp\/v2\/product\/4050\/revisions"}],"predecessor-version":[{"id":4052,"href":"https:\/\/bestlimit.pl\/index.php?rest_route=\/wp\/v2\/product\/4050\/revisions\/4052"}],"wp:featuredmedia":[{"embeddable":true,"href":"https:\/\/bestlimit.pl\/index.php?rest_route=\/wp\/v2\/media\/4051"}],"wp:attachment":[{"href":"https:\/\/bestlimit.pl\/index.php?rest_route=%2Fwp%2Fv2%2Fmedia&parent=4050"}],"wp:term":[{"taxonomy":"product_cat","embeddable":true,"href":"https:\/\/bestlimit.pl\/index.php?rest_route=%2Fwp%2Fv2%2Fproduct_cat&post=4050"},{"taxonomy":"product_tag","embeddable":true,"href":"https:\/\/bestlimit.pl\/index.php?rest_route=%2Fwp%2Fv2%2Fproduct_tag&post=4050"}],"curies":[{"name":"wp","href":"https:\/\/api.w.org\/{rel}","templated":true}]}}