{"id":4037,"date":"2025-12-12T21:01:00","date_gmt":"2025-12-12T20:01:00","guid":{"rendered":"https:\/\/bestlimit.pl\/?post_type=product&#038;p=4037"},"modified":"2025-12-12T21:01:00","modified_gmt":"2025-12-12T20:01:00","slug":"pila-tarczowa-milwaukee-1587-mm","status":"publish","type":"product","link":"https:\/\/bestlimit.pl\/?product=pila-tarczowa-milwaukee-1587-mm","title":{"rendered":"Pi\u0142a tarczowa Milwaukee 15,87 mm"},"content":{"rendered":"<div class=\"mpof_ki myre_zn myre_8v_l m389_6m_l\">\n<div class=\"mp4t_16_s mryx_16_s mr3m_1 mli2_1 mh85_56 mh85_0_l\">\n<div class=\"mg9e_8 mj7a_8 mg9e_0_s mvrt_0_s mj7a_0_s mh36_0_s mzmg_6m munh_16_l m3h2_16_l\">\n<div class=\"mp4t_0 mryx_0 munh_56 m3h2_56\">\n<div class=\"mp7g_oh\"><button class=\"mg9e_0 mvrt_0 mj7a_0 mh36_0 mp4t_0 m3h2_0 mryx_0 munh_0 mqen_m6 mpof_z0 mx7m_0 m7er_k4 mse2_k4 msts_pt\" data-analytics-interaction=\"true\" data-analytics-interaction-label=\"zoomable-image-open\" aria-disabled=\"true\"><img decoding=\"async\" class=\"msub_k4 mupj_5k mjru_k4 mse2_k4 mp7g_f6 mq1m_0 mj7u_0 m7er_k4 mqen_m6 m31c_d8 m0ux_fp lazyloaded\" src=\"https:\/\/a.allegroimg.com\/original\/11b990\/a884413244d7b50e473c48119189\/Pila-tarczowa-Milwaukee-15-87-mm-EAN-GTIN-4058546483593\" sizes=\"100vw\" srcset=\"https:\/\/a.allegroimg.com\/s360\/11b990\/a884413244d7b50e473c48119189\/Pila-tarczowa-Milwaukee-15-87-mm-EAN-GTIN-4058546483593 360w,https:\/\/a.allegroimg.com\/s720\/11b990\/a884413244d7b50e473c48119189\/Pila-tarczowa-Milwaukee-15-87-mm-EAN-GTIN-4058546483593 640w,https:\/\/a.allegroimg.com\/original\/11b990\/a884413244d7b50e473c48119189\/Pila-tarczowa-Milwaukee-15-87-mm-EAN-GTIN-4058546483593 640w\" alt=\"Pi\u0142a tarczowa Milwaukee 15,87 mm EAN (GTIN) 4058546483593\" width=\"640px\" data-srcset=\"\" \/><\/button><\/div>\n<\/div>\n<\/div>\n<\/div>\n<\/div>\n<div class=\"mpof_ki myre_zn myre_8v_l m389_6m_l\">\n<div class=\"mp4t_16_s mryx_16_s mr3m_1 mli2_1 mh85_56 mh85_0_l\">\n<div class=\"mg9e_8 mj7a_8 mg9e_0_s mvrt_0_s mj7a_0_s mh36_0_s mzmg_6m munh_16_l m3h2_16_l\">\n<div class=\"mp4t_0 mryx_0 munh_56 m3h2_56\">\n<div class=\"mp7g_oh\"><button class=\"mg9e_0 mvrt_0 mj7a_0 mh36_0 mp4t_0 m3h2_0 mryx_0 munh_0 mqen_m6 mpof_z0 mx7m_0 m7er_k4 mse2_k4 msts_pt\" data-analytics-interaction=\"true\" data-analytics-interaction-label=\"zoomable-image-open\" aria-disabled=\"true\"><img decoding=\"async\" class=\"msub_k4 mupj_5k mjru_k4 mse2_k4 mp7g_f6 mq1m_0 mj7u_0 m7er_k4 mqen_m6 m31c_d8 m0ux_fp lazyloaded\" src=\"https:\/\/a.allegroimg.com\/original\/11f3dd\/7c22e77742b89cb6d11e2db61d8e\/Pila-tarczowa-Milwaukee-15-87-mm\" sizes=\"(min-width: 1200px) 560px, (min-width: 992px) 50vw, 100vw\" srcset=\"https:\/\/a.allegroimg.com\/s360\/11f3dd\/7c22e77742b89cb6d11e2db61d8e\/Pila-tarczowa-Milwaukee-15-87-mm 360w,https:\/\/a.allegroimg.com\/s720\/11f3dd\/7c22e77742b89cb6d11e2db61d8e\/Pila-tarczowa-Milwaukee-15-87-mm 720w,https:\/\/a.allegroimg.com\/s1024\/11f3dd\/7c22e77742b89cb6d11e2db61d8e\/Pila-tarczowa-Milwaukee-15-87-mm 1024w,https:\/\/a.allegroimg.com\/s1440\/11f3dd\/7c22e77742b89cb6d11e2db61d8e\/Pila-tarczowa-Milwaukee-15-87-mm 1440w,https:\/\/a.allegroimg.com\/original\/11f3dd\/7c22e77742b89cb6d11e2db61d8e\/Pila-tarczowa-Milwaukee-15-87-mm 2000w\" alt=\"Pi\u0142a tarczowa Milwaukee 15,87 mm\" width=\"2000px\" data-srcset=\"\" \/><\/button><\/div>\n<\/div>\n<\/div>\n<\/div>\n<div class=\"mp4t_16_s mryx_16_s mr3m_1 mli2_1 mh85_56 mh85_0_l\">\n<div class=\"mgn2_16 _0d3bd_am0a-\">\n<h2>MILWAUKEE M12 FUEL M12FCS442-0 \u2013 Pilarka tarczowa 12V (solo)<\/h2>\n<p><b>Wersja bez akumulatora i \u0142adowarki<\/b><\/p>\n<p><b>Opis produktu:<\/b><\/p>\n<p>Profesjonalna, kompaktowa pilarka tarczowa\u00a0<b>Milwaukee M12 FUEL M12FCS442-0<\/b>\u00a0to idealne narz\u0119dzie do ci\u0119cia drewna, p\u0142yt MDF, OSB, sklejki oraz materia\u0142\u00f3w stolarskich. Seria FUEL gwarantuje najwy\u017csz\u0105 wydajno\u015b\u0107 dzi\u0119ki bezszczotkowemu silnikowi i zaawansowanej elektronice.<\/p>\n<\/div>\n<\/div>\n<\/div>\n<div class=\"mpof_ki myre_zn myre_8v_l m389_6m_l\">\n<div class=\"mp4t_16_s mryx_16_s mr3m_1 mli2_1 mh85_56 mh85_0_l\">\n<div class=\"mgn2_16 _0d3bd_am0a-\">\n<p><b>Najwa\u017cniejsze cechy:<\/b><\/p>\n<ul>\n<li><b>Silnik bezszczotkowy POWERSTATE\u2122<\/b>\u00a0\u2013 wi\u0119ksza moc, d\u0142u\u017csza \u017cywotno\u015b\u0107 i stabilne dzia\u0142anie.<\/li>\n<li><b>Kompaktowa i lekka konstrukcja<\/b>\u00a0\u2013 wygodna praca nawet w ciasnych przestrzeniach.<\/li>\n<li><b>Maksymalna g\u0142\u0119boko\u015b\u0107 ci\u0119cia 46 mm przy 90\u00b0<\/b>\u00a0\u2013 pozwala ci\u0105\u0107 wi\u0119kszo\u015b\u0107 typowych desek i p\u0142yt.<\/li>\n<li><b>G\u0142\u0119boko\u015b\u0107 ci\u0119cia przy 45\u00b0 ok. 32 mm<\/b>.<\/li>\n<li><b>Regulacja k\u0105ta ci\u0119cia do ok. 50\u00b0<\/b>\u00a0\u2013 idealne do ci\u0119\u0107 sko\u015bnych.<\/li>\n<li><b>Tarcza 140 mm, otw\u00f3r 20 mm<\/b>\u00a0\u2013 standardowy rozmiar, \u0142atwa wymiana.<\/li>\n<li><b>Pr\u0119dko\u015b\u0107 obrotowa ok. 3850 obr.\/min<\/b>\u00a0\u2013 szybkie i czyste ci\u0119cie.<\/li>\n<li><b>Dioda LED<\/b>\u00a0\u2013 pod\u015bwietlenie linii ci\u0119cia.<\/li>\n<li><b>Dmuchawa py\u0142u<\/b>\u00a0\u2013 lepsza widoczno\u015b\u0107 podczas pracy.<\/li>\n<li><b>Adapter do odsysania py\u0142u<\/b>\u00a0\u2013 mo\u017cliwo\u015b\u0107 pod\u0142\u0105czenia odkurzacza.<\/li>\n<li><b>Stopa magnezowa<\/b>\u00a0\u2013 niska waga i du\u017ca wytrzyma\u0142o\u015b\u0107.<\/li>\n<li><b>Kompatybilno\u015b\u0107 z wszystkimi akumulatorami Milwaukee M12<\/b>.<\/li>\n<\/ul>\n<\/div>\n<\/div>\n<div class=\"mp4t_16_s mryx_16_s mr3m_1 mli2_1 mh85_56 mh85_0_l\">\n<div class=\"mg9e_8 mj7a_8 mg9e_0_s mvrt_0_s mj7a_0_s mh36_0_s mzmg_6m munh_16_l m3h2_16_l\">\n<div class=\"mp4t_0 mryx_0 munh_56 m3h2_56\">\n<div class=\"mp7g_oh\"><button class=\"mg9e_0 mvrt_0 mj7a_0 mh36_0 mp4t_0 m3h2_0 mryx_0 munh_0 mqen_m6 mpof_z0 mx7m_0 m7er_k4 mse2_k4 msts_pt\" data-analytics-interaction=\"true\" data-analytics-interaction-label=\"zoomable-image-open\" aria-disabled=\"true\"><img decoding=\"async\" class=\"msub_k4 mupj_5k mjru_k4 mse2_k4 mp7g_f6 mq1m_0 mj7u_0 m7er_k4 mqen_m6 m31c_d8 m0ux_fp lazyloaded\" src=\"https:\/\/a.allegroimg.com\/original\/116977\/19b35d994c5daf975fa9d240fc29\/Pila-tarczowa-Milwaukee-15-87-mm-Kod-producenta-m12-FCS44-0\" sizes=\"(min-width: 1200px) 560px, (min-width: 992px) 50vw, 100vw\" srcset=\"https:\/\/a.allegroimg.com\/s360\/116977\/19b35d994c5daf975fa9d240fc29\/Pila-tarczowa-Milwaukee-15-87-mm-Kod-producenta-m12-FCS44-0 360w,https:\/\/a.allegroimg.com\/s720\/116977\/19b35d994c5daf975fa9d240fc29\/Pila-tarczowa-Milwaukee-15-87-mm-Kod-producenta-m12-FCS44-0 720w,https:\/\/a.allegroimg.com\/s1024\/116977\/19b35d994c5daf975fa9d240fc29\/Pila-tarczowa-Milwaukee-15-87-mm-Kod-producenta-m12-FCS44-0 1024w,https:\/\/a.allegroimg.com\/s1440\/116977\/19b35d994c5daf975fa9d240fc29\/Pila-tarczowa-Milwaukee-15-87-mm-Kod-producenta-m12-FCS44-0 1440w,https:\/\/a.allegroimg.com\/original\/116977\/19b35d994c5daf975fa9d240fc29\/Pila-tarczowa-Milwaukee-15-87-mm-Kod-producenta-m12-FCS44-0 2000w\" alt=\"Pi\u0142a tarczowa Milwaukee 15,87 mm Kod producenta m12 FCS44-0\" width=\"2000px\" data-srcset=\"\" \/><\/button><\/div>\n<\/div>\n<\/div>\n<\/div>\n<\/div>\n<div class=\"mpof_ki myre_zn myre_8v_l m389_6m_l\">\n<div class=\"mp4t_16_s mryx_16_s mr3m_1 mli2_1 mh85_56 mh85_0_l\">\n<div class=\"mg9e_8 mj7a_8 mg9e_0_s mvrt_0_s mj7a_0_s mh36_0_s mzmg_6m munh_16_l m3h2_16_l\">\n<div class=\"mp4t_0 mryx_0 munh_56 m3h2_56\">\n<div class=\"mp7g_oh\"><button class=\"mg9e_0 mvrt_0 mj7a_0 mh36_0 mp4t_0 m3h2_0 mryx_0 munh_0 mqen_m6 mpof_z0 mx7m_0 m7er_k4 mse2_k4 msts_pt\" data-analytics-interaction=\"true\" data-analytics-interaction-label=\"zoomable-image-open\" aria-disabled=\"true\"><img decoding=\"async\" class=\"msub_k4 mupj_5k mjru_k4 mse2_k4 mp7g_f6 mq1m_0 mj7u_0 m7er_k4 mqen_m6 m31c_d8 m0ux_fp lazyloaded\" src=\"https:\/\/a.allegroimg.com\/original\/116977\/19b35d994c5daf975fa9d240fc29\/Pila-tarczowa-Milwaukee-15-87-mm-Kod-producenta-m12-FCS44-0\" sizes=\"(min-width: 1200px) 560px, (min-width: 992px) 50vw, 100vw\" srcset=\"https:\/\/a.allegroimg.com\/s360\/116977\/19b35d994c5daf975fa9d240fc29\/Pila-tarczowa-Milwaukee-15-87-mm-Kod-producenta-m12-FCS44-0 360w,https:\/\/a.allegroimg.com\/s720\/116977\/19b35d994c5daf975fa9d240fc29\/Pila-tarczowa-Milwaukee-15-87-mm-Kod-producenta-m12-FCS44-0 720w,https:\/\/a.allegroimg.com\/s1024\/116977\/19b35d994c5daf975fa9d240fc29\/Pila-tarczowa-Milwaukee-15-87-mm-Kod-producenta-m12-FCS44-0 1024w,https:\/\/a.allegroimg.com\/s1440\/116977\/19b35d994c5daf975fa9d240fc29\/Pila-tarczowa-Milwaukee-15-87-mm-Kod-producenta-m12-FCS44-0 1440w,https:\/\/a.allegroimg.com\/original\/116977\/19b35d994c5daf975fa9d240fc29\/Pila-tarczowa-Milwaukee-15-87-mm-Kod-producenta-m12-FCS44-0 2000w\" alt=\"Pi\u0142a tarczowa Milwaukee 15,87 mm Kod producenta m12 FCS44-0\" width=\"2000px\" data-srcset=\"\" \/><\/button><\/div>\n<\/div>\n<\/div>\n<\/div>\n<div class=\"mp4t_16_s mryx_16_s mr3m_1 mli2_1 mh85_56 mh85_0_l\">\n<div class=\"mgn2_16 _0d3bd_am0a-\">\n<p><b>Dane techniczne:<\/b><\/p>\n<ul>\n<li>Napi\u0119cie: 12V<\/li>\n<li>\u015arednica tarczy: 140 mm<\/li>\n<li>Otw\u00f3r tarczy: 20 mm<\/li>\n<li>Pr\u0119dko\u015b\u0107 obrotowa: ok. 3850 obr.\/min<\/li>\n<li>Maks. g\u0142\u0119boko\u015b\u0107 ci\u0119cia 90\u00b0: 46 mm<\/li>\n<li>G\u0142\u0119boko\u015b\u0107 ci\u0119cia 45\u00b0: ok. 32 mm<\/li>\n<li>Regulacja k\u0105ta: do ok. 50\u00b0<\/li>\n<li>Waga: lekka konstrukcja (ok. 2\u20132,3 kg w zale\u017cno\u015bci od akumulatora)<\/li>\n<\/ul>\n<\/div>\n<\/div>\n<\/div>\n<div class=\"mpof_ki myre_zn myre_8v_l m389_6m_l\">\n<div class=\"mp4t_16_s mryx_16_s mr3m_1 mli2_1 mh85_56 mh85_0_l\">\n<div class=\"mgn2_16 _0d3bd_am0a-\">\n<p><b>Zestaw zawiera:<\/b><\/p>\n<ul>\n<li>Pilarka tarczowa Milwaukee M12 FUEL M12FCS442-0<\/li>\n<li>Adapter odsysania py\u0142u<\/li>\n<li>Instrukcja<\/li>\n<li><b>Bez akumulatora i \u0142adowarki<\/b><\/li>\n<li><b>Idealna do:<\/b><\/li>\n<li>prac stolarskich<\/li>\n<li>remont\u00f3w<\/li>\n<li>ci\u0119cia drewna i p\u0142yt<\/li>\n<li>prac mobilnych i warsztatowych<\/li>\n<\/ul>\n<\/div>\n<\/div>\n<div class=\"mp4t_16_s mryx_16_s mr3m_1 mli2_1 mh85_56 mh85_0_l\">\n<div class=\"mg9e_8 mj7a_8 mg9e_0_s mvrt_0_s mj7a_0_s mh36_0_s mzmg_6m munh_16_l m3h2_16_l\">\n<div class=\"mp4t_0 mryx_0 munh_56 m3h2_56\">\n<div class=\"mp7g_oh\"><button class=\"mg9e_0 mvrt_0 mj7a_0 mh36_0 mp4t_0 m3h2_0 mryx_0 munh_0 mqen_m6 mpof_z0 mx7m_0 m7er_k4 mse2_k4 msts_pt\" data-analytics-interaction=\"true\" data-analytics-interaction-label=\"zoomable-image-open\" aria-disabled=\"true\"><img decoding=\"async\" class=\"msub_k4 mupj_5k mjru_k4 mse2_k4 mp7g_f6 mq1m_0 mj7u_0 m7er_k4 mqen_m6 m31c_d8 m0ux_fp lazyloaded\" src=\"https:\/\/a.allegroimg.com\/original\/11f3dd\/7c22e77742b89cb6d11e2db61d8e\/Pila-tarczowa-Milwaukee-15-87-mm\" sizes=\"(min-width: 1200px) 560px, (min-width: 992px) 50vw, 100vw\" srcset=\"https:\/\/a.allegroimg.com\/s360\/11f3dd\/7c22e77742b89cb6d11e2db61d8e\/Pila-tarczowa-Milwaukee-15-87-mm 360w,https:\/\/a.allegroimg.com\/s720\/11f3dd\/7c22e77742b89cb6d11e2db61d8e\/Pila-tarczowa-Milwaukee-15-87-mm 720w,https:\/\/a.allegroimg.com\/s1024\/11f3dd\/7c22e77742b89cb6d11e2db61d8e\/Pila-tarczowa-Milwaukee-15-87-mm 1024w,https:\/\/a.allegroimg.com\/s1440\/11f3dd\/7c22e77742b89cb6d11e2db61d8e\/Pila-tarczowa-Milwaukee-15-87-mm 1440w,https:\/\/a.allegroimg.com\/original\/11f3dd\/7c22e77742b89cb6d11e2db61d8e\/Pila-tarczowa-Milwaukee-15-87-mm 2000w\" alt=\"Pi\u0142a tarczowa Milwaukee 15,87 mm\" width=\"2000px\" data-srcset=\"\" \/><\/button><\/div>\n<\/div>\n<\/div>\n<\/div>\n<\/div>\n","protected":false},"excerpt":{"rendered":"<p>MILWAUKEE M12 FUEL M12FCS442-0 \u2013 Pilarka tarczowa 12V (solo) Wersja bez akumulatora i \u0142adowarki Opis produktu: Profesjonalna, kompaktowa pilarka tarczowa\u00a0Milwaukee M12 FUEL M12FCS442-0\u00a0to idealne narz\u0119dzie do ci\u0119cia drewna, p\u0142yt MDF,<\/p>\n","protected":false},"featured_media":4038,"comment_status":"open","ping_status":"closed","template":"","meta":[],"product_cat":[81],"product_tag":[],"class_list":{"0":"post-4037","1":"product","2":"type-product","3":"status-publish","4":"has-post-thumbnail","6":"product_brand-milwaukee","7":"product_cat-elektronarzedzia","9":"first","10":"instock","11":"sale","12":"shipping-taxable","13":"purchasable","14":"product-type-simple"},"aioseo_notices":[],"_links":{"self":[{"href":"https:\/\/bestlimit.pl\/index.php?rest_route=\/wp\/v2\/product\/4037","targetHints":{"allow":["GET"]}}],"collection":[{"href":"https:\/\/bestlimit.pl\/index.php?rest_route=\/wp\/v2\/product"}],"about":[{"href":"https:\/\/bestlimit.pl\/index.php?rest_route=\/wp\/v2\/types\/product"}],"replies":[{"embeddable":true,"href":"https:\/\/bestlimit.pl\/index.php?rest_route=%2Fwp%2Fv2%2Fcomments&post=4037"}],"version-history":[{"count":1,"href":"https:\/\/bestlimit.pl\/index.php?rest_route=\/wp\/v2\/product\/4037\/revisions"}],"predecessor-version":[{"id":4039,"href":"https:\/\/bestlimit.pl\/index.php?rest_route=\/wp\/v2\/product\/4037\/revisions\/4039"}],"wp:featuredmedia":[{"embeddable":true,"href":"https:\/\/bestlimit.pl\/index.php?rest_route=\/wp\/v2\/media\/4038"}],"wp:attachment":[{"href":"https:\/\/bestlimit.pl\/index.php?rest_route=%2Fwp%2Fv2%2Fmedia&parent=4037"}],"wp:term":[{"taxonomy":"product_cat","embeddable":true,"href":"https:\/\/bestlimit.pl\/index.php?rest_route=%2Fwp%2Fv2%2Fproduct_cat&post=4037"},{"taxonomy":"product_tag","embeddable":true,"href":"https:\/\/bestlimit.pl\/index.php?rest_route=%2Fwp%2Fv2%2Fproduct_tag&post=4037"}],"curies":[{"name":"wp","href":"https:\/\/api.w.org\/{rel}","templated":true}]}}