{"id":4031,"date":"2025-12-12T20:41:46","date_gmt":"2025-12-12T19:41:46","guid":{"rendered":"https:\/\/bestlimit.pl\/?post_type=product&#038;p=4031"},"modified":"2025-12-12T20:41:46","modified_gmt":"2025-12-12T19:41:46","slug":"kamizelka-milwaukee-4939786900-lekka-rozmiar-l-xl","status":"publish","type":"product","link":"https:\/\/bestlimit.pl\/?product=kamizelka-milwaukee-4939786900-lekka-rozmiar-l-xl","title":{"rendered":"Kamizelka Milwaukee 4939786900 lekka Rozmiar L\/XL"},"content":{"rendered":"<div class=\"mpof_ki myre_zn myre_8v_l m389_6m_l\">\n<div class=\"mp4t_16_s mryx_16_s mr3m_1 mli2_1 mh85_56 mh85_0_l\">\n<div class=\"mg9e_8 mj7a_8 mg9e_0_s mvrt_0_s mj7a_0_s mh36_0_s mzmg_6m munh_16_l m3h2_16_l\">\n<div class=\"mp4t_0 mryx_0 munh_56 m3h2_56\">\n<div class=\"mp7g_oh\"><button class=\"mg9e_0 mvrt_0 mj7a_0 mh36_0 mp4t_0 m3h2_0 mryx_0 munh_0 mqen_m6 mpof_z0 mx7m_0 m7er_k4 mse2_k4 msts_pt\" data-analytics-interaction=\"true\" data-analytics-interaction-label=\"zoomable-image-open\" aria-disabled=\"true\"><img decoding=\"async\" class=\"msub_k4 mupj_5k mjru_k4 mse2_k4 mp7g_f6 mq1m_0 mj7u_0 m7er_k4 mqen_m6 m31c_d8 m0ux_fp lazyloaded\" src=\"https:\/\/a.allegroimg.com\/original\/11334b\/a60aac7a4c3cb6eb34bf428e9165\/Kamizelka-Milwaukee-4939786900-lekka-Rozmiar-L-XL\" sizes=\"(min-width: 1200px) 560px, (min-width: 992px) 50vw, 100vw\" srcset=\"https:\/\/a.allegroimg.com\/s360\/11334b\/a60aac7a4c3cb6eb34bf428e9165\/Kamizelka-Milwaukee-4939786900-lekka-Rozmiar-L-XL 360w,https:\/\/a.allegroimg.com\/s720\/11334b\/a60aac7a4c3cb6eb34bf428e9165\/Kamizelka-Milwaukee-4939786900-lekka-Rozmiar-L-XL 720w,https:\/\/a.allegroimg.com\/s1024\/11334b\/a60aac7a4c3cb6eb34bf428e9165\/Kamizelka-Milwaukee-4939786900-lekka-Rozmiar-L-XL 1000w,https:\/\/a.allegroimg.com\/original\/11334b\/a60aac7a4c3cb6eb34bf428e9165\/Kamizelka-Milwaukee-4939786900-lekka-Rozmiar-L-XL 1000w\" alt=\"Kamizelka Milwaukee 4939786900 lekka Rozmiar L\/XL\" width=\"1000px\" data-srcset=\"\" \/><\/button><\/div>\n<\/div>\n<\/div>\n<\/div>\n<div class=\"mp4t_16_s mryx_16_s mr3m_1 mli2_1 mh85_56 mh85_0_l\">\n<div class=\"mgn2_16 _0d3bd_am0a-\">\n<h1>Kamizelka Milwaukee 4939786900 Rozmiar L\/XL<\/h1>\n<p><b>Kamizelka Milwaukee<\/b>\u00a0o numerze katalogowym\u00a0<b>4939786900<\/b>\u00a0to wysokiej jako\u015bci odzie\u017c robocza zaprojektowana z my\u015bl\u0105 o komforcie i funkcjonalno\u015bci u\u017cytkownika. Jest to wysokiej jako\u015bci odzie\u017c przeznaczona zar\u00f3wno do pracy, jak i codziennego u\u017cytku. Wyr\u00f3\u017cnia si\u0119 lekk\u0105, puchow\u0105 konstrukcj\u0105, kt\u00f3ra zapewnia komfort cieplny bez zb\u0119dnego obci\u0105\u017cenia. Doskona\u0142a jako dodatkowa warstwa w ch\u0142odniejsze dni \u2013 sprawdzi si\u0119 na budowie, w warsztacie, jak i w plenerze.Chocia\u017c szczeg\u00f3\u0142owe informacje na temat tego konkretnego modelu s\u0105 ograniczone, warto zwr\u00f3ci\u0107 uwag\u0119 na og\u00f3lne cechy kamizelek Milwaukee, kt\u00f3re wyr\u00f3\u017cniaj\u0105 je na rynku.<\/p>\n<p>Rozmiar jeden dla wszystkich zbli\u017cony do L, XL<\/p>\n<p><b>Cechy charakterystyczne kamizelek Milwaukee:<\/b><\/p>\n<ul>\n<li><b>Wysoka widoczno\u015b\u0107:<\/b>\u00a0Wi\u0119kszo\u015b\u0107 kamizelek Milwaukee jest dost\u0119pna w jaskrawych kolorach, takich jak \u017c\u00f3\u0142ty czy pomara\u0144czowy, co zwi\u0119ksza bezpiecze\u0144stwo u\u017cytkownika na placu budowy czy w innych miejscach pracy.<\/li>\n<li><b>Wytrzyma\u0142e materia\u0142y:<\/b>\u00a0Kamizelki s\u0105 wykonane z trwa\u0142ych materia\u0142\u00f3w, takich jak poliester o wysokiej g\u0119sto\u015bci (600D), co zapewnia odporno\u015b\u0107 na uszkodzenia mechaniczne i d\u0142ug\u0105 \u017cywotno\u015b\u0107 produktu.<\/li>\n<li><b>Funkcjonalno\u015b\u0107:<\/b>\u00a0Produkty Milwaukee cz\u0119sto wyposa\u017cone s\u0105 w liczne kieszenie, w tym kiesze\u0144 na tablet, przezroczysty holder na identyfikator oraz wewn\u0119trzne kieszenie, co pozwala na przechowywanie narz\u0119dzi i akcesori\u00f3w w zasi\u0119gu r\u0119ki.<\/li>\n<li><b>Komfort noszenia:<\/b>\u00a0Kamizelki posiadaj\u0105 wy\u015bcie\u0142any ko\u0142nierz, kt\u00f3ry redukuje nacisk na szyj\u0119, oraz system szybkiej regulacji rozmiaru, umo\u017cliwiaj\u0105cy dopasowanie kamizelki do r\u00f3\u017cnych warstw odzie\u017cy.<\/li>\n<\/ul>\n<\/div>\n<\/div>\n<\/div>\n<div class=\"mpof_ki myre_zn myre_8v_l m389_6m_l\">\n<div class=\"mp4t_16_s mryx_16_s mr3m_1 mli2_1 mh85_56 mh85_0_l\">\n<div class=\"mgn2_16 _0d3bd_am0a-\">\n<p>Kamizelka Milwaukee to po\u0142\u0105czenie funkcjonalno\u015bci i wygody. Idealna dla profesjonalist\u00f3w, kt\u00f3rzy ceni\u0105 sobie wysok\u0105 jako\u015b\u0107 odzie\u017cy roboczej, ale te\u017c dla fan\u00f3w marki szukaj\u0105cych stylowego i praktycznego bezr\u0119kawnika na co dzie\u0144.<\/p>\n<\/div>\n<\/div>\n<div class=\"mp4t_16_s mryx_16_s mr3m_1 mli2_1 mh85_56 mh85_0_l\">\n<div class=\"mg9e_8 mj7a_8 mg9e_0_s mvrt_0_s mj7a_0_s mh36_0_s mzmg_6m munh_16_l m3h2_16_l\">\n<div class=\"mp4t_0 mryx_0 munh_56 m3h2_56\">\n<div class=\"mp7g_oh\"><button class=\"mg9e_0 mvrt_0 mj7a_0 mh36_0 mp4t_0 m3h2_0 mryx_0 munh_0 mqen_m6 mpof_z0 mx7m_0 m7er_k4 mse2_k4 msts_pt\" data-analytics-interaction=\"true\" data-analytics-interaction-label=\"zoomable-image-open\" aria-disabled=\"true\"><img decoding=\"async\" class=\"msub_k4 mupj_5k mjru_k4 mse2_k4 mp7g_f6 mq1m_0 mj7u_0 m7er_k4 mqen_m6 m31c_d8 m0ux_fp lazyloaded\" src=\"https:\/\/a.allegroimg.com\/original\/117f97\/53453a2a4827b372a0e524da1593\/Kamizelka-Milwaukee-4939786900-lekka-Rozmiar-L-XL-EAN-GTIN-4058546575533\" sizes=\"(min-width: 1200px) 560px, (min-width: 992px) 50vw, 100vw\" srcset=\"https:\/\/a.allegroimg.com\/s360\/117f97\/53453a2a4827b372a0e524da1593\/Kamizelka-Milwaukee-4939786900-lekka-Rozmiar-L-XL-EAN-GTIN-4058546575533 360w,https:\/\/a.allegroimg.com\/s720\/117f97\/53453a2a4827b372a0e524da1593\/Kamizelka-Milwaukee-4939786900-lekka-Rozmiar-L-XL-EAN-GTIN-4058546575533 720w,https:\/\/a.allegroimg.com\/s1024\/117f97\/53453a2a4827b372a0e524da1593\/Kamizelka-Milwaukee-4939786900-lekka-Rozmiar-L-XL-EAN-GTIN-4058546575533 1000w,https:\/\/a.allegroimg.com\/original\/117f97\/53453a2a4827b372a0e524da1593\/Kamizelka-Milwaukee-4939786900-lekka-Rozmiar-L-XL-EAN-GTIN-4058546575533 1000w\" alt=\"Kamizelka Milwaukee 4939786900 lekka Rozmiar L\/XL EAN (GTIN) 4058546575533\" width=\"1000px\" data-srcset=\"\" \/><\/button><\/div>\n<\/div>\n<\/div>\n<\/div>\n<\/div>\n","protected":false},"excerpt":{"rendered":"<p>Kamizelka Milwaukee 4939786900 Rozmiar L\/XL Kamizelka Milwaukee\u00a0o numerze katalogowym\u00a04939786900\u00a0to wysokiej jako\u015bci odzie\u017c robocza zaprojektowana z my\u015bl\u0105 o komforcie i funkcjonalno\u015bci u\u017cytkownika. Jest to wysokiej jako\u015bci odzie\u017c przeznaczona zar\u00f3wno do pracy,<\/p>\n","protected":false},"featured_media":4032,"comment_status":"open","ping_status":"closed","template":"","meta":[],"product_cat":[81],"product_tag":[],"class_list":{"0":"post-4031","1":"product","2":"type-product","3":"status-publish","4":"has-post-thumbnail","6":"product_cat-elektronarzedzia","8":"first","9":"instock","10":"sale","11":"shipping-taxable","12":"purchasable","13":"product-type-simple"},"aioseo_notices":[],"_links":{"self":[{"href":"https:\/\/bestlimit.pl\/index.php?rest_route=\/wp\/v2\/product\/4031","targetHints":{"allow":["GET"]}}],"collection":[{"href":"https:\/\/bestlimit.pl\/index.php?rest_route=\/wp\/v2\/product"}],"about":[{"href":"https:\/\/bestlimit.pl\/index.php?rest_route=\/wp\/v2\/types\/product"}],"replies":[{"embeddable":true,"href":"https:\/\/bestlimit.pl\/index.php?rest_route=%2Fwp%2Fv2%2Fcomments&post=4031"}],"version-history":[{"count":1,"href":"https:\/\/bestlimit.pl\/index.php?rest_route=\/wp\/v2\/product\/4031\/revisions"}],"predecessor-version":[{"id":4033,"href":"https:\/\/bestlimit.pl\/index.php?rest_route=\/wp\/v2\/product\/4031\/revisions\/4033"}],"wp:featuredmedia":[{"embeddable":true,"href":"https:\/\/bestlimit.pl\/index.php?rest_route=\/wp\/v2\/media\/4032"}],"wp:attachment":[{"href":"https:\/\/bestlimit.pl\/index.php?rest_route=%2Fwp%2Fv2%2Fmedia&parent=4031"}],"wp:term":[{"taxonomy":"product_cat","embeddable":true,"href":"https:\/\/bestlimit.pl\/index.php?rest_route=%2Fwp%2Fv2%2Fproduct_cat&post=4031"},{"taxonomy":"product_tag","embeddable":true,"href":"https:\/\/bestlimit.pl\/index.php?rest_route=%2Fwp%2Fv2%2Fproduct_tag&post=4031"}],"curies":[{"name":"wp","href":"https:\/\/api.w.org\/{rel}","templated":true}]}}