{"id":4024,"date":"2025-12-12T20:33:51","date_gmt":"2025-12-12T19:33:51","guid":{"rendered":"https:\/\/bestlimit.pl\/?post_type=product&#038;p=4024"},"modified":"2025-12-12T20:34:30","modified_gmt":"2025-12-12T19:34:30","slug":"zestaw-nasadek-udarowych-dlugich-milwaukee-1-2%e2%80%b3-10-szt-4932480457","status":"publish","type":"product","link":"https:\/\/bestlimit.pl\/?product=zestaw-nasadek-udarowych-dlugich-milwaukee-1-2%e2%80%b3-10-szt-4932480457","title":{"rendered":"Zestaw nasadek udarowych d\u0142ugich Milwaukee 1\/2\u2033 10 szt. 4932480457"},"content":{"rendered":"<div class=\"mpof_ki myre_zn myre_8v_l m389_6m_l\">\n<div class=\"mp4t_16_s mryx_16_s mr3m_1 mli2_1 mh85_56 mh85_0_l\">\n<div class=\"mg9e_8 mj7a_8 mg9e_0_s mvrt_0_s mj7a_0_s mh36_0_s mzmg_6m munh_16_l m3h2_16_l\">\n<div class=\"mp4t_0 mryx_0 munh_56 m3h2_56\">\n<div class=\"mp7g_oh\"><button class=\"mg9e_0 mvrt_0 mj7a_0 mh36_0 mp4t_0 m3h2_0 mryx_0 munh_0 mqen_m6 mpof_z0 mx7m_0 m7er_k4 mse2_k4 msts_pt\" data-analytics-interaction=\"true\" data-analytics-interaction-label=\"zoomable-image-open\" aria-disabled=\"true\"><img decoding=\"async\" class=\"msub_k4 mupj_5k mjru_k4 mse2_k4 mp7g_f6 mq1m_0 mj7u_0 m7er_k4 mqen_m6 m31c_d8 m0ux_fp lazyloaded\" src=\"https:\/\/a.allegroimg.com\/original\/11f856\/5911ec3944f6ab47707f86e8fcf9\/Zestaw-nasadek-udarowych-dlugich-Milwaukee-1-2-10-szt-4932480457-Marka-Milwaukee\" sizes=\"100vw\" srcset=\"https:\/\/a.allegroimg.com\/s360\/11f856\/5911ec3944f6ab47707f86e8fcf9\/Zestaw-nasadek-udarowych-dlugich-Milwaukee-1-2-10-szt-4932480457-Marka-Milwaukee 298w,https:\/\/a.allegroimg.com\/s720\/11f856\/5911ec3944f6ab47707f86e8fcf9\/Zestaw-nasadek-udarowych-dlugich-Milwaukee-1-2-10-szt-4932480457-Marka-Milwaukee 597w,https:\/\/a.allegroimg.com\/s1024\/11f856\/5911ec3944f6ab47707f86e8fcf9\/Zestaw-nasadek-udarowych-dlugich-Milwaukee-1-2-10-szt-4932480457-Marka-Milwaukee 792w,https:\/\/a.allegroimg.com\/original\/11f856\/5911ec3944f6ab47707f86e8fcf9\/Zestaw-nasadek-udarowych-dlugich-Milwaukee-1-2-10-szt-4932480457-Marka-Milwaukee 792w\" alt=\"Zestaw nasadek udarowych d\u0142ugich Milwaukee 1\/2\u2033 10 szt. 4932480457 Marka Milwaukee\" width=\"792px\" data-srcset=\"\" \/><\/button><\/div>\n<\/div>\n<\/div>\n<\/div>\n<\/div>\n<div class=\"mpof_ki myre_zn myre_8v_l m389_6m_l\">\n<div class=\"mp4t_16_s mryx_16_s mr3m_1 mli2_1 mh85_56 mh85_0_l\">\n<div class=\"mgn2_16 _0d3bd_am0a-\">\n<h1>ZESTAW D\u0141UGICH NASADEK UDAROWYCH 1\/2 &#8211; 10 SZT.<\/h1>\n<h2>MARKI MILWAUKEE SHOCKWAVE<\/h2>\n<h2>Numer artyku\u0142u: 4932480457<\/h2>\n<\/div>\n<\/div>\n<\/div>\n<div class=\"mpof_ki myre_zn myre_8v_l m389_6m_l\">\n<div class=\"mp4t_16_s mryx_16_s mr3m_1 mli2_1 mh85_56 mh85_0_l\">\n<div class=\"mg9e_8 mj7a_8 mg9e_0_s mvrt_0_s mj7a_0_s mh36_0_s mzmg_6m munh_16_l m3h2_16_l\">\n<div class=\"mp4t_0 mryx_0 munh_56 m3h2_56\">\n<div class=\"mp7g_oh\"><button class=\"mg9e_0 mvrt_0 mj7a_0 mh36_0 mp4t_0 m3h2_0 mryx_0 munh_0 mqen_m6 mpof_z0 mx7m_0 m7er_k4 mse2_k4 msts_pt\" data-analytics-interaction=\"true\" data-analytics-interaction-label=\"zoomable-image-open\" aria-disabled=\"true\"><img decoding=\"async\" class=\"msub_k4 mupj_5k mjru_k4 mse2_k4 mp7g_f6 mq1m_0 mj7u_0 m7er_k4 mqen_m6 m31c_d8 m0ux_fp lazyloaded\" src=\"https:\/\/a.allegroimg.com\/original\/11a155\/a13bcb014c38b09e98edae8aade7\/Zestaw-nasadek-udarowych-dlugich-Milwaukee-1-2-10-szt-4932480457-EAN-GTIN-4058546407421\" sizes=\"(min-width: 1200px) 560px, (min-width: 992px) 50vw, 100vw\" srcset=\"https:\/\/a.allegroimg.com\/s360\/11a155\/a13bcb014c38b09e98edae8aade7\/Zestaw-nasadek-udarowych-dlugich-Milwaukee-1-2-10-szt-4932480457-EAN-GTIN-4058546407421 360w,https:\/\/a.allegroimg.com\/s720\/11a155\/a13bcb014c38b09e98edae8aade7\/Zestaw-nasadek-udarowych-dlugich-Milwaukee-1-2-10-szt-4932480457-EAN-GTIN-4058546407421 720w,https:\/\/a.allegroimg.com\/s1024\/11a155\/a13bcb014c38b09e98edae8aade7\/Zestaw-nasadek-udarowych-dlugich-Milwaukee-1-2-10-szt-4932480457-EAN-GTIN-4058546407421 1000w,https:\/\/a.allegroimg.com\/original\/11a155\/a13bcb014c38b09e98edae8aade7\/Zestaw-nasadek-udarowych-dlugich-Milwaukee-1-2-10-szt-4932480457-EAN-GTIN-4058546407421 1000w\" alt=\"Zestaw nasadek udarowych d\u0142ugich Milwaukee 1\/2\u2033 10 szt. 4932480457 EAN (GTIN) 4058546407421\" width=\"1000px\" data-srcset=\"\" \/><\/button><\/div>\n<\/div>\n<\/div>\n<\/div>\n<div class=\"mp4t_16_s mryx_16_s mr3m_1 mli2_1 mh85_56 mh85_0_l\">\n<div class=\"mgn2_16 _0d3bd_am0a-\">\n<h2>Cechy:<\/h2>\n<ul>\n<li>Stal SHOCKWAVE\u2122 IMPACT DUTY (chromowo-molibdenowa) jest wysokiej jako\u015bci stal\u0105 stopow\u0105, kt\u00f3ra\u00a0<b>zapewnia najwy\u017csz\u0105 wytrzyma\u0142o\u015b\u0107 i trwa\u0142o\u015b\u0107.<\/b><\/li>\n<li><b>Najlepsze dopasowanie dzi\u0119ki 6 punktom chwytu.<\/b><\/li>\n<li>Wg\u0142\u0119bione naro\u017cniki pozwalaj\u0105 na przeniesienie momentu obrotowego po p\u0142askich elementach nasadki, a nie powoduj\u0105 napr\u0119\u017ce\u0144 i obci\u0105\u017cenia na ko\u0144c\u00f3wk\u0119 lub w naro\u017cnikach.<\/li>\n<li>Cienkie \u015bcianki\u00a0<b>umo\u017cliwiaj\u0105 dotarcie do trudno dost\u0119pnych miejsc.<\/b><\/li>\n<li>D\u0142ugie \u015bcianki zapewniaj\u0105 odpowiedni\u0105 ilo\u015b\u0107 miejsca dla wystaj\u0105cych \u015brub.<\/li>\n<\/ul>\n<h2>Dane techniczne:<\/h2>\n<ul>\n<li><b>Ilo\u015b\u0107 w zestawie:\u00a0<\/b>10 szt.<\/li>\n<li><b>Rozmiar mocowania:\u00a0<\/b>1\/2<\/li>\n<li><b>Typ:<\/b>\u00a06-k\u0105tne<\/li>\n<li><b>Rodzaj stali:\u00a0<\/b>chromowo-molibdenowa<\/li>\n<li><b>Rozmiar (mm):\u00a0<\/b>10, 11, 12, 13, 14, 17, 19, 21, 22, 24<\/li>\n<li><b>D\u0142ugo\u015b\u0107 (mm):<\/b>\u00a080<\/li>\n<li><b>Wymiary walizki (mm):\u00a0<\/b>280x280x90<\/li>\n<\/ul>\n<\/div>\n<\/div>\n<\/div>\n","protected":false},"excerpt":{"rendered":"<p>ZESTAW D\u0141UGICH NASADEK UDAROWYCH 1\/2 &#8211; 10 SZT. MARKI MILWAUKEE SHOCKWAVE Numer artyku\u0142u: 4932480457 Cechy: Stal SHOCKWAVE\u2122 IMPACT DUTY (chromowo-molibdenowa) jest wysokiej jako\u015bci stal\u0105 stopow\u0105, kt\u00f3ra\u00a0zapewnia najwy\u017csz\u0105 wytrzyma\u0142o\u015b\u0107 i trwa\u0142o\u015b\u0107.<\/p>\n","protected":false},"featured_media":4025,"comment_status":"open","ping_status":"closed","template":"","meta":[],"product_cat":[81],"product_tag":[],"class_list":{"0":"post-4024","1":"product","2":"type-product","3":"status-publish","4":"has-post-thumbnail","6":"product_brand-milwaukee","7":"product_cat-elektronarzedzia","9":"first","10":"instock","11":"sale","12":"shipping-taxable","13":"purchasable","14":"product-type-simple"},"aioseo_notices":[],"_links":{"self":[{"href":"https:\/\/bestlimit.pl\/index.php?rest_route=\/wp\/v2\/product\/4024","targetHints":{"allow":["GET"]}}],"collection":[{"href":"https:\/\/bestlimit.pl\/index.php?rest_route=\/wp\/v2\/product"}],"about":[{"href":"https:\/\/bestlimit.pl\/index.php?rest_route=\/wp\/v2\/types\/product"}],"replies":[{"embeddable":true,"href":"https:\/\/bestlimit.pl\/index.php?rest_route=%2Fwp%2Fv2%2Fcomments&post=4024"}],"version-history":[{"count":1,"href":"https:\/\/bestlimit.pl\/index.php?rest_route=\/wp\/v2\/product\/4024\/revisions"}],"predecessor-version":[{"id":4026,"href":"https:\/\/bestlimit.pl\/index.php?rest_route=\/wp\/v2\/product\/4024\/revisions\/4026"}],"wp:featuredmedia":[{"embeddable":true,"href":"https:\/\/bestlimit.pl\/index.php?rest_route=\/wp\/v2\/media\/4025"}],"wp:attachment":[{"href":"https:\/\/bestlimit.pl\/index.php?rest_route=%2Fwp%2Fv2%2Fmedia&parent=4024"}],"wp:term":[{"taxonomy":"product_cat","embeddable":true,"href":"https:\/\/bestlimit.pl\/index.php?rest_route=%2Fwp%2Fv2%2Fproduct_cat&post=4024"},{"taxonomy":"product_tag","embeddable":true,"href":"https:\/\/bestlimit.pl\/index.php?rest_route=%2Fwp%2Fv2%2Fproduct_tag&post=4024"}],"curies":[{"name":"wp","href":"https:\/\/api.w.org\/{rel}","templated":true}]}}