{"id":3896,"date":"2025-07-11T20:55:19","date_gmt":"2025-07-11T18:55:19","guid":{"rendered":"https:\/\/bestlimit.pl\/?post_type=product&#038;p=3896"},"modified":"2025-07-11T20:55:19","modified_gmt":"2025-07-11T18:55:19","slug":"zestaw-milwaukee-powerpack-18-v-set-m18-blpp2g-502x","status":"publish","type":"product","link":"https:\/\/bestlimit.pl\/?product=zestaw-milwaukee-powerpack-18-v-set-m18-blpp2g-502x","title":{"rendered":"Zestaw Milwaukee POWERPACK 18 V Set | M18 BLPP2G-502X"},"content":{"rendered":"<div class=\"app-container\">\n<div class=\"mgn2_14 mp0t_0a mqu1_21 mli8_k4 mgmw_wo msts_pt _0d3bd_K6Qpj\">\n<div class=\"mpof_ki myre_zn myre_8v_l m389_6m_l\">\n<div class=\"mp4t_16_s mryx_16_s mr3m_1 mli2_1 mh85_56 mh85_0_l\">\n<div class=\"mg9e_8 mj7a_8 mg9e_0_s mvrt_0_s mj7a_0_s mh36_0_s mzmg_6m munh_16_l m3h2_16_l\">\n<div class=\"mp4t_0 mryx_0 munh_56 m3h2_56\">\n<div class=\"mp7g_oh\"><img decoding=\"async\" class=\"msub_k4 mupj_5k mjru_k4 mse2_k4 mp7g_f6 mq1m_0 mj7u_0 m7er_k4 lazyloaded\" src=\"https:\/\/a.allegroimg.com\/original\/11b990\/a884413244d7b50e473c48119189\/Zestaw-Milwaukee-POWERPACK-18-V-Set-M18-BLPP2G-502X-Zawartosc-zestawu-mlotowiertarka-szlifierka-katowa\" sizes=\"100vw\" srcset=\"https:\/\/a.allegroimg.com\/s360\/11b990\/a884413244d7b50e473c48119189\/Zestaw-Milwaukee-POWERPACK-18-V-Set-M18-BLPP2G-502X-Zawartosc-zestawu-mlotowiertarka-szlifierka-katowa 360w,https:\/\/a.allegroimg.com\/s720\/11b990\/a884413244d7b50e473c48119189\/Zestaw-Milwaukee-POWERPACK-18-V-Set-M18-BLPP2G-502X-Zawartosc-zestawu-mlotowiertarka-szlifierka-katowa 640w,https:\/\/a.allegroimg.com\/original\/11b990\/a884413244d7b50e473c48119189\/Zestaw-Milwaukee-POWERPACK-18-V-Set-M18-BLPP2G-502X-Zawartosc-zestawu-mlotowiertarka-szlifierka-katowa 640w\" alt=\"Zestaw Milwaukee POWERPACK 18 V Set | M18 BLPP2G-502X Zawarto\u015b\u0107 zestawu m\u0142otowiertarka szlifierka k\u0105towa\" width=\"640px\" data-src=\"https:\/\/a.allegroimg.com\/original\/11b990\/a884413244d7b50e473c48119189\/Zestaw-Milwaukee-POWERPACK-18-V-Set-M18-BLPP2G-502X-Zawartosc-zestawu-mlotowiertarka-szlifierka-katowa\" data-srcset=\"https:\/\/a.allegroimg.com\/s360\/11b990\/a884413244d7b50e473c48119189\/Zestaw-Milwaukee-POWERPACK-18-V-Set-M18-BLPP2G-502X-Zawartosc-zestawu-mlotowiertarka-szlifierka-katowa 360w,https:\/\/a.allegroimg.com\/s720\/11b990\/a884413244d7b50e473c48119189\/Zestaw-Milwaukee-POWERPACK-18-V-Set-M18-BLPP2G-502X-Zawartosc-zestawu-mlotowiertarka-szlifierka-katowa 640w,https:\/\/a.allegroimg.com\/original\/11b990\/a884413244d7b50e473c48119189\/Zestaw-Milwaukee-POWERPACK-18-V-Set-M18-BLPP2G-502X-Zawartosc-zestawu-mlotowiertarka-szlifierka-katowa 640w\" \/><\/div>\n<\/div>\n<\/div>\n<\/div>\n<\/div>\n<div class=\"mpof_ki myre_zn myre_8v_l m389_6m_l\">\n<div class=\"mp4t_16_s mryx_16_s mr3m_1 mli2_1 mh85_56 mh85_0_l\">\n<div class=\"mg9e_8 mj7a_8 mg9e_0_s mvrt_0_s mj7a_0_s mh36_0_s mzmg_6m munh_16_l m3h2_16_l\">\n<div class=\"mp4t_0 mryx_0 munh_56 m3h2_56\">\n<div class=\"mp7g_oh\"><img decoding=\"async\" class=\"msub_k4 mupj_5k mjru_k4 mse2_k4 mp7g_f6 mq1m_0 mj7u_0 m7er_k4 lazyloaded\" src=\"https:\/\/a.allegroimg.com\/original\/11c042\/e1fc64c54500a48c0a18abd764cb\/Zestaw-Milwaukee-POWERPACK-18-V-Set-M18-BLPP2G-502X\" sizes=\"(min-width: 1200px) 560px, (min-width: 992px) 50vw, 100vw\" srcset=\"https:\/\/a.allegroimg.com\/s360\/11c042\/e1fc64c54500a48c0a18abd764cb\/Zestaw-Milwaukee-POWERPACK-18-V-Set-M18-BLPP2G-502X 360w,https:\/\/a.allegroimg.com\/s720\/11c042\/e1fc64c54500a48c0a18abd764cb\/Zestaw-Milwaukee-POWERPACK-18-V-Set-M18-BLPP2G-502X 720w,https:\/\/a.allegroimg.com\/s1024\/11c042\/e1fc64c54500a48c0a18abd764cb\/Zestaw-Milwaukee-POWERPACK-18-V-Set-M18-BLPP2G-502X 1000w,https:\/\/a.allegroimg.com\/original\/11c042\/e1fc64c54500a48c0a18abd764cb\/Zestaw-Milwaukee-POWERPACK-18-V-Set-M18-BLPP2G-502X 1000w\" alt=\"Zestaw Milwaukee POWERPACK 18 V Set | M18 BLPP2G-502X\" width=\"1000px\" data-src=\"https:\/\/a.allegroimg.com\/original\/11c042\/e1fc64c54500a48c0a18abd764cb\/Zestaw-Milwaukee-POWERPACK-18-V-Set-M18-BLPP2G-502X\" data-srcset=\"https:\/\/a.allegroimg.com\/s360\/11c042\/e1fc64c54500a48c0a18abd764cb\/Zestaw-Milwaukee-POWERPACK-18-V-Set-M18-BLPP2G-502X 360w,https:\/\/a.allegroimg.com\/s720\/11c042\/e1fc64c54500a48c0a18abd764cb\/Zestaw-Milwaukee-POWERPACK-18-V-Set-M18-BLPP2G-502X 720w,https:\/\/a.allegroimg.com\/s1024\/11c042\/e1fc64c54500a48c0a18abd764cb\/Zestaw-Milwaukee-POWERPACK-18-V-Set-M18-BLPP2G-502X 1000w,https:\/\/a.allegroimg.com\/original\/11c042\/e1fc64c54500a48c0a18abd764cb\/Zestaw-Milwaukee-POWERPACK-18-V-Set-M18-BLPP2G-502X 1000w\" \/><\/div>\n<\/div>\n<\/div>\n<\/div>\n<div class=\"mp4t_16_s mryx_16_s mr3m_1 mli2_1 mh85_56 mh85_0_l\">\n<div class=\"mgn2_16 _0d3bd_am0a-\">\n<p><b>Zestaw Milwaukee PowerPack M18 BLPP2G-502X<\/b><\/p>\n<p>Profesjonalny zestaw narz\u0119dzi akumulatorowych Milwaukee z serii M18, zaprojektowany z my\u015bl\u0105 o intensywnym u\u017cytkowaniu w wymagaj\u0105cych warunkach. W sk\u0142ad zestawu wchodz\u0105:<\/p>\n<\/div>\n<\/div>\n<\/div>\n<div class=\"mpof_ki myre_zn myre_8v_l m389_6m_l\">\n<div class=\"mp4t_16_s mryx_16_s mr3m_1 mli2_1 mh85_56 mh85_0_l\">\n<div class=\"mgn2_16 _0d3bd_am0a-\">\n<ul>\n<li><b>Wiertarko-wkr\u0119tarka udarowa M18 BLPD2<\/b> \u2013 kompaktowa i wydajna, z silnikiem bezszczotkowym zapewniaj\u0105cym d\u0142ug\u0105 \u017cywotno\u015b\u0107 oraz doskona\u0142\u0105 wydajno\u015b\u0107 pracy.<\/li>\n<li><b>Zakretarka udarowa M18 BLID2<\/b> \u2013 o du\u017cej mocy, idealna do szybkiego wkr\u0119cania i odkr\u0119cania nawet mocno dokr\u0119conych \u015brub.<\/li>\n<li><b>2 akumulatory M18 5.0 Ah<\/b> \u2013 wydajne baterie litowo-jonowe REDLITHIUM\u2122 zapewniaj\u0105ce d\u0142ugi czas pracy na jednym \u0142adowaniu.<\/li>\n<li><b>\u0141adowarka szybka<\/b> \u2013 umo\u017cliwiaj\u0105ca szybkie \u0142adowanie akumulator\u00f3w.<\/li>\n<li><b>Walizka systemowa HD Box<\/b> \u2013 solidna, odporna na uszkodzenia, przeznaczona do wygodnego transportu i przechowywania ca\u0142ego zestawu.<\/li>\n<\/ul>\n<\/div>\n<\/div>\n<div class=\"mp4t_16_s mryx_16_s mr3m_1 mli2_1 mh85_56 mh85_0_l\">\n<div class=\"mg9e_8 mj7a_8 mg9e_0_s mvrt_0_s mj7a_0_s mh36_0_s mzmg_6m munh_16_l m3h2_16_l\">\n<div class=\"mp4t_0 mryx_0 munh_56 m3h2_56\">\n<div class=\"mp7g_oh\"><img decoding=\"async\" class=\"msub_k4 mupj_5k mjru_k4 mse2_k4 mp7g_f6 mq1m_0 mj7u_0 m7er_k4 lazyloaded\" src=\"https:\/\/a.allegroimg.com\/original\/117aa1\/78eb2c4c416d80151fb7edb64c13\/Zestaw-Milwaukee-POWERPACK-18-V-Set-M18-BLPP2G-502X-Kod-producenta-4933478892\" sizes=\"(min-width: 1200px) 560px, (min-width: 992px) 50vw, 100vw\" srcset=\"https:\/\/a.allegroimg.com\/s360\/117aa1\/78eb2c4c416d80151fb7edb64c13\/Zestaw-Milwaukee-POWERPACK-18-V-Set-M18-BLPP2G-502X-Kod-producenta-4933478892 360w,https:\/\/a.allegroimg.com\/s720\/117aa1\/78eb2c4c416d80151fb7edb64c13\/Zestaw-Milwaukee-POWERPACK-18-V-Set-M18-BLPP2G-502X-Kod-producenta-4933478892 720w,https:\/\/a.allegroimg.com\/s1024\/117aa1\/78eb2c4c416d80151fb7edb64c13\/Zestaw-Milwaukee-POWERPACK-18-V-Set-M18-BLPP2G-502X-Kod-producenta-4933478892 1000w,https:\/\/a.allegroimg.com\/original\/117aa1\/78eb2c4c416d80151fb7edb64c13\/Zestaw-Milwaukee-POWERPACK-18-V-Set-M18-BLPP2G-502X-Kod-producenta-4933478892 1000w\" alt=\"Zestaw Milwaukee POWERPACK 18 V Set | M18 BLPP2G-502X Kod producenta 4933478892\" width=\"1000px\" data-src=\"https:\/\/a.allegroimg.com\/original\/117aa1\/78eb2c4c416d80151fb7edb64c13\/Zestaw-Milwaukee-POWERPACK-18-V-Set-M18-BLPP2G-502X-Kod-producenta-4933478892\" data-srcset=\"https:\/\/a.allegroimg.com\/s360\/117aa1\/78eb2c4c416d80151fb7edb64c13\/Zestaw-Milwaukee-POWERPACK-18-V-Set-M18-BLPP2G-502X-Kod-producenta-4933478892 360w,https:\/\/a.allegroimg.com\/s720\/117aa1\/78eb2c4c416d80151fb7edb64c13\/Zestaw-Milwaukee-POWERPACK-18-V-Set-M18-BLPP2G-502X-Kod-producenta-4933478892 720w,https:\/\/a.allegroimg.com\/s1024\/117aa1\/78eb2c4c416d80151fb7edb64c13\/Zestaw-Milwaukee-POWERPACK-18-V-Set-M18-BLPP2G-502X-Kod-producenta-4933478892 1000w,https:\/\/a.allegroimg.com\/original\/117aa1\/78eb2c4c416d80151fb7edb64c13\/Zestaw-Milwaukee-POWERPACK-18-V-Set-M18-BLPP2G-502X-Kod-producenta-4933478892 1000w\" \/><\/div>\n<\/div>\n<\/div>\n<\/div>\n<\/div>\n<div class=\"mpof_ki myre_zn myre_8v_l m389_6m_l\">\n<div class=\"mp4t_16_s mryx_16_s mr3m_1 mli2_1 mh85_56 mh85_0_l\">\n<div class=\"mg9e_8 mj7a_8 mg9e_0_s mvrt_0_s mj7a_0_s mh36_0_s mzmg_6m munh_16_l m3h2_16_l\">\n<div class=\"mp4t_0 mryx_0 munh_56 m3h2_56\">\n<div class=\"mp7g_oh\"><img decoding=\"async\" class=\"msub_k4 mupj_5k mjru_k4 mse2_k4 mp7g_f6 mq1m_0 mj7u_0 m7er_k4 lazyloaded\" src=\"https:\/\/a.allegroimg.com\/original\/116367\/e38c1292431695e467049e53d1bb\/Zestaw-Milwaukee-POWERPACK-18-V-Set-M18-BLPP2G-502X-EAN-GTIN-4058546361747\" sizes=\"(min-width: 1200px) 560px, (min-width: 992px) 50vw, 100vw\" srcset=\"https:\/\/a.allegroimg.com\/s360\/116367\/e38c1292431695e467049e53d1bb\/Zestaw-Milwaukee-POWERPACK-18-V-Set-M18-BLPP2G-502X-EAN-GTIN-4058546361747 360w,https:\/\/a.allegroimg.com\/s720\/116367\/e38c1292431695e467049e53d1bb\/Zestaw-Milwaukee-POWERPACK-18-V-Set-M18-BLPP2G-502X-EAN-GTIN-4058546361747 720w,https:\/\/a.allegroimg.com\/s1024\/116367\/e38c1292431695e467049e53d1bb\/Zestaw-Milwaukee-POWERPACK-18-V-Set-M18-BLPP2G-502X-EAN-GTIN-4058546361747 1000w,https:\/\/a.allegroimg.com\/original\/116367\/e38c1292431695e467049e53d1bb\/Zestaw-Milwaukee-POWERPACK-18-V-Set-M18-BLPP2G-502X-EAN-GTIN-4058546361747 1000w\" alt=\"Zestaw Milwaukee POWERPACK 18 V Set | M18 BLPP2G-502X EAN (GTIN) 4058546361747\" width=\"1000px\" data-src=\"https:\/\/a.allegroimg.com\/original\/116367\/e38c1292431695e467049e53d1bb\/Zestaw-Milwaukee-POWERPACK-18-V-Set-M18-BLPP2G-502X-EAN-GTIN-4058546361747\" data-srcset=\"https:\/\/a.allegroimg.com\/s360\/116367\/e38c1292431695e467049e53d1bb\/Zestaw-Milwaukee-POWERPACK-18-V-Set-M18-BLPP2G-502X-EAN-GTIN-4058546361747 360w,https:\/\/a.allegroimg.com\/s720\/116367\/e38c1292431695e467049e53d1bb\/Zestaw-Milwaukee-POWERPACK-18-V-Set-M18-BLPP2G-502X-EAN-GTIN-4058546361747 720w,https:\/\/a.allegroimg.com\/s1024\/116367\/e38c1292431695e467049e53d1bb\/Zestaw-Milwaukee-POWERPACK-18-V-Set-M18-BLPP2G-502X-EAN-GTIN-4058546361747 1000w,https:\/\/a.allegroimg.com\/original\/116367\/e38c1292431695e467049e53d1bb\/Zestaw-Milwaukee-POWERPACK-18-V-Set-M18-BLPP2G-502X-EAN-GTIN-4058546361747 1000w\" \/><\/div>\n<\/div>\n<\/div>\n<\/div>\n<div class=\"mp4t_16_s mryx_16_s mr3m_1 mli2_1 mh85_56 mh85_0_l\">\n<div class=\"mgn2_16 _0d3bd_am0a-\">\n<p>Zestaw bazuje na technologii FUEL\u2122, co oznacza zastosowanie silnik\u00f3w bezszczotkowych, inteligentnej elektroniki REDLINK\u2122 i wydajnych akumulator\u00f3w REDLITHIUM\u2122, gwarantuj\u0105c maksymaln\u0105 wydajno\u015b\u0107 i niezawodno\u015b\u0107.<\/p>\n<p>Idealny wyb\u00f3r dla profesjonalist\u00f3w szukaj\u0105cych niezawodnych i mocnych narz\u0119dzi do pracy w terenie i warsztacie.<\/p>\n<\/div>\n<\/div>\n<\/div>\n<div class=\"mpof_ki myre_zn myre_8v_l m389_6m_l\">\n<div class=\"mp4t_16_s mryx_16_s mr3m_1 mli2_1 mh85_56 mh85_0_l\">\n<div class=\"mg9e_8 mj7a_8 mg9e_0_s mvrt_0_s mj7a_0_s mh36_0_s mzmg_6m munh_16_l m3h2_16_l\">\n<div class=\"mp4t_0 mryx_0 munh_56 m3h2_56\">\n<div class=\"mp7g_oh\"><img decoding=\"async\" class=\"msub_k4 mupj_5k mjru_k4 mse2_k4 mp7g_f6 mq1m_0 mj7u_0 m7er_k4 lazyloaded\" src=\"https:\/\/a.allegroimg.com\/original\/112c45\/8688c46e41558b5ae6f962bc3073\/Zestaw-Milwaukee-POWERPACK-18-V-Set-M18-BLPP2G-502X-Marka-Milwaukee\" sizes=\"100vw\" srcset=\"https:\/\/a.allegroimg.com\/s360\/112c45\/8688c46e41558b5ae6f962bc3073\/Zestaw-Milwaukee-POWERPACK-18-V-Set-M18-BLPP2G-502X-Marka-Milwaukee 360w,https:\/\/a.allegroimg.com\/s720\/112c45\/8688c46e41558b5ae6f962bc3073\/Zestaw-Milwaukee-POWERPACK-18-V-Set-M18-BLPP2G-502X-Marka-Milwaukee 720w,https:\/\/a.allegroimg.com\/s1024\/112c45\/8688c46e41558b5ae6f962bc3073\/Zestaw-Milwaukee-POWERPACK-18-V-Set-M18-BLPP2G-502X-Marka-Milwaukee 1000w,https:\/\/a.allegroimg.com\/original\/112c45\/8688c46e41558b5ae6f962bc3073\/Zestaw-Milwaukee-POWERPACK-18-V-Set-M18-BLPP2G-502X-Marka-Milwaukee 1000w\" alt=\"Zestaw Milwaukee POWERPACK 18 V Set | M18 BLPP2G-502X Marka Milwaukee\" width=\"1000px\" data-src=\"https:\/\/a.allegroimg.com\/original\/112c45\/8688c46e41558b5ae6f962bc3073\/Zestaw-Milwaukee-POWERPACK-18-V-Set-M18-BLPP2G-502X-Marka-Milwaukee\" data-srcset=\"https:\/\/a.allegroimg.com\/s360\/112c45\/8688c46e41558b5ae6f962bc3073\/Zestaw-Milwaukee-POWERPACK-18-V-Set-M18-BLPP2G-502X-Marka-Milwaukee 360w,https:\/\/a.allegroimg.com\/s720\/112c45\/8688c46e41558b5ae6f962bc3073\/Zestaw-Milwaukee-POWERPACK-18-V-Set-M18-BLPP2G-502X-Marka-Milwaukee 720w,https:\/\/a.allegroimg.com\/s1024\/112c45\/8688c46e41558b5ae6f962bc3073\/Zestaw-Milwaukee-POWERPACK-18-V-Set-M18-BLPP2G-502X-Marka-Milwaukee 1000w,https:\/\/a.allegroimg.com\/original\/112c45\/8688c46e41558b5ae6f962bc3073\/Zestaw-Milwaukee-POWERPACK-18-V-Set-M18-BLPP2G-502X-Marka-Milwaukee 1000w\" \/><\/div>\n<\/div>\n<\/div>\n<\/div>\n<\/div>\n<\/div>\n<\/div>\n","protected":false},"excerpt":{"rendered":"<p>Zestaw Milwaukee PowerPack M18 BLPP2G-502X Profesjonalny zestaw narz\u0119dzi akumulatorowych Milwaukee z serii M18, zaprojektowany z my\u015bl\u0105 o intensywnym u\u017cytkowaniu w wymagaj\u0105cych warunkach. W sk\u0142ad zestawu wchodz\u0105: Wiertarko-wkr\u0119tarka udarowa M18 BLPD2<\/p>\n","protected":false},"featured_media":3898,"comment_status":"open","ping_status":"closed","template":"","meta":[],"product_cat":[81],"product_tag":[],"class_list":{"0":"post-3896","1":"product","2":"type-product","3":"status-publish","4":"has-post-thumbnail","6":"product_brand-milwaukee","7":"product_cat-elektronarzedzia","9":"first","10":"instock","11":"sale","12":"shipping-taxable","13":"purchasable","14":"product-type-simple"},"aioseo_notices":[],"_links":{"self":[{"href":"https:\/\/bestlimit.pl\/index.php?rest_route=\/wp\/v2\/product\/3896","targetHints":{"allow":["GET"]}}],"collection":[{"href":"https:\/\/bestlimit.pl\/index.php?rest_route=\/wp\/v2\/product"}],"about":[{"href":"https:\/\/bestlimit.pl\/index.php?rest_route=\/wp\/v2\/types\/product"}],"replies":[{"embeddable":true,"href":"https:\/\/bestlimit.pl\/index.php?rest_route=%2Fwp%2Fv2%2Fcomments&post=3896"}],"version-history":[{"count":1,"href":"https:\/\/bestlimit.pl\/index.php?rest_route=\/wp\/v2\/product\/3896\/revisions"}],"predecessor-version":[{"id":3902,"href":"https:\/\/bestlimit.pl\/index.php?rest_route=\/wp\/v2\/product\/3896\/revisions\/3902"}],"wp:featuredmedia":[{"embeddable":true,"href":"https:\/\/bestlimit.pl\/index.php?rest_route=\/wp\/v2\/media\/3898"}],"wp:attachment":[{"href":"https:\/\/bestlimit.pl\/index.php?rest_route=%2Fwp%2Fv2%2Fmedia&parent=3896"}],"wp:term":[{"taxonomy":"product_cat","embeddable":true,"href":"https:\/\/bestlimit.pl\/index.php?rest_route=%2Fwp%2Fv2%2Fproduct_cat&post=3896"},{"taxonomy":"product_tag","embeddable":true,"href":"https:\/\/bestlimit.pl\/index.php?rest_route=%2Fwp%2Fv2%2Fproduct_tag&post=3896"}],"curies":[{"name":"wp","href":"https:\/\/api.w.org\/{rel}","templated":true}]}}