{"id":3834,"date":"2025-06-25T14:09:10","date_gmt":"2025-06-25T12:09:10","guid":{"rendered":"https:\/\/bestlimit.pl\/?post_type=product&#038;p=3834"},"modified":"2025-10-31T07:47:12","modified_gmt":"2025-10-31T06:47:12","slug":"pila-ukosowa-akumulatorowa-m18-fms190-0-fuel-18-v-milwaukee","status":"publish","type":"product","link":"https:\/\/bestlimit.pl\/?product=pila-ukosowa-akumulatorowa-m18-fms190-0-fuel-18-v-milwaukee","title":{"rendered":"Pi\u0142a ukosowa M18 FMS190-0 FUEL 18 V Milwaukee"},"content":{"rendered":"<div class=\"mpof_ki myre_zn myre_8v_l m389_6m_l\">\n<div class=\"mp4t_16_s mryx_16_s mr3m_1 mli2_1 mh85_56 mh85_0_l\">\n<div class=\"mg9e_8 mj7a_8 mg9e_0_s mvrt_0_s mj7a_0_s mh36_0_s mzmg_6m munh_16_l m3h2_16_l\">\n<div class=\"mp4t_0 mryx_0 munh_56 m3h2_56\">\n<div class=\"mp7g_oh\"><img decoding=\"async\" class=\"msub_k4 mupj_5k mjru_k4 mse2_k4 mp7g_f6 mq1m_0 mj7u_0 m7er_k4 lazyloaded\" src=\"https:\/\/a.allegroimg.com\/original\/11b990\/a884413244d7b50e473c48119189\/Pila-ukosowa-akumulatorowa-M18-FMS190-0-FUEL-18-V-Milwaukee-Szerokosc-ciecia-przy-45-stopniach-205-23-mm\" sizes=\"100vw\" srcset=\"https:\/\/a.allegroimg.com\/s360\/11b990\/a884413244d7b50e473c48119189\/Pila-ukosowa-akumulatorowa-M18-FMS190-0-FUEL-18-V-Milwaukee-Szerokosc-ciecia-przy-45-stopniach-205-23-mm 360w,https:\/\/a.allegroimg.com\/s720\/11b990\/a884413244d7b50e473c48119189\/Pila-ukosowa-akumulatorowa-M18-FMS190-0-FUEL-18-V-Milwaukee-Szerokosc-ciecia-przy-45-stopniach-205-23-mm 640w,https:\/\/a.allegroimg.com\/original\/11b990\/a884413244d7b50e473c48119189\/Pila-ukosowa-akumulatorowa-M18-FMS190-0-FUEL-18-V-Milwaukee-Szerokosc-ciecia-przy-45-stopniach-205-23-mm 640w\" alt=\"Pi\u0142a ukosowa akumulatorowa M18 FMS190-0 FUEL 18 V Milwaukee Szeroko\u015b\u0107 ci\u0119cia przy 45 stopniach 205.23 mm\" width=\"640px\" data-src=\"https:\/\/a.allegroimg.com\/original\/11b990\/a884413244d7b50e473c48119189\/Pila-ukosowa-akumulatorowa-M18-FMS190-0-FUEL-18-V-Milwaukee-Szerokosc-ciecia-przy-45-stopniach-205-23-mm\" data-srcset=\"https:\/\/a.allegroimg.com\/s360\/11b990\/a884413244d7b50e473c48119189\/Pila-ukosowa-akumulatorowa-M18-FMS190-0-FUEL-18-V-Milwaukee-Szerokosc-ciecia-przy-45-stopniach-205-23-mm 360w,https:\/\/a.allegroimg.com\/s720\/11b990\/a884413244d7b50e473c48119189\/Pila-ukosowa-akumulatorowa-M18-FMS190-0-FUEL-18-V-Milwaukee-Szerokosc-ciecia-przy-45-stopniach-205-23-mm 640w,https:\/\/a.allegroimg.com\/original\/11b990\/a884413244d7b50e473c48119189\/Pila-ukosowa-akumulatorowa-M18-FMS190-0-FUEL-18-V-Milwaukee-Szerokosc-ciecia-przy-45-stopniach-205-23-mm 640w\" \/><\/div>\n<\/div>\n<\/div>\n<\/div>\n<\/div>\n<div class=\"mpof_ki myre_zn myre_8v_l m389_6m_l\">\n<div class=\"mp4t_16_s mryx_16_s mr3m_1 mli2_1 mh85_56 mh85_0_l\">\n<div class=\"mg9e_8 mj7a_8 mg9e_0_s mvrt_0_s mj7a_0_s mh36_0_s mzmg_6m munh_16_l m3h2_16_l\">\n<div class=\"mp4t_0 mryx_0 munh_56 m3h2_56\">\n<div class=\"mp7g_oh\"><img decoding=\"async\" class=\"msub_k4 mupj_5k mjru_k4 mse2_k4 mp7g_f6 mq1m_0 mj7u_0 m7er_k4 lazyloaded\" src=\"https:\/\/2.allegroimg.com\/original\/06b073\/afd6b2324aff9a2cbb311a2304b2\/Pila-ukosowa-akumulatorowa-M18-FMS190-0-FUEL-18-V-Milwaukee-EAN-GTIN-4002395279418\" sizes=\"(min-width: 1200px) 560px, (min-width: 992px) 50vw, 100vw\" srcset=\"https:\/\/2.allegroimg.com\/s360\/06b073\/afd6b2324aff9a2cbb311a2304b2\/Pila-ukosowa-akumulatorowa-M18-FMS190-0-FUEL-18-V-Milwaukee-EAN-GTIN-4002395279418 355w,https:\/\/2.allegroimg.com\/s720\/06b073\/afd6b2324aff9a2cbb311a2304b2\/Pila-ukosowa-akumulatorowa-M18-FMS190-0-FUEL-18-V-Milwaukee-EAN-GTIN-4002395279418 711w,https:\/\/2.allegroimg.com\/s1024\/06b073\/afd6b2324aff9a2cbb311a2304b2\/Pila-ukosowa-akumulatorowa-M18-FMS190-0-FUEL-18-V-Milwaukee-EAN-GTIN-4002395279418 888w,https:\/\/2.allegroimg.com\/original\/06b073\/afd6b2324aff9a2cbb311a2304b2\/Pila-ukosowa-akumulatorowa-M18-FMS190-0-FUEL-18-V-Milwaukee-EAN-GTIN-4002395279418 888w\" alt=\"Pi\u0142a ukosowa akumulatorowa M18 FMS190-0 FUEL 18 V Milwaukee EAN (GTIN) 4002395279418\" width=\"888px\" data-src=\"https:\/\/2.allegroimg.com\/original\/06b073\/afd6b2324aff9a2cbb311a2304b2\/Pila-ukosowa-akumulatorowa-M18-FMS190-0-FUEL-18-V-Milwaukee-EAN-GTIN-4002395279418\" data-srcset=\"https:\/\/2.allegroimg.com\/s360\/06b073\/afd6b2324aff9a2cbb311a2304b2\/Pila-ukosowa-akumulatorowa-M18-FMS190-0-FUEL-18-V-Milwaukee-EAN-GTIN-4002395279418 355w,https:\/\/2.allegroimg.com\/s720\/06b073\/afd6b2324aff9a2cbb311a2304b2\/Pila-ukosowa-akumulatorowa-M18-FMS190-0-FUEL-18-V-Milwaukee-EAN-GTIN-4002395279418 711w,https:\/\/2.allegroimg.com\/s1024\/06b073\/afd6b2324aff9a2cbb311a2304b2\/Pila-ukosowa-akumulatorowa-M18-FMS190-0-FUEL-18-V-Milwaukee-EAN-GTIN-4002395279418 888w,https:\/\/2.allegroimg.com\/original\/06b073\/afd6b2324aff9a2cbb311a2304b2\/Pila-ukosowa-akumulatorowa-M18-FMS190-0-FUEL-18-V-Milwaukee-EAN-GTIN-4002395279418 888w\" \/><\/div>\n<\/div>\n<\/div>\n<\/div>\n<div class=\"mp4t_16_s mryx_16_s mr3m_1 mli2_1 mh85_56 mh85_0_l\">\n<div class=\"mgn2_16 _0d3bd_am0a-\">\n<h2>Milwaukee M18 FMS190-0 FUEL \u2013 Akumulatorowa Pi\u0142a Uko\u015bnica z Posuwem 190 mm (Body)<\/h2>\n<p>Profesjonalna, mobilna i niezwykle wydajna \u2013 pi\u0142a uko\u015bnica Milwaukee M18 FMS190-0 FUEL to idealne narz\u0119dzie dla stolarzy, monter\u00f3w i ekip budowlanych, kt\u00f3re ceni\u0105 sobie precyzj\u0119, niezawodno\u015b\u0107 i swobod\u0119 pracy bezprzewodowej.<\/p>\n<p>13 kg.<\/p>\n<\/div>\n<\/div>\n<\/div>\n<div class=\"mpof_ki myre_zn myre_8v_l m389_6m_l\">\n<div class=\"mp4t_16_s mryx_16_s mr3m_1 mli2_1 mh85_56 mh85_0_l\">\n<div class=\"mg9e_8 mj7a_8 mg9e_0_s mvrt_0_s mj7a_0_s mh36_0_s mzmg_6m munh_16_l m3h2_16_l\">\n<div class=\"mp4t_0 mryx_0 munh_56 m3h2_56\">\n<div class=\"mp7g_oh\"><img decoding=\"async\" class=\"msub_k4 mupj_5k mjru_k4 mse2_k4 mp7g_f6 mq1m_0 mj7u_0 m7er_k4 lazyloaded\" src=\"https:\/\/2.allegroimg.com\/original\/06b073\/afd6b2324aff9a2cbb311a2304b2\/Pila-ukosowa-akumulatorowa-M18-FMS190-0-FUEL-18-V-Milwaukee-EAN-GTIN-4002395279418\" sizes=\"100vw\" srcset=\"https:\/\/2.allegroimg.com\/s360\/06b073\/afd6b2324aff9a2cbb311a2304b2\/Pila-ukosowa-akumulatorowa-M18-FMS190-0-FUEL-18-V-Milwaukee-EAN-GTIN-4002395279418 355w,https:\/\/2.allegroimg.com\/s720\/06b073\/afd6b2324aff9a2cbb311a2304b2\/Pila-ukosowa-akumulatorowa-M18-FMS190-0-FUEL-18-V-Milwaukee-EAN-GTIN-4002395279418 711w,https:\/\/2.allegroimg.com\/s1024\/06b073\/afd6b2324aff9a2cbb311a2304b2\/Pila-ukosowa-akumulatorowa-M18-FMS190-0-FUEL-18-V-Milwaukee-EAN-GTIN-4002395279418 888w,https:\/\/2.allegroimg.com\/original\/06b073\/afd6b2324aff9a2cbb311a2304b2\/Pila-ukosowa-akumulatorowa-M18-FMS190-0-FUEL-18-V-Milwaukee-EAN-GTIN-4002395279418 888w\" alt=\"Pi\u0142a ukosowa akumulatorowa M18 FMS190-0 FUEL 18 V Milwaukee EAN (GTIN) 4002395279418\" width=\"888px\" data-src=\"https:\/\/2.allegroimg.com\/original\/06b073\/afd6b2324aff9a2cbb311a2304b2\/Pila-ukosowa-akumulatorowa-M18-FMS190-0-FUEL-18-V-Milwaukee-EAN-GTIN-4002395279418\" data-srcset=\"https:\/\/2.allegroimg.com\/s360\/06b073\/afd6b2324aff9a2cbb311a2304b2\/Pila-ukosowa-akumulatorowa-M18-FMS190-0-FUEL-18-V-Milwaukee-EAN-GTIN-4002395279418 355w,https:\/\/2.allegroimg.com\/s720\/06b073\/afd6b2324aff9a2cbb311a2304b2\/Pila-ukosowa-akumulatorowa-M18-FMS190-0-FUEL-18-V-Milwaukee-EAN-GTIN-4002395279418 711w,https:\/\/2.allegroimg.com\/s1024\/06b073\/afd6b2324aff9a2cbb311a2304b2\/Pila-ukosowa-akumulatorowa-M18-FMS190-0-FUEL-18-V-Milwaukee-EAN-GTIN-4002395279418 888w,https:\/\/2.allegroimg.com\/original\/06b073\/afd6b2324aff9a2cbb311a2304b2\/Pila-ukosowa-akumulatorowa-M18-FMS190-0-FUEL-18-V-Milwaukee-EAN-GTIN-4002395279418 888w\" \/><\/div>\n<\/div>\n<\/div>\n<\/div>\n<\/div>\n<div class=\"mpof_ki myre_zn myre_8v_l m389_6m_l\">\n<div class=\"mp4t_16_s mryx_16_s mr3m_1 mli2_1 mh85_56 mh85_0_l\">\n<div class=\"mg9e_8 mj7a_8 mg9e_0_s mvrt_0_s mj7a_0_s mh36_0_s mzmg_6m munh_16_l m3h2_16_l\">\n<div class=\"mp4t_0 mryx_0 munh_56 m3h2_56\">\n<div class=\"mp7g_oh\"><img decoding=\"async\" class=\"msub_k4 mupj_5k mjru_k4 mse2_k4 mp7g_f6 mq1m_0 mj7u_0 m7er_k4 lazyloaded\" src=\"https:\/\/a.allegroimg.com\/original\/1175f2\/47a557594dba9f39cab011a11d47\/Pila-ukosowa-akumulatorowa-M18-FMS190-0-FUEL-18-V-Milwaukee-Srednica-tarczy-254-mm\" sizes=\"(min-width: 1200px) 560px, (min-width: 992px) 50vw, 100vw\" srcset=\"https:\/\/a.allegroimg.com\/s360\/1175f2\/47a557594dba9f39cab011a11d47\/Pila-ukosowa-akumulatorowa-M18-FMS190-0-FUEL-18-V-Milwaukee-Srednica-tarczy-254-mm 360w,https:\/\/a.allegroimg.com\/s720\/1175f2\/47a557594dba9f39cab011a11d47\/Pila-ukosowa-akumulatorowa-M18-FMS190-0-FUEL-18-V-Milwaukee-Srednica-tarczy-254-mm 720w,https:\/\/a.allegroimg.com\/s1024\/1175f2\/47a557594dba9f39cab011a11d47\/Pila-ukosowa-akumulatorowa-M18-FMS190-0-FUEL-18-V-Milwaukee-Srednica-tarczy-254-mm 1000w,https:\/\/a.allegroimg.com\/original\/1175f2\/47a557594dba9f39cab011a11d47\/Pila-ukosowa-akumulatorowa-M18-FMS190-0-FUEL-18-V-Milwaukee-Srednica-tarczy-254-mm 1000w\" alt=\"Pi\u0142a ukosowa akumulatorowa M18 FMS190-0 FUEL 18 V Milwaukee \u015arednica tarczy 254 mm\" width=\"1000px\" data-src=\"https:\/\/a.allegroimg.com\/original\/1175f2\/47a557594dba9f39cab011a11d47\/Pila-ukosowa-akumulatorowa-M18-FMS190-0-FUEL-18-V-Milwaukee-Srednica-tarczy-254-mm\" data-srcset=\"https:\/\/a.allegroimg.com\/s360\/1175f2\/47a557594dba9f39cab011a11d47\/Pila-ukosowa-akumulatorowa-M18-FMS190-0-FUEL-18-V-Milwaukee-Srednica-tarczy-254-mm 360w,https:\/\/a.allegroimg.com\/s720\/1175f2\/47a557594dba9f39cab011a11d47\/Pila-ukosowa-akumulatorowa-M18-FMS190-0-FUEL-18-V-Milwaukee-Srednica-tarczy-254-mm 720w,https:\/\/a.allegroimg.com\/s1024\/1175f2\/47a557594dba9f39cab011a11d47\/Pila-ukosowa-akumulatorowa-M18-FMS190-0-FUEL-18-V-Milwaukee-Srednica-tarczy-254-mm 1000w,https:\/\/a.allegroimg.com\/original\/1175f2\/47a557594dba9f39cab011a11d47\/Pila-ukosowa-akumulatorowa-M18-FMS190-0-FUEL-18-V-Milwaukee-Srednica-tarczy-254-mm 1000w\" \/><\/div>\n<\/div>\n<\/div>\n<\/div>\n<div class=\"mp4t_16_s mryx_16_s mr3m_1 mli2_1 mh85_56 mh85_0_l\">\n<div class=\"mgn2_16 _0d3bd_am0a-\">\n<p><b>\ufffd Najwa\u017cniejsze cechy:<\/b><\/p>\n<ul>\n<li><b>Bezszczotkowy silnik POWERSTATE\u2122<\/b>\u00a0\u2013 do 2\u00d7 d\u0142u\u017csza \u017cywotno\u015b\u0107 i 25% wi\u0119ksza moc w por\u00f3wnaniu do tradycyjnych silnik\u00f3w .<\/li>\n<li><b>System REDLINK PLUS\u2122<\/b>\u00a0\u2013 zaawansowana ochrona przed przeci\u0105\u017ceniem i inteligentne zarz\u0105dzanie energi\u0105 .<\/li>\n<li><b>Zasilanie REDLITHIUM\u2122<\/b>\u00a0\u2013 do 299 ci\u0119\u0107 w drewnie 38\u00d789 mm na jednym \u0142adowaniu akumulatora 5.0 Ah .<\/li>\n<li><b>Tarcza 190 mm<\/b>\u00a0\u2013 dok\u0142adne i g\u0142\u0119bokie ci\u0119cia w r\u00f3\u017cnych materia\u0142ach .<\/li>\n<li><b>Dwustronna regulacja k\u0105ta i pochylenia (do 48\u00b0)<\/b>\u00a0\u2013 \u0142atwe ustawianie dzi\u0119ki szybkozaciskowi .<\/li>\n<li><b>Lekka i kompaktowa konstrukcja<\/b>\u00a0\u2013 tylko 12,7 kg z wbudowanym uchwytem do przenoszenia .<\/li>\n<li><b>LED-owe pod\u015bwietlenie linii ci\u0119cia<\/b>\u00a0\u2013 precyzja nawet w s\u0142abym o\u015bwietleniu .<\/li>\n<li><b>Kompatybilno\u015b\u0107 z systemem M18\u2122<\/b>\u00a0\u2013 dzia\u0142a z wszystkimi akumulatorami Milwaukee M18 .<\/li>\n<\/ul>\n<\/div>\n<\/div>\n<\/div>\n<div class=\"mpof_ki myre_zn myre_8v_l m389_6m_l\">\n<div class=\"mp4t_16_s mryx_16_s mr3m_1 mli2_1 mh85_56 mh85_0_l\">\n<div class=\"mgn2_16 _0d3bd_am0a-\">\n<p><b>\ufffd Zakres ci\u0119cia:<\/b><\/p>\n<ul>\n<li>0\u00b0 mitra \/ 0\u00b0 pochylenie: 90,9 \u00d7 21,8 mm<\/li>\n<li>45\u00b0 mitra \/ 90\u00b0 pochylenie: 152,7 \u00d7 55,4 mm<\/li>\n<li>90\u00b0 mitra \/ 45\u00b0 pochylenie: 215,5 \u00d7 39,3 mm<\/li>\n<li>45\u00b0 mitra \/ 45\u00b0 pochylenie: 152,7 \u00d7 39,3 mm<\/li>\n<\/ul>\n<\/div>\n<\/div>\n<div class=\"mp4t_16_s mryx_16_s mr3m_1 mli2_1 mh85_56 mh85_0_l\">\n<div class=\"mg9e_8 mj7a_8 mg9e_0_s mvrt_0_s mj7a_0_s mh36_0_s mzmg_6m munh_16_l m3h2_16_l\">\n<div class=\"mp4t_0 mryx_0 munh_56 m3h2_56\">\n<div class=\"mp7g_oh\"><img decoding=\"async\" class=\"msub_k4 mupj_5k mjru_k4 mse2_k4 mp7g_f6 mq1m_0 mj7u_0 m7er_k4 lazyloaded\" src=\"https:\/\/2.allegroimg.com\/original\/06b073\/afd6b2324aff9a2cbb311a2304b2\/Pila-ukosowa-akumulatorowa-M18-FMS190-0-FUEL-18-V-Milwaukee-EAN-GTIN-4002395279418\" sizes=\"(min-width: 1200px) 560px, (min-width: 992px) 50vw, 100vw\" srcset=\"https:\/\/2.allegroimg.com\/s360\/06b073\/afd6b2324aff9a2cbb311a2304b2\/Pila-ukosowa-akumulatorowa-M18-FMS190-0-FUEL-18-V-Milwaukee-EAN-GTIN-4002395279418 355w,https:\/\/2.allegroimg.com\/s720\/06b073\/afd6b2324aff9a2cbb311a2304b2\/Pila-ukosowa-akumulatorowa-M18-FMS190-0-FUEL-18-V-Milwaukee-EAN-GTIN-4002395279418 711w,https:\/\/2.allegroimg.com\/s1024\/06b073\/afd6b2324aff9a2cbb311a2304b2\/Pila-ukosowa-akumulatorowa-M18-FMS190-0-FUEL-18-V-Milwaukee-EAN-GTIN-4002395279418 888w,https:\/\/2.allegroimg.com\/original\/06b073\/afd6b2324aff9a2cbb311a2304b2\/Pila-ukosowa-akumulatorowa-M18-FMS190-0-FUEL-18-V-Milwaukee-EAN-GTIN-4002395279418 888w\" alt=\"Pi\u0142a ukosowa akumulatorowa M18 FMS190-0 FUEL 18 V Milwaukee EAN (GTIN) 4002395279418\" width=\"888px\" data-src=\"https:\/\/2.allegroimg.com\/original\/06b073\/afd6b2324aff9a2cbb311a2304b2\/Pila-ukosowa-akumulatorowa-M18-FMS190-0-FUEL-18-V-Milwaukee-EAN-GTIN-4002395279418\" data-srcset=\"https:\/\/2.allegroimg.com\/s360\/06b073\/afd6b2324aff9a2cbb311a2304b2\/Pila-ukosowa-akumulatorowa-M18-FMS190-0-FUEL-18-V-Milwaukee-EAN-GTIN-4002395279418 355w,https:\/\/2.allegroimg.com\/s720\/06b073\/afd6b2324aff9a2cbb311a2304b2\/Pila-ukosowa-akumulatorowa-M18-FMS190-0-FUEL-18-V-Milwaukee-EAN-GTIN-4002395279418 711w,https:\/\/2.allegroimg.com\/s1024\/06b073\/afd6b2324aff9a2cbb311a2304b2\/Pila-ukosowa-akumulatorowa-M18-FMS190-0-FUEL-18-V-Milwaukee-EAN-GTIN-4002395279418 888w,https:\/\/2.allegroimg.com\/original\/06b073\/afd6b2324aff9a2cbb311a2304b2\/Pila-ukosowa-akumulatorowa-M18-FMS190-0-FUEL-18-V-Milwaukee-EAN-GTIN-4002395279418 888w\" \/><\/div>\n<\/div>\n<\/div>\n<\/div>\n<\/div>\n<div class=\"mpof_ki myre_zn myre_8v_l m389_6m_l\">\n<div class=\"mp4t_16_s mryx_16_s mr3m_1 mli2_1 mh85_56 mh85_0_l\">\n<div class=\"mg9e_8 mj7a_8 mg9e_0_s mvrt_0_s mj7a_0_s mh36_0_s mzmg_6m munh_16_l m3h2_16_l\">\n<div class=\"mp4t_0 mryx_0 munh_56 m3h2_56\">\n<div class=\"mp7g_oh\"><img decoding=\"async\" class=\"msub_k4 mupj_5k mjru_k4 mse2_k4 mp7g_f6 mq1m_0 mj7u_0 m7er_k4 lazyloaded\" src=\"https:\/\/a.allegroimg.com\/original\/252e7d\/8b6f958942cdb8f7daec460bda5b\/Pila-ukosowa-akumulatorowa-M18-FMS190-0-FUEL-18-V-Milwaukee-Cechy-dodatkowe-oswietlenie-posuw-silnik-bezszczotkowy\" sizes=\"(min-width: 1200px) 560px, (min-width: 992px) 50vw, 100vw\" srcset=\"https:\/\/a.allegroimg.com\/s360\/252e7d\/8b6f958942cdb8f7daec460bda5b\/Pila-ukosowa-akumulatorowa-M18-FMS190-0-FUEL-18-V-Milwaukee-Cechy-dodatkowe-oswietlenie-posuw-silnik-bezszczotkowy 360w,https:\/\/a.allegroimg.com\/s720\/252e7d\/8b6f958942cdb8f7daec460bda5b\/Pila-ukosowa-akumulatorowa-M18-FMS190-0-FUEL-18-V-Milwaukee-Cechy-dodatkowe-oswietlenie-posuw-silnik-bezszczotkowy 720w,https:\/\/a.allegroimg.com\/s1024\/252e7d\/8b6f958942cdb8f7daec460bda5b\/Pila-ukosowa-akumulatorowa-M18-FMS190-0-FUEL-18-V-Milwaukee-Cechy-dodatkowe-oswietlenie-posuw-silnik-bezszczotkowy 900w,https:\/\/a.allegroimg.com\/original\/252e7d\/8b6f958942cdb8f7daec460bda5b\/Pila-ukosowa-akumulatorowa-M18-FMS190-0-FUEL-18-V-Milwaukee-Cechy-dodatkowe-oswietlenie-posuw-silnik-bezszczotkowy 900w\" alt=\"Pi\u0142a ukosowa akumulatorowa M18 FMS190-0 FUEL 18 V Milwaukee Cechy dodatkowe o\u015bwietlenie posuw silnik bezszczotkowy\" width=\"900px\" data-src=\"https:\/\/a.allegroimg.com\/original\/252e7d\/8b6f958942cdb8f7daec460bda5b\/Pila-ukosowa-akumulatorowa-M18-FMS190-0-FUEL-18-V-Milwaukee-Cechy-dodatkowe-oswietlenie-posuw-silnik-bezszczotkowy\" data-srcset=\"https:\/\/a.allegroimg.com\/s360\/252e7d\/8b6f958942cdb8f7daec460bda5b\/Pila-ukosowa-akumulatorowa-M18-FMS190-0-FUEL-18-V-Milwaukee-Cechy-dodatkowe-oswietlenie-posuw-silnik-bezszczotkowy 360w,https:\/\/a.allegroimg.com\/s720\/252e7d\/8b6f958942cdb8f7daec460bda5b\/Pila-ukosowa-akumulatorowa-M18-FMS190-0-FUEL-18-V-Milwaukee-Cechy-dodatkowe-oswietlenie-posuw-silnik-bezszczotkowy 720w,https:\/\/a.allegroimg.com\/s1024\/252e7d\/8b6f958942cdb8f7daec460bda5b\/Pila-ukosowa-akumulatorowa-M18-FMS190-0-FUEL-18-V-Milwaukee-Cechy-dodatkowe-oswietlenie-posuw-silnik-bezszczotkowy 900w,https:\/\/a.allegroimg.com\/original\/252e7d\/8b6f958942cdb8f7daec460bda5b\/Pila-ukosowa-akumulatorowa-M18-FMS190-0-FUEL-18-V-Milwaukee-Cechy-dodatkowe-oswietlenie-posuw-silnik-bezszczotkowy 900w\" \/><\/div>\n<\/div>\n<\/div>\n<\/div>\n<div class=\"mp4t_16_s mryx_16_s mr3m_1 mli2_1 mh85_56 mh85_0_l\">\n<div class=\"mgn2_16 _0d3bd_am0a-\">\n<p><b>Zawarto\u015b\u0107 zestawu:<\/b><\/p>\n<ul>\n<li>Pi\u0142a uko\u015bnica Milwaukee M18 FMS190-0<\/li>\n<li>! (wersja bez akumulatora i \u0142adowarki) !<\/li>\n<li>Tarcza tn\u0105ca 190 mm<\/li>\n<li>Zacisk do mocowania materia\u0142u<\/li>\n<li>Worek na py\u0142<\/li>\n<li>Narz\u0119dzie do wymiany tarczy<\/li>\n<li>Opakowanie kartonowe<\/li>\n<\/ul>\n<\/div>\n<\/div>\n<\/div>\n<div class=\"mpof_ki myre_zn myre_8v_l m389_6m_l\">\n<div class=\"mp4t_16_s mryx_16_s mr3m_1 mli2_1 mh85_56 mh85_0_l\">\n<div class=\"mg9e_8 mj7a_8 mg9e_0_s mvrt_0_s mj7a_0_s mh36_0_s mzmg_6m munh_16_l m3h2_16_l\">\n<div class=\"mp4t_0 mryx_0 munh_56 m3h2_56\">\n<div class=\"mp7g_oh\"><img decoding=\"async\" class=\"msub_k4 mupj_5k mjru_k4 mse2_k4 mp7g_f6 mq1m_0 mj7u_0 m7er_k4 lazyloaded\" src=\"https:\/\/a.allegroimg.com\/original\/251bb5\/6aabb0cd48989b0139ddabcea7cd\/Pila-ukosowa-akumulatorowa-M18-FMS190-0-FUEL-18-V-Milwaukee-Szerokosc-ciecia-przy-90-stopniach-289-3-mm\" sizes=\"100vw\" srcset=\"https:\/\/a.allegroimg.com\/s360\/251bb5\/6aabb0cd48989b0139ddabcea7cd\/Pila-ukosowa-akumulatorowa-M18-FMS190-0-FUEL-18-V-Milwaukee-Szerokosc-ciecia-przy-90-stopniach-289-3-mm 360w,https:\/\/a.allegroimg.com\/s720\/251bb5\/6aabb0cd48989b0139ddabcea7cd\/Pila-ukosowa-akumulatorowa-M18-FMS190-0-FUEL-18-V-Milwaukee-Szerokosc-ciecia-przy-90-stopniach-289-3-mm 720w,https:\/\/a.allegroimg.com\/s1024\/251bb5\/6aabb0cd48989b0139ddabcea7cd\/Pila-ukosowa-akumulatorowa-M18-FMS190-0-FUEL-18-V-Milwaukee-Szerokosc-ciecia-przy-90-stopniach-289-3-mm 900w,https:\/\/a.allegroimg.com\/original\/251bb5\/6aabb0cd48989b0139ddabcea7cd\/Pila-ukosowa-akumulatorowa-M18-FMS190-0-FUEL-18-V-Milwaukee-Szerokosc-ciecia-przy-90-stopniach-289-3-mm 900w\" alt=\"Pi\u0142a ukosowa akumulatorowa M18 FMS190-0 FUEL 18 V Milwaukee Szeroko\u015b\u0107 ci\u0119cia przy 90 stopniach 289.3 mm\" width=\"900px\" data-src=\"https:\/\/a.allegroimg.com\/original\/251bb5\/6aabb0cd48989b0139ddabcea7cd\/Pila-ukosowa-akumulatorowa-M18-FMS190-0-FUEL-18-V-Milwaukee-Szerokosc-ciecia-przy-90-stopniach-289-3-mm\" data-srcset=\"https:\/\/a.allegroimg.com\/s360\/251bb5\/6aabb0cd48989b0139ddabcea7cd\/Pila-ukosowa-akumulatorowa-M18-FMS190-0-FUEL-18-V-Milwaukee-Szerokosc-ciecia-przy-90-stopniach-289-3-mm 360w,https:\/\/a.allegroimg.com\/s720\/251bb5\/6aabb0cd48989b0139ddabcea7cd\/Pila-ukosowa-akumulatorowa-M18-FMS190-0-FUEL-18-V-Milwaukee-Szerokosc-ciecia-przy-90-stopniach-289-3-mm 720w,https:\/\/a.allegroimg.com\/s1024\/251bb5\/6aabb0cd48989b0139ddabcea7cd\/Pila-ukosowa-akumulatorowa-M18-FMS190-0-FUEL-18-V-Milwaukee-Szerokosc-ciecia-przy-90-stopniach-289-3-mm 900w,https:\/\/a.allegroimg.com\/original\/251bb5\/6aabb0cd48989b0139ddabcea7cd\/Pila-ukosowa-akumulatorowa-M18-FMS190-0-FUEL-18-V-Milwaukee-Szerokosc-ciecia-przy-90-stopniach-289-3-mm 900w\" \/><\/div>\n<\/div>\n<\/div>\n<\/div>\n<\/div>\n<div class=\"mpof_ki myre_zn myre_8v_l m389_6m_l\">\n<div class=\"mp4t_16_s mryx_16_s mr3m_1 mli2_1 mh85_56 mh85_0_l\">\n<div class=\"mgn2_16 _0d3bd_am0a-\">\n<p style=\"text-align: center;\">Pi\u0142a uko\u015bnica Milwaukee M18 FMS190-0 FUEL to niezast\u0105pione narz\u0119dzie dla profesjonalist\u00f3w, kt\u00f3rzy potrzebuj\u0105 precyzyjnych ci\u0119\u0107 i mobilno\u015bci na placu budowy. Dzi\u0119ki zaawansowanej technologii i solidnej konstrukcji, zapewnia niezawodno\u015b\u0107 i wydajno\u015b\u0107 w ka\u017cdych warunkach pracy<\/p>\n<\/div>\n<\/div>\n<\/div>\n","protected":false},"excerpt":{"rendered":"<p>Milwaukee M18 FMS190-0 FUEL \u2013 Akumulatorowa Pi\u0142a Uko\u015bnica z Posuwem 190 mm (Body) Profesjonalna, mobilna i niezwykle wydajna \u2013 pi\u0142a uko\u015bnica Milwaukee M18 FMS190-0 FUEL to idealne narz\u0119dzie dla stolarzy,<\/p>\n","protected":false},"featured_media":3839,"comment_status":"open","ping_status":"closed","template":"","meta":[],"product_cat":[81],"product_tag":[],"class_list":{"0":"post-3834","1":"product","2":"type-product","3":"status-publish","4":"has-post-thumbnail","6":"product_brand-milwaukee","7":"product_cat-elektronarzedzia","9":"first","10":"instock","11":"sale","12":"shipping-taxable","13":"purchasable","14":"product-type-simple"},"aioseo_notices":[],"_links":{"self":[{"href":"https:\/\/bestlimit.pl\/index.php?rest_route=\/wp\/v2\/product\/3834","targetHints":{"allow":["GET"]}}],"collection":[{"href":"https:\/\/bestlimit.pl\/index.php?rest_route=\/wp\/v2\/product"}],"about":[{"href":"https:\/\/bestlimit.pl\/index.php?rest_route=\/wp\/v2\/types\/product"}],"replies":[{"embeddable":true,"href":"https:\/\/bestlimit.pl\/index.php?rest_route=%2Fwp%2Fv2%2Fcomments&post=3834"}],"version-history":[{"count":2,"href":"https:\/\/bestlimit.pl\/index.php?rest_route=\/wp\/v2\/product\/3834\/revisions"}],"predecessor-version":[{"id":3847,"href":"https:\/\/bestlimit.pl\/index.php?rest_route=\/wp\/v2\/product\/3834\/revisions\/3847"}],"wp:featuredmedia":[{"embeddable":true,"href":"https:\/\/bestlimit.pl\/index.php?rest_route=\/wp\/v2\/media\/3839"}],"wp:attachment":[{"href":"https:\/\/bestlimit.pl\/index.php?rest_route=%2Fwp%2Fv2%2Fmedia&parent=3834"}],"wp:term":[{"taxonomy":"product_cat","embeddable":true,"href":"https:\/\/bestlimit.pl\/index.php?rest_route=%2Fwp%2Fv2%2Fproduct_cat&post=3834"},{"taxonomy":"product_tag","embeddable":true,"href":"https:\/\/bestlimit.pl\/index.php?rest_route=%2Fwp%2Fv2%2Fproduct_tag&post=3834"}],"curies":[{"name":"wp","href":"https:\/\/api.w.org\/{rel}","templated":true}]}}