{"id":3648,"date":"2025-02-11T21:20:54","date_gmt":"2025-02-11T20:20:54","guid":{"rendered":"https:\/\/bestlimit.pl\/?page_id=3648"},"modified":"2025-02-11T21:26:46","modified_gmt":"2025-02-11T20:26:46","slug":"metody-platnosci-w-bestlimit-pl","status":"publish","type":"page","link":"https:\/\/bestlimit.pl\/?page_id=3648","title":{"rendered":"Metody p\u0142atno\u015bci w BestLimit.pl"},"content":{"rendered":"\n<p>W naszym sklepie oferujemy r\u00f3\u017cne wygodne metody p\u0142atno\u015bci, aby ka\u017cdy klient m\u00f3g\u0142 wybra\u0107 najdogodniejsz\u0105 opcj\u0119.<\/p>\n\n\n\n<h3 class=\"wp-block-heading\"><strong>1. P\u0142atno\u015b\u0107 online \u2013 bramka p\u0142atnicza Paynow<\/strong><\/h3>\n\n\n\n<figure class=\"wp-block-image size-large is-resized\"><img decoding=\"async\" src=\"https:\/\/emedyczny.com\/public\/upload\/editor\/wkw37h\/paynow.png\" alt=\"\" style=\"width:178px;height:auto\"\/><\/figure>\n\n\n\n<p>Dzi\u0119ki bramce p\u0142atniczej <strong>Paynow<\/strong>, obs\u0142ugiwanej przez <strong>mBank<\/strong>, mo\u017cesz szybko i bezpiecznie zap\u0142aci\u0107 za zam\u00f3wienie. Paynow obs\u0142uguje:<\/p>\n\n\n\n<ul class=\"wp-block-list\">\n<li>BLIK,<\/li>\n\n\n\n<li>szybkie przelewy online,<\/li>\n\n\n\n<li>karty p\u0142atnicze Visa i Mastercard.<\/li>\n<\/ul>\n\n\n\n<h3 class=\"wp-block-heading\"><strong>2. P\u0142atno\u015b\u0107 odroczona \u2013 PayPo<\/strong><\/h3>\n\n\n\n<figure class=\"wp-block-image size-large is-resized\"><img decoding=\"async\" src=\"https:\/\/encrypted-tbn0.gstatic.com\/images?q=tbn:ANd9GcR_-drQrYg4TErj2E-0tOpM1ouJRrYJ0FikPA&amp;s\" alt=\"\" style=\"width:203px;height:auto\"\/><\/figure>\n\n\n\n<p>Dzi\u0119ki us\u0142udze <strong>PayPo<\/strong> mo\u017cesz zrobi\u0107 zakupy teraz i zap\u0142aci\u0107 za nie do <strong>30 dni p\u00f3\u017aniej<\/strong>, bez dodatkowych koszt\u00f3w! Je\u015bli zdecydujesz si\u0119 zap\u0142aci\u0107 p\u00f3\u017aniej, PayPo oferuje r\u00f3wnie\u017c roz\u0142o\u017cenie p\u0142atno\u015bci na raty.<\/p>\n\n\n\n<h3 class=\"wp-block-heading\"><strong>3. Zakupy na raty \u2013 Cr\u00e9dit Agricole Raty<\/strong><\/h3>\n\n\n\n<figure class=\"wp-block-image size-large is-resized\"><img decoding=\"async\" src=\"https:\/\/logos-world.net\/wp-content\/uploads\/2021\/04\/Credit-Agricole-Logo.jpg\" alt=\"\" style=\"width:196px;height:auto\"\/><\/figure>\n\n\n\n<p>Wsp\u00f3\u0142pracujemy z bankiem <strong>Cr\u00e9dit Agricole<\/strong>, oferuj\u0105c wygodne <strong>raty online<\/strong>. Mo\u017cesz podzieli\u0107 p\u0142atno\u015b\u0107 na <strong>dogodne miesi\u0119czne raty<\/strong>, dostosowane do Twojego bud\u017cetu. Proces wnioskowania jest szybki i odbywa si\u0119 ca\u0142kowicie online.<\/p>\n","protected":false},"excerpt":{"rendered":"<p>W naszym sklepie oferujemy r\u00f3\u017cne wygodne metody p\u0142atno\u015bci, aby ka\u017cdy klient m\u00f3g\u0142 wybra\u0107 najdogodniejsz\u0105 opcj\u0119. 1. P\u0142atno\u015b\u0107 online \u2013 bramka p\u0142atnicza Paynow Dzi\u0119ki bramce p\u0142atniczej Paynow, obs\u0142ugiwanej przez mBank, mo\u017cesz<\/p>\n","protected":false},"author":1,"featured_media":0,"parent":0,"menu_order":0,"comment_status":"closed","ping_status":"closed","template":"","meta":{"footnotes":""},"class_list":["post-3648","page","type-page","status-publish","hentry"],"aioseo_notices":[],"_links":{"self":[{"href":"https:\/\/bestlimit.pl\/index.php?rest_route=\/wp\/v2\/pages\/3648","targetHints":{"allow":["GET"]}}],"collection":[{"href":"https:\/\/bestlimit.pl\/index.php?rest_route=\/wp\/v2\/pages"}],"about":[{"href":"https:\/\/bestlimit.pl\/index.php?rest_route=\/wp\/v2\/types\/page"}],"author":[{"embeddable":true,"href":"https:\/\/bestlimit.pl\/index.php?rest_route=\/wp\/v2\/users\/1"}],"replies":[{"embeddable":true,"href":"https:\/\/bestlimit.pl\/index.php?rest_route=%2Fwp%2Fv2%2Fcomments&post=3648"}],"version-history":[{"count":2,"href":"https:\/\/bestlimit.pl\/index.php?rest_route=\/wp\/v2\/pages\/3648\/revisions"}],"predecessor-version":[{"id":3651,"href":"https:\/\/bestlimit.pl\/index.php?rest_route=\/wp\/v2\/pages\/3648\/revisions\/3651"}],"wp:attachment":[{"href":"https:\/\/bestlimit.pl\/index.php?rest_route=%2Fwp%2Fv2%2Fmedia&parent=3648"}],"curies":[{"name":"wp","href":"https:\/\/api.w.org\/{rel}","templated":true}]}}