{"id":3417,"date":"2023-05-31T21:17:34","date_gmt":"2023-05-31T21:17:34","guid":{"rendered":"https:\/\/digitek.themejr.net\/home1\/my-account\/"},"modified":"2023-05-31T21:17:34","modified_gmt":"2023-05-31T21:17:34","slug":"my-account","status":"publish","type":"page","link":"https:\/\/bestlimit.pl\/?page_id=3417","title":{"rendered":"My account"},"content":{"rendered":"<div class=\"woocommerce\"><div class=\"woocommerce-notices-wrapper\"><\/div>\n<div class=\"digitek-login-signup\" id=\"customer_login\">\n\t<div class=\"customer-login active\">\n\t\t<div class=\"customer-login-left\">\n\t\t\t<h2>Login<\/h2>\t\t\t\n\t\t\t<p><span style=\"vertical-align: inherit;\"><span style=\"vertical-align: inherit;\">Uzyskaj dost\u0119p do swoich zam\u00f3wie\u0144, list \u017cycze\u0144 i rekomendacji.<\/span><\/span><\/p>\n\t\t\t\n\t\t\t\t\t\t\n\t\t<\/div>\t\t\n\t\t<div class=\"customer-login-right\">\n\t\t\t<form class=\"woocommerce-form woocommerce-form-login login\" method=\"post\" action=\"https:\/\/bestlimit.pl\/?page_id=3417\">\n\n\t\t\t\t<div class=\"googlesitekit-sign-in-with-google__frontend-output-button woocommerce-form-row form-row\"><\/div>\n\t\t\t\t<p class=\"woocommerce-form-row woocommerce-form-row--wide form-row form-row-wide\">\t\t\t\t\t\n\t\t\t\t\t<input type=\"text\" class=\"woocommerce-Input woocommerce-Input--text input-text\" name=\"username\" id=\"username\" autocomplete=\"username\" placeholder=\"Enter Username\/Email address\" value=\"\" \/>\t\t\t\t<\/p>\n\t\t\t\t<p class=\"woocommerce-form-row woocommerce-form-row--wide form-row form-row-wide\">\t\t\t\t\t\n\t\t\t\t\t<input class=\"woocommerce-Input woocommerce-Input--text input-text\" type=\"password\" name=\"password\" id=\"password\" placeholder=\"Enter Password\" autocomplete=\"current-password\" \/>\n\t\t\t\t<\/p>\n\n\t\t\t\t\n\t\t\t\t<p class=\"form-row woocommerce-rememberme-lost_password\">\n\t\t\t\t\t\t<label class=\"woocommerce-form__label woocommerce-form__label-for-checkbox woocommerce-form-login__rememberme\">\n\t\t\t\t\t\t<input class=\"woocommerce-form__input woocommerce-form__input-checkbox\" name=\"rememberme\" type=\"checkbox\" id=\"rememberme\" value=\"forever\" \/> <span>Remember me<\/span>\n\t\t\t\t\t<\/label>\n\t\t\t\t\t<a class=\"woocommerce-LostPassword\" href=\"https:\/\/bestlimit.pl\/?page_id=3417&#038;lost-password\">Lost your password?<\/a>\n\t\t\t\t<\/p>\n\t\t\t\t\n\t\t\t\t<p class=\"woocommerce-login-button\">\n\t\t\t\t\t<input type=\"hidden\" id=\"woocommerce-login-nonce\" name=\"woocommerce-login-nonce\" value=\"fc57fa0823\" \/><input type=\"hidden\" name=\"_wp_http_referer\" value=\"\/index.php?rest_route=%2Fwp%2Fv2%2Fpages%2F3417\" \/>\t\t\t\t\t<button type=\"submit\" class=\"woocommerce-button button woocommerce-form-login__submit\" name=\"login\" value=\"Log in\">Log in<\/button>\t\t\t\t\n\t\t\t\t<\/p>\n\t\t\t\t\t\t\t\t\n\t\t\t\t\t\t\t\t\n\n\t\t\t<\/form>\n\t\t<\/div>\n\t<\/div>\n\t\n\t<\/div>\n\n<\/div>\n","protected":false},"excerpt":{"rendered":"","protected":false},"author":1,"featured_media":0,"parent":0,"menu_order":0,"comment_status":"closed","ping_status":"closed","template":"","meta":{"footnotes":""},"class_list":["post-3417","page","type-page","status-publish","hentry"],"aioseo_notices":[],"_links":{"self":[{"href":"https:\/\/bestlimit.pl\/index.php?rest_route=\/wp\/v2\/pages\/3417","targetHints":{"allow":["GET"]}}],"collection":[{"href":"https:\/\/bestlimit.pl\/index.php?rest_route=\/wp\/v2\/pages"}],"about":[{"href":"https:\/\/bestlimit.pl\/index.php?rest_route=\/wp\/v2\/types\/page"}],"author":[{"embeddable":true,"href":"https:\/\/bestlimit.pl\/index.php?rest_route=\/wp\/v2\/users\/1"}],"replies":[{"embeddable":true,"href":"https:\/\/bestlimit.pl\/index.php?rest_route=%2Fwp%2Fv2%2Fcomments&post=3417"}],"version-history":[{"count":1,"href":"https:\/\/bestlimit.pl\/index.php?rest_route=\/wp\/v2\/pages\/3417\/revisions"}],"predecessor-version":[{"id":3688,"href":"https:\/\/bestlimit.pl\/index.php?rest_route=\/wp\/v2\/pages\/3417\/revisions\/3688"}],"wp:attachment":[{"href":"https:\/\/bestlimit.pl\/index.php?rest_route=%2Fwp%2Fv2%2Fmedia&parent=3417"}],"curies":[{"name":"wp","href":"https:\/\/api.w.org\/{rel}","templated":true}]}}