{"id":3415,"date":"2023-05-31T21:17:34","date_gmt":"2023-05-31T21:17:34","guid":{"rendered":"https:\/\/digitek.themejr.net\/home1\/cart\/"},"modified":"2025-02-02T21:43:51","modified_gmt":"2025-02-02T20:43:51","slug":"cart","status":"publish","type":"page","link":"https:\/\/bestlimit.pl\/?page_id=3415","title":{"rendered":"Cart"},"content":{"rendered":"<div class=\"woocommerce\"><div class=\"woocommerce-notices-wrapper\"><\/div>\t\t<div class=\"woocommerce-cart-wrapper\">\n\t\n<form class=\"woocommerce-cart-form\" action=\"https:\/\/bestlimit.pl\/?page_id=3415\" method=\"post\">\n\t\n\t<table class=\"shop_table shop_table_responsive cart woocommerce-cart-form__contents\" cellspacing=\"0\">\n\t\t<thead>\n\t\t\t<tr>\n\t\t\t\t<th class=\"product-remove\"><span class=\"screen-reader-text\">Usu\u0144<\/span><\/th>\n\t\t\t\t<th class=\"product-thumbnail\"><span class=\"screen-reader-text\">Miniatura<\/span><\/th>\n\t\t\t\t<th scope=\"col\" class=\"product-name\">Produkt<\/th>\n\t\t\t\t<th scope=\"col\" class=\"product-price\">Cena<\/th>\n\t\t\t\t<th scope=\"col\" class=\"product-quantity\">Ilo\u015b\u0107<\/th>\n\t\t\t\t<th scope=\"col\" class=\"product-subtotal\">Kwota<\/th>\n\t\t\t<\/tr>\n\t\t<\/thead>\n\t\t<tbody>\n\t\t\t\n\t\t\t\t\t\t\t\t<tr class=\"woocommerce-cart-form__cart-item cart_item\">\n\n\t\t\t\t\t\t<td class=\"product-remove\">\n\t\t\t\t\t\t\t<a role=\"button\" href=\"https:\/\/bestlimit.pl\/?page_id=3415&#038;remove_item=6693a7aacb8a2e74c6f5fe91bc39864b&#038;_wpnonce=a15ab68afa\" class=\"remove\" aria-label=\"Usu\u0144 G\u0142o\u015bnik przeno\u015bny JBL PartyBox Encore czarny 100 W na Prezent z koszyka\" data-product_id=\"4010\" data-product_sku=\"\">&times;<\/a>\t\t\t\t\t\t<\/td>\n\n\t\t\t\t\t\t<td class=\"product-thumbnail\">\n\t\t\t\t\t\t<a href=\"https:\/\/bestlimit.pl\/?product=glosnik-przenosny-jbl-partybox-encore-czarny-100-w-na-prezent\"><img fetchpriority=\"high\" decoding=\"async\" width=\"300\" height=\"300\" src=\"https:\/\/bestlimit.pl\/wp-content\/uploads\/2025\/12\/Glosnik-przenosny-JBL-PartyBox-Encore-czarny-100-W-na-Prezent-Stan-opakowania-oryginalne-300x300.jpg\" class=\"attachment-woocommerce_thumbnail size-woocommerce_thumbnail\" alt=\"G\u0142o\u015bnik przeno\u015bny JBL PartyBox Encore czarny 100 W na Prezent\" srcset=\"https:\/\/bestlimit.pl\/wp-content\/uploads\/2025\/12\/Glosnik-przenosny-JBL-PartyBox-Encore-czarny-100-W-na-Prezent-Stan-opakowania-oryginalne-300x300.jpg 300w, https:\/\/bestlimit.pl\/wp-content\/uploads\/2025\/12\/Glosnik-przenosny-JBL-PartyBox-Encore-czarny-100-W-na-Prezent-Stan-opakowania-oryginalne-150x150.jpg 150w\" sizes=\"(max-width: 300px) 100vw, 300px\" \/><\/a>\t\t\t\t\t\t<\/td>\n\n\t\t\t\t\t\t<td scope=\"row\" role=\"rowheader\" class=\"product-name\" data-title=\"Produkt\">\n\t\t\t\t\t\t<a href=\"https:\/\/bestlimit.pl\/?product=glosnik-przenosny-jbl-partybox-encore-czarny-100-w-na-prezent\">G\u0142o\u015bnik przeno\u015bny JBL PartyBox Encore czarny 100 W na Prezent<\/a>\t\t\t\t\t\t<\/td>\n\n\t\t\t\t\t\t<td class=\"product-price\" data-title=\"Cena\">\n\t\t\t\t\t\t\t<span class=\"woocommerce-Price-amount amount\"><bdi>829,99&nbsp;<span class=\"woocommerce-Price-currencySymbol\">&#122;&#322;<\/span><\/bdi><\/span>\t\t\t\t\t\t<\/td>\n\n\t\t\t\t\t\t<td class=\"product-quantity\" data-title=\"Ilo\u015b\u0107\">\n\t\t\t\t\t\t\t<div class=\"quantity\">\n\t\t\t\t<input type=\"button\" value=\"-\" class=\"minus\" \/>\n\t\t\t<label class=\"screen-reader-text\" for=\"quantity_6a0209ed89d4a\">G\u0142o\u015bnik przeno\u015bny JBL PartyBox Encore czarny 100 W na Prezent quantity<\/label>\n\t\t<input\n\t\t\ttype=\"number\"\n\t\t\t\t\t\tid=\"quantity_6a0209ed89d4a\"\n\t\t\tclass=\"input-text qty text\"\n\t\t\tname=\"cart[6693a7aacb8a2e74c6f5fe91bc39864b][qty]\"\n\t\t\tvalue=\"1\"\n\t\t\ttitle=\"Qty\"\n\t\t\taria-label=\"Product quantity\"\n\t\t\tsize=\"4\"\n\t\t\tmin=\"0\"\n\t\t\tmax=\"\"\n\t\t\t\t\t\t\tstep=\"1\"\n\t\t\t\tplaceholder=\"\"\n\t\t\t\tinputmode=\"numeric\"\n\t\t\t\tautocomplete=\"off\"\n\t\t\t\t\t\/>\n\t\t\t\t<input type=\"button\" value=\"+\" class=\"plus\" \/>\n\t\t<\/div> \t\t\t\t\t\t<\/td>\n\n\t\t\t\t\t\t<td class=\"product-subtotal\" data-title=\"Kwota\">\n\t\t\t\t\t\t\t<span class=\"woocommerce-Price-amount amount\"><bdi>829,99&nbsp;<span class=\"woocommerce-Price-currencySymbol\">&#122;&#322;<\/span><\/bdi><\/span>\t\t\t\t\t\t<\/td>\n\t\t\t\t\t<\/tr>\n\t\t\t\t\t\n\t\t\t\n\t\t\t<tr>\n\t\t\t\t<td colspan=\"6\" class=\"actions\">\n\n\t\t\t\t\t\t\t\t\t\t\t<div class=\"coupon\">\n\t\t\t\t\t\t\t<label for=\"coupon_code\" class=\"screen-reader-text\">Kupon:<\/label> <input type=\"text\" name=\"coupon_code\" class=\"input-text\" id=\"coupon_code\" value=\"\" placeholder=\"Kod kuponu\" \/> <button type=\"submit\" class=\"button\" name=\"apply_coupon\" value=\"Wykorzystaj kupon\">Wykorzystaj kupon<\/button>\n\t\t\t\t\t\t\t\t\t\t\t\t\t<\/div>\n\t\t\t\t\t\n\t\t\t\t\t<button type=\"submit\" class=\"button\" name=\"update_cart\" value=\"Zaktualizuj koszyk\">Zaktualizuj koszyk<\/button>\n\n\t\t\t\t\t\n\t\t\t\t\t<input type=\"hidden\" id=\"woocommerce-cart-nonce\" name=\"woocommerce-cart-nonce\" value=\"a15ab68afa\" \/><input type=\"hidden\" name=\"_wp_http_referer\" value=\"\/index.php?rest_route=%2Fwp%2Fv2%2Fpages%2F3415\" \/>\t\t\t\t<\/td>\n\t\t\t<\/tr>\n\n\t\t\t\t\t<\/tbody>\n\t<\/table>\n\t<\/form>\n\n\n<div class=\"cart-collaterals\">\n\t<div class=\"cart_totals \">\n\n\t\n\t<h2>Podsumowanie koszyka<\/h2>\n\n\t<table cellspacing=\"0\" class=\"shop_table shop_table_responsive\">\n\n\t\t<tr class=\"cart-subtotal\">\n\t\t\t<th>Kwota<\/th>\n\t\t\t<td data-title=\"Kwota\"><span class=\"woocommerce-Price-amount amount\"><bdi>829,99&nbsp;<span class=\"woocommerce-Price-currencySymbol\">&#122;&#322;<\/span><\/bdi><\/span><\/td>\n\t\t<\/tr>\n\n\t\t\n\t\t\n\t\t\t\n\t\t\t<tr class=\"woocommerce-shipping-totals shipping\">\n\t<th>Przesy\u0142ka<\/th>\n\t<td data-title=\"Przesy\u0142ka\">\n\t\t\t\t\t<ul id=\"shipping_method\" class=\"woocommerce-shipping-methods\">\n\t\t\t\t\t\t\t\t\t<li>\n\t\t\t\t\t\t<input type=\"hidden\" name=\"shipping_method[0]\" data-index=\"0\" id=\"shipping_method_0_free_shipping1\" value=\"free_shipping:1\" class=\"shipping_method\" \/><label for=\"shipping_method_0_free_shipping1\">Darmowa wysy\u0142ka - Kurier DPD<\/label>\t\t\t\t\t<\/li>\n\t\t\t\t\t\t\t<\/ul>\n\t\t\t\t\t\t\t<p class=\"woocommerce-shipping-destination\">\n\t\t\t\t\tMetody wysy\u0142ki zostan\u0105 zaktualizowane podczas sk\u0142adania zam\u00f3wienia.\t\t\t\t<\/p>\n\t\t\t\t\t\t\n\t\t\n\t\t\t\t\t\n<form class=\"woocommerce-shipping-calculator\" action=\"https:\/\/bestlimit.pl\/?page_id=3415\" method=\"post\">\n\n\t<a href=\"#\" class=\"shipping-calculator-button\" aria-expanded=\"false\" aria-controls=\"shipping-calculator-form\" role=\"button\">Oblicz koszty wysy\u0142ki<\/a>\n\t<section class=\"shipping-calculator-form\" id=\"shipping-calculator-form\" style=\"display:none;\">\n\n\t\t\t\t\t<p class=\"form-row form-row-wide\" id=\"calc_shipping_country_field\">\n\t\t\t\t<label for=\"calc_shipping_country\">Kraj \/ region<\/label>\n\t\t\t\t<select name=\"calc_shipping_country\" id=\"calc_shipping_country\" class=\"country_to_state country_select\" rel=\"calc_shipping_state\">\n\t\t\t\t\t<option value=\"default\">Wybierz kraj\/region&hellip;<\/option>\n\t\t\t\t\t<option value=\"PL\" selected='selected'>Polska<\/option>\t\t\t\t<\/select>\n\t\t\t<\/p>\n\t\t\n\t\t\t\t\t<p class=\"form-row form-row-wide\" id=\"calc_shipping_state_field\">\n\t\t\t\t\t\t\t\t\t<input type=\"hidden\" name=\"calc_shipping_state\" id=\"calc_shipping_state\" \/>\n\t\t\t\t\t\t\t\t<\/p>\n\t\t\n\t\t\t\t\t<p class=\"form-row form-row-wide\" id=\"calc_shipping_city_field\">\n\t\t\t\t<label for=\"calc_shipping_city\">Miejscowo\u015b\u0107:<\/label>\n\t\t\t\t<input type=\"text\" class=\"input-text\" value=\"\" name=\"calc_shipping_city\" id=\"calc_shipping_city\" \/>\n\t\t\t<\/p>\n\t\t\n\t\t\t\t\t<p class=\"form-row form-row-wide\" id=\"calc_shipping_postcode_field\">\n\t\t\t\t<label for=\"calc_shipping_postcode\">Kod pocztowy:<\/label>\n\t\t\t\t<input type=\"text\" class=\"input-text\" value=\"\" name=\"calc_shipping_postcode\" id=\"calc_shipping_postcode\" \/>\n\t\t\t<\/p>\n\t\t\n\t\t<p><button type=\"submit\" name=\"calc_shipping\" value=\"1\" class=\"button\">Aktualizuj<\/button><\/p>\n\t\t<input type=\"hidden\" id=\"woocommerce-shipping-calculator-nonce\" name=\"woocommerce-shipping-calculator-nonce\" value=\"2158df6b32\" \/><input type=\"hidden\" name=\"_wp_http_referer\" value=\"\/index.php?rest_route=%2Fwp%2Fv2%2Fpages%2F3415\" \/>\t<\/section>\n<\/form>\n\n\t\t\t<\/td>\n<\/tr>\n\n\t\t\t\n\t\t\n\t\t\n\t\t\n\t\t\n\t\t<tr class=\"order-total\">\n\t\t\t<th>\u0141\u0105cznie<\/th>\n\t\t\t<td data-title=\"\u0141\u0105cznie\"><strong><span class=\"woocommerce-Price-amount amount\"><bdi>829,99&nbsp;<span class=\"woocommerce-Price-currencySymbol\">&#122;&#322;<\/span><\/bdi><\/span><\/strong> <\/td>\n\t\t<\/tr>\n\n\t\t\n\t<\/table>\n\n\t<div class=\"wc-proceed-to-checkout\">\n\t\t\n<a href=\"https:\/\/bestlimit.pl\/?page_id=3416\" class=\"checkout-button button alt wc-forward\">\n\tPrzejd\u017a do p\u0142atno\u015bci<\/a>\n\t<\/div>\n\n\t\n<\/div>\n<\/div>\n\n\t\t<\/div>\n\t<\/div>\n","protected":false},"excerpt":{"rendered":"","protected":false},"author":1,"featured_media":0,"parent":0,"menu_order":0,"comment_status":"closed","ping_status":"closed","template":"","meta":{"footnotes":""},"class_list":["post-3415","page","type-page","status-publish","hentry"],"aioseo_notices":[],"_links":{"self":[{"href":"https:\/\/bestlimit.pl\/index.php?rest_route=\/wp\/v2\/pages\/3415","targetHints":{"allow":["GET"]}}],"collection":[{"href":"https:\/\/bestlimit.pl\/index.php?rest_route=\/wp\/v2\/pages"}],"about":[{"href":"https:\/\/bestlimit.pl\/index.php?rest_route=\/wp\/v2\/types\/page"}],"author":[{"embeddable":true,"href":"https:\/\/bestlimit.pl\/index.php?rest_route=\/wp\/v2\/users\/1"}],"replies":[{"embeddable":true,"href":"https:\/\/bestlimit.pl\/index.php?rest_route=%2Fwp%2Fv2%2Fcomments&post=3415"}],"version-history":[{"count":1,"href":"https:\/\/bestlimit.pl\/index.php?rest_route=\/wp\/v2\/pages\/3415\/revisions"}],"predecessor-version":[{"id":3467,"href":"https:\/\/bestlimit.pl\/index.php?rest_route=\/wp\/v2\/pages\/3415\/revisions\/3467"}],"wp:attachment":[{"href":"https:\/\/bestlimit.pl\/index.php?rest_route=%2Fwp%2Fv2%2Fmedia&parent=3415"}],"curies":[{"name":"wp","href":"https:\/\/api.w.org\/{rel}","templated":true}]}}